{"id":6819,"date":"2024-07-10T09:24:12","date_gmt":"2024-07-10T09:24:12","guid":{"rendered":"https:\/\/greenco-project.eu\/?page_id=6819"},"modified":"2024-07-10T10:26:54","modified_gmt":"2024-07-10T10:26:54","slug":"risultati","status":"publish","type":"page","link":"https:\/\/greenco-project.eu\/it\/risultati\/","title":{"rendered":"Risultati"},"content":{"rendered":"\t\t<div data-elementor-type=\"wp-page\" data-elementor-id=\"6819\" class=\"elementor elementor-6819 elementor-6806\">\n\t\t\t\t\t\t\t\t\t<section class=\"elementor-section elementor-top-section elementor-element elementor-element-0227675 elementor-section-full_width elementor-section-stretched elementor-section-height-default elementor-section-height-default\" data-id=\"0227675\" data-element_type=\"section\" data-settings=\"{&quot;stretch_section&quot;:&quot;section-stretched&quot;,&quot;background_background&quot;:&quot;classic&quot;}\">\n\t\t\t\t\t\t\t<div class=\"elementor-background-overlay\"><\/div>\n\t\t\t\t\t\t\t<div class=\"elementor-container elementor-column-gap-no\">\n\t\t\t\t\t<div class=\"elementor-column elementor-col-100 elementor-top-column elementor-element elementor-element-858c19e\" data-id=\"858c19e\" data-element_type=\"column\">\n\t\t\t<div class=\"elementor-widget-wrap elementor-element-populated\">\n\t\t\t\t\t\t\t\t<div class=\"elementor-element elementor-element-7c0caff elementor-widget elementor-widget-heading\" data-id=\"7c0caff\" data-element_type=\"widget\" data-widget_type=\"heading.default\">\n\t\t\t\t<div class=\"elementor-widget-container\">\n\t\t\t<style>\/*! elementor - v3.13.3 - 28-05-2023 *\/\n.elementor-heading-title{padding:0;margin:0;line-height:1}.elementor-widget-heading .elementor-heading-title[class*=elementor-size-]>a{color:inherit;font-size:inherit;line-height:inherit}.elementor-widget-heading .elementor-heading-title.elementor-size-small{font-size:15px}.elementor-widget-heading .elementor-heading-title.elementor-size-medium{font-size:19px}.elementor-widget-heading .elementor-heading-title.elementor-size-large{font-size:29px}.elementor-widget-heading .elementor-heading-title.elementor-size-xl{font-size:39px}.elementor-widget-heading .elementor-heading-title.elementor-size-xxl{font-size:59px}<\/style><h1 class=\"elementor-heading-title elementor-size-default\">Risultati<\/h1>\t\t<\/div>\n\t\t\t\t<\/div>\n\t\t\t\t\t<\/div>\n\t\t<\/div>\n\t\t\t\t\t\t\t<\/div>\n\t\t<\/section>\n\t\t\t\t<section class=\"elementor-section elementor-top-section elementor-element elementor-element-18157cd elementor-section-boxed elementor-section-height-default elementor-section-height-default\" data-id=\"18157cd\" data-element_type=\"section\">\n\t\t\t\t\t\t<div class=\"elementor-container elementor-column-gap-default\">\n\t\t\t\t\t<div class=\"elementor-column elementor-col-100 elementor-top-column elementor-element elementor-element-34804c1\" data-id=\"34804c1\" data-element_type=\"column\">\n\t\t\t<div class=\"elementor-widget-wrap elementor-element-populated\">\n\t\t\t\t\t\t\t\t<div class=\"elementor-element elementor-element-4e2d63b elementor-widget elementor-widget-heading\" data-id=\"4e2d63b\" data-element_type=\"widget\" data-widget_type=\"heading.default\">\n\t\t\t\t<div class=\"elementor-widget-container\">\n\t\t\t<h2 class=\"elementor-heading-title elementor-size-default\">Ebook<\/h2>\t\t<\/div>\n\t\t\t\t<\/div>\n\t\t\t\t<div class=\"elementor-element elementor-element-d86e245 elementor-widget elementor-widget-text-editor\" data-id=\"d86e245\" data-element_type=\"widget\" data-widget_type=\"text-editor.default\">\n\t\t\t\t<div class=\"elementor-widget-container\">\n\t\t\t<style>\/*! elementor - v3.13.3 - 28-05-2023 *\/\n.elementor-widget-text-editor.elementor-drop-cap-view-stacked .elementor-drop-cap{background-color:#69727d;color:#fff}.elementor-widget-text-editor.elementor-drop-cap-view-framed .elementor-drop-cap{color:#69727d;border:3px solid;background-color:transparent}.elementor-widget-text-editor:not(.elementor-drop-cap-view-default) .elementor-drop-cap{margin-top:8px}.elementor-widget-text-editor:not(.elementor-drop-cap-view-default) .elementor-drop-cap-letter{width:1em;height:1em}.elementor-widget-text-editor .elementor-drop-cap{float:left;text-align:center;line-height:1;font-size:50px}.elementor-widget-text-editor .elementor-drop-cap-letter{display:inline-block}<\/style>\t\t\t\t<p>L&#8217;eBook del progetto GreenCo, intitolato &#8220;La minaccia invisibile: rifiuti elettronici e inquinamento digitale&#8221;, si concentra su quattro punti principali: consumo energetico, riciclaggio dei rifiuti elettronici, iniziative di consumo responsabile e legislazione ambientale.<\/p>\n<p>Vediamo brevemente in cosa consistono i quattro capitoli:<\/p>\n<ol style=\"margin-block: 24px;\">\n  <li><b>Consumo energetico:<\/b> Questo capitolo analizza l&#8217;impatto energetico delle nostre attivit\u00e0 digitali sia nell&#8217;industria che nelle famiglie, offrendo strategie pratiche per ridurre il consumo energetico e minimizzare l&#8217;impronta di carbonio.<\/li>\n  <li><b>Riciclaggio dei rifiuti elettronici:<\/b> Questo capitolo illustra le varie categorie di rifiuti elettronici e l&#8217;importanza del loro riciclaggio. Vengono forniti suggerimenti su come gestire i rifiuti elettronici in modo responsabile a livello personale.<\/li>\n  <li><b>Iniziative di consumo responsabile:<\/b> Per evidenziare i casi di successo delle iniziative, abbiamo raccolto alcune iniziative portate avanti con successo da diversi attori, che speriamo possano ispirare altri ad applicarle nelle loro aree e a spingerli ad adottare abitudini di consumo pi\u00f9 responsabili.<\/li>\n  <li><b>Legislazione ambientale:<\/b> Questo capitolo fornisce una panoramica della legislazione europea fino al 2022 in materia di protezione ambientale, con particolare attenzione alla riduzione dell&#8217;energia, all&#8217;uso di energia verde, alla produzione di TIC e alla riduzione dei rifiuti elettronici.<\/li>\n<\/ol>\n<p>L&#8217;eBook include anche raccomandazioni per l&#8217;adozione di azioni sostenibili nella vita di tutti i giorni, consentendo ai lettori di diventare sostenitori di pratiche ecologiche e di sensibilizzare le loro comunit\u00e0.<\/p>\n<p>Per maggiori dettagli e per scaricare l&#8217;eBook, \u00e8 possibile visitare il sito ufficiale del progetto GreenCo all&#8217;indirizzo <a href=\"https:\/\/greenco-project.eu\">https:\/\/greenco-project.eu<\/a><\/p>\n\t\t\t\t\t\t<\/div>\n\t\t\t\t<\/div>\n\t\t\t\t\t<\/div>\n\t\t<\/div>\n\t\t\t\t\t\t\t<\/div>\n\t\t<\/section>\n\t\t\t\t<section class=\"elementor-section elementor-top-section elementor-element elementor-element-dcf81bd elementor-section-boxed elementor-section-height-default elementor-section-height-default\" data-id=\"dcf81bd\" data-element_type=\"section\">\n\t\t\t\t\t\t<div class=\"elementor-container elementor-column-gap-default\">\n\t\t\t\t\t<div class=\"elementor-column elementor-col-100 elementor-top-column elementor-element elementor-element-4d70e97\" data-id=\"4d70e97\" data-element_type=\"column\">\n\t\t\t<div class=\"elementor-widget-wrap elementor-element-populated\">\n\t\t\t\t\t\t\t\t<div class=\"elementor-element elementor-element-8104102 elementor-widget elementor-widget-heading\" data-id=\"8104102\" data-element_type=\"widget\" data-widget_type=\"heading.default\">\n\t\t\t\t<div class=\"elementor-widget-container\">\n\t\t\t<h2 class=\"elementor-heading-title elementor-size-default\">APP<\/h2>\t\t<\/div>\n\t\t\t\t<\/div>\n\t\t\t\t<div class=\"elementor-element elementor-element-10febdb elementor-widget elementor-widget-text-editor\" data-id=\"10febdb\" data-element_type=\"widget\" data-widget_type=\"text-editor.default\">\n\t\t\t\t<div class=\"elementor-widget-container\">\n\t\t\t\t\t\t\t<p>L&#8217;applicazione mobile del progetto GreenCo \u00e8 uno strumento innovativo pensato per promuovere un uso responsabile della tecnologia e ridurre l&#8217;inquinamento digitale. L&#8217;applicazione, sviluppata nell&#8217;ambito del programma Erasmus+ dell&#8217;Unione Europea, mira a sensibilizzare gli utenti sull&#8217;impatto ambientale dell&#8217;uso eccessivo di dati e a offrire soluzioni pratiche per ridurlo al minimo.<\/p>\n<p>L&#8217;obiettivo \u00e8 sviluppare un&#8217;applicazione che contribuisca a sensibilizzare gli utenti di et\u00e0 compresa tra i 15 e i 29 anni sul tema del green computing. Data l&#8217;et\u00e0 del pubblico target, il modo pi\u00f9 efficace per attirare la sua attenzione \u00e8 aggiungere la gamification alla presentazione dei contenuti. L&#8217;insegnamento e la valutazione sono presentati in modalit\u00e0 di gioco, incoraggiando l&#8217;utente a progredire attraverso i diversi passaggi e aspetti del percorso di apprendimento e informazione. L&#8217;applicazione presenta alcuni aspetti innovativi:<\/p>\n<ul>\n  <li><b>Gamification:<\/b> l&#8217;applicazione presenter\u00e0 consigli di green computing che contribuiranno ad aumentare la conoscenza e la consapevolezza delle azioni che i semplici utenti IT possono applicare nel loro uso quotidiano della tecnologia.<\/li>\n  <li><b>Tempismo:<\/b> l&#8217;applicazione aggiunger\u00e0 giochi come una scape room in cui gli utenti dovranno interagire con l&#8217;ambiente risolvendo quiz, mettendo alla prova le loro conoscenze sul green computing o prendendo decisioni in situazioni e contesti che potrebbero sperimentare quotidianamente. Quando le risposte o le decisioni non sono valide, l&#8217;utente subisce una penalit\u00e0 nel gioco mentre, allo stesso tempo, il gioco visualizza un suggerimento sull&#8217;aspetto specifico dell&#8217;argomento.<\/li>\n<\/ul>\n<p>L&#8217;applicazione fa anche parte di un kit di strumenti educativi che comprende un eBook e un corso online (MOOC), progettato per fornire una formazione completa sulla riduzione dell&#8217;inquinamento digitale e sull&#8217;adozione di abitudini tecnologiche sostenibili.<\/p>\n<p>Per maggiori informazioni e per scaricare l&#8217;applicazione, \u00e8 possibile visitare il sito ufficiale del progetto GreenCo <a href=\"https:\/\/greenco-project.eu\/green-app\/\">https:\/\/greenco-project.eu\/green-app\/<\/a><\/p>\n\t\t\t\t\t\t<\/div>\n\t\t\t\t<\/div>\n\t\t\t\t\t<\/div>\n\t\t<\/div>\n\t\t\t\t\t\t\t<\/div>\n\t\t<\/section>\n\t\t\t\t<section class=\"elementor-section elementor-top-section elementor-element elementor-element-508ad18 elementor-section-boxed elementor-section-height-default elementor-section-height-default\" data-id=\"508ad18\" data-element_type=\"section\">\n\t\t\t\t\t\t<div class=\"elementor-container elementor-column-gap-default\">\n\t\t\t\t\t<div class=\"elementor-column elementor-col-100 elementor-top-column elementor-element elementor-element-940efa8\" data-id=\"940efa8\" data-element_type=\"column\">\n\t\t\t<div class=\"elementor-widget-wrap elementor-element-populated\">\n\t\t\t\t\t\t\t\t<div class=\"elementor-element elementor-element-9cb56ab elementor-widget elementor-widget-heading\" data-id=\"9cb56ab\" data-element_type=\"widget\" data-widget_type=\"heading.default\">\n\t\t\t\t<div class=\"elementor-widget-container\">\n\t\t\t<h2 class=\"elementor-heading-title elementor-size-default\">MOOC<\/h2>\t\t<\/div>\n\t\t\t\t<\/div>\n\t\t\t\t<div class=\"elementor-element elementor-element-a12b6b5 elementor-widget elementor-widget-text-editor\" data-id=\"a12b6b5\" data-element_type=\"widget\" data-widget_type=\"text-editor.default\">\n\t\t\t\t<div class=\"elementor-widget-container\">\n\t\t\t\t\t\t\t<div class=\"section\">\n<h2><span style=\"font-family: Poppins; color: var( --e-global-color-text ); font-weight: var( --e-global-typography-text-font-weight ); font-size: 17px;\">Il risultato del progetto \u00e8 un MOOC, progettato per consentire a chiunque sia interessato di conoscere i mezzi disponibili per ridurre la generazione di inquinamento digitale e fare un uso responsabile della tecnologia. Questo risultato del progetto sar\u00e0 sviluppato in due fasi:<\/span><br><\/h2>\n<ol class=\"unit-list\">\n<li>Prima fase: sar\u00e0 progettata la metodologia del MOOC e saranno definiti gli elementi da contenere in ogni unit\u00e0, la sua durata, le forme di comunicazione, ecc.<\/li>\n<li>Seconda fase: i partner coinvolti in questo compito svilupperanno ulteriormente i contenuti seguendo le stesse linee guida.<\/li>\n<\/ol>\n<p>Il MOOC sar\u00e0 composto da tre unit\u00e0 didattiche:<\/p>\n<ul class=\"unit-list\">\n<li>Inquinamento digitale.<\/li>\n<li>Suggerimenti per ridurre l&#8217;impronta di carbonio dei dispositivi elettronici basati su un consumo energetico efficiente e sul riciclaggio dei rifiuti elettronici.<\/li>\n<li>Funzionamento dell&#8217;applicazione di green computing.<\/li>\n<\/ul>\n<p>Tutti i contenuti saranno pubblicati su una piattaforma Moodle autoregistrata, accessibile a chiunque sia interessato ad acquisire queste conoscenze, e saranno disponibili in cinque lingue (inglese, spagnolo, bulgaro, italiano e francese). I gruppi target sono principalmente gli studenti e il personale dei partner che lavorano al progetto e i diversi stakeholder coinvolti. Poich\u00e9 il MOOC sar\u00e0 pubblicato apertamente, i potenziali utenti del MOOC sono tutti gli studenti e il personale che si occupano di istruzione e formazione professionale in Europa. Per quanto riguarda l&#8217;analisi dei bisogni e gli elementi di innovazione, va detto che i MOOC sono corsi online che consentono ai partecipanti il libero accesso e la partecipazione illimitata a qualsiasi corso di loro scelta. Attualmente siamo in fase di elaborazione. Sar\u00e0 presto disponibile.<\/p>\n<\/div>\t\t\t\t\t\t<\/div>\n\t\t\t\t<\/div>\n\t\t\t\t\t<\/div>\n\t\t<\/div>\n\t\t\t\t\t\t\t<\/div>\n\t\t<\/section>\n\t\t\t\t\t\t\t<\/div>\n\t\t","protected":false},"excerpt":{"rendered":"<p>Risultati Ebook L&#8217;eBook del progetto GreenCo, intitolato &#8220;La minaccia invisibile: rifiuti elettronici e inquinamento digitale&#8221;, si concentra su quattro punti principali: consumo energetico, riciclaggio dei rifiuti elettronici, iniziative di consumo responsabile e legislazione ambientale. Vediamo brevemente in cosa consistono i quattro capitoli: Consumo energetico: Questo capitolo analizza l&#8217;impatto energetico delle nostre attivit\u00e0 digitali sia nell&#8217;industria &#8230; <a title=\"Risultati\" class=\"read-more\" href=\"https:\/\/greenco-project.eu\/it\/risultati\/\" aria-label=\"More on Risultati\">Read More<\/a><\/p>\n","protected":false},"author":1,"featured_media":0,"parent":0,"menu_order":0,"comment_status":"closed","ping_status":"closed","template":"elementor_header_footer","meta":{"footnotes":""},"class_list":["post-6819","page","type-page","status-publish"],"yoast_head":"<!-- This site is optimized with the Yoast SEO plugin v19.13 - https:\/\/yoast.com\/wordpress\/plugins\/seo\/ -->\n<title>Risultati - GreenCo<\/title>\n<meta name=\"robots\" content=\"index, follow, max-snippet:-1, max-image-preview:large, max-video-preview:-1\" \/>\n<link rel=\"canonical\" href=\"https:\/\/greenco-project.eu\/it\/risultati\/\" \/>\n<meta property=\"og:locale\" content=\"it_IT\" \/>\n<meta property=\"og:type\" content=\"article\" \/>\n<meta property=\"og:title\" content=\"Risultati - GreenCo\" \/>\n<meta property=\"og:description\" content=\"Risultati Ebook L&#8217;eBook del progetto GreenCo, intitolato &#8220;La minaccia invisibile: rifiuti elettronici e inquinamento digitale&#8221;, si concentra su quattro punti principali: consumo energetico, riciclaggio dei rifiuti elettronici, iniziative di consumo responsabile e legislazione ambientale. Vediamo brevemente in cosa consistono i quattro capitoli: Consumo energetico: Questo capitolo analizza l&#8217;impatto energetico delle nostre attivit\u00e0 digitali sia nell&#8217;industria ... Read More\" \/>\n<meta property=\"og:url\" content=\"https:\/\/greenco-project.eu\/it\/risultati\/\" \/>\n<meta property=\"og:site_name\" content=\"GreenCo\" \/>\n<meta property=\"article:modified_time\" content=\"2024-07-10T10:26:54+00:00\" \/>\n<meta name=\"twitter:card\" content=\"summary_large_image\" \/>\n<meta name=\"twitter:label1\" content=\"Tempo di lettura stimato\" \/>\n\t<meta name=\"twitter:data1\" content=\"4 minuti\" \/>\n<script type=\"application\/ld+json\" class=\"yoast-schema-graph\">{\"@context\":\"https:\/\/schema.org\",\"@graph\":[{\"@type\":\"WebPage\",\"@id\":\"https:\/\/greenco-project.eu\/it\/risultati\/\",\"url\":\"https:\/\/greenco-project.eu\/it\/risultati\/\",\"name\":\"Risultati - GreenCo\",\"isPartOf\":{\"@id\":\"https:\/\/greenco-project.eu\/it\/#website\"},\"datePublished\":\"2024-07-10T09:24:12+00:00\",\"dateModified\":\"2024-07-10T10:26:54+00:00\",\"breadcrumb\":{\"@id\":\"https:\/\/greenco-project.eu\/it\/risultati\/#breadcrumb\"},\"inLanguage\":\"it-IT\",\"potentialAction\":[{\"@type\":\"ReadAction\",\"target\":[\"https:\/\/greenco-project.eu\/it\/risultati\/\"]}]},{\"@type\":\"BreadcrumbList\",\"@id\":\"https:\/\/greenco-project.eu\/it\/risultati\/#breadcrumb\",\"itemListElement\":[{\"@type\":\"ListItem\",\"position\":1,\"name\":\"Portada\",\"item\":\"https:\/\/greenco-project.eu\/it\/\"},{\"@type\":\"ListItem\",\"position\":2,\"name\":\"Risultati\"}]},{\"@type\":\"WebSite\",\"@id\":\"https:\/\/greenco-project.eu\/it\/#website\",\"url\":\"https:\/\/greenco-project.eu\/it\/\",\"name\":\"GreenCo\",\"description\":\"Just another WordPress site\",\"publisher\":{\"@id\":\"https:\/\/greenco-project.eu\/it\/#organization\"},\"potentialAction\":[{\"@type\":\"SearchAction\",\"target\":{\"@type\":\"EntryPoint\",\"urlTemplate\":\"https:\/\/greenco-project.eu\/it\/?s={search_term_string}\"},\"query-input\":\"required name=search_term_string\"}],\"inLanguage\":\"it-IT\"},{\"@type\":\"Organization\",\"@id\":\"https:\/\/greenco-project.eu\/it\/#organization\",\"name\":\"GreenCo\",\"url\":\"https:\/\/greenco-project.eu\/it\/\",\"logo\":{\"@type\":\"ImageObject\",\"inLanguage\":\"it-IT\",\"@id\":\"https:\/\/greenco-project.eu\/it\/#\/schema\/logo\/image\/\",\"url\":\"https:\/\/greenco-project.eu\/wp-content\/uploads\/2022\/12\/LogosTop.svg\",\"contentUrl\":\"https:\/\/greenco-project.eu\/wp-content\/uploads\/2022\/12\/LogosTop.svg\",\"width\":682,\"height\":86,\"caption\":\"GreenCo\"},\"image\":{\"@id\":\"https:\/\/greenco-project.eu\/it\/#\/schema\/logo\/image\/\"}}]}<\/script>\n<!-- \/ Yoast SEO plugin. -->","yoast_head_json":{"title":"Risultati - GreenCo","robots":{"index":"index","follow":"follow","max-snippet":"max-snippet:-1","max-image-preview":"max-image-preview:large","max-video-preview":"max-video-preview:-1"},"canonical":"https:\/\/greenco-project.eu\/it\/risultati\/","og_locale":"it_IT","og_type":"article","og_title":"Risultati - GreenCo","og_description":"Risultati Ebook L&#8217;eBook del progetto GreenCo, intitolato &#8220;La minaccia invisibile: rifiuti elettronici e inquinamento digitale&#8221;, si concentra su quattro punti principali: consumo energetico, riciclaggio dei rifiuti elettronici, iniziative di consumo responsabile e legislazione ambientale. Vediamo brevemente in cosa consistono i quattro capitoli: Consumo energetico: Questo capitolo analizza l&#8217;impatto energetico delle nostre attivit\u00e0 digitali sia nell&#8217;industria ... Read More","og_url":"https:\/\/greenco-project.eu\/it\/risultati\/","og_site_name":"GreenCo","article_modified_time":"2024-07-10T10:26:54+00:00","twitter_card":"summary_large_image","twitter_misc":{"Tempo di lettura stimato":"4 minuti"},"schema":{"@context":"https:\/\/schema.org","@graph":[{"@type":"WebPage","@id":"https:\/\/greenco-project.eu\/it\/risultati\/","url":"https:\/\/greenco-project.eu\/it\/risultati\/","name":"Risultati - GreenCo","isPartOf":{"@id":"https:\/\/greenco-project.eu\/it\/#website"},"datePublished":"2024-07-10T09:24:12+00:00","dateModified":"2024-07-10T10:26:54+00:00","breadcrumb":{"@id":"https:\/\/greenco-project.eu\/it\/risultati\/#breadcrumb"},"inLanguage":"it-IT","potentialAction":[{"@type":"ReadAction","target":["https:\/\/greenco-project.eu\/it\/risultati\/"]}]},{"@type":"BreadcrumbList","@id":"https:\/\/greenco-project.eu\/it\/risultati\/#breadcrumb","itemListElement":[{"@type":"ListItem","position":1,"name":"Portada","item":"https:\/\/greenco-project.eu\/it\/"},{"@type":"ListItem","position":2,"name":"Risultati"}]},{"@type":"WebSite","@id":"https:\/\/greenco-project.eu\/it\/#website","url":"https:\/\/greenco-project.eu\/it\/","name":"GreenCo","description":"Just another WordPress site","publisher":{"@id":"https:\/\/greenco-project.eu\/it\/#organization"},"potentialAction":[{"@type":"SearchAction","target":{"@type":"EntryPoint","urlTemplate":"https:\/\/greenco-project.eu\/it\/?s={search_term_string}"},"query-input":"required name=search_term_string"}],"inLanguage":"it-IT"},{"@type":"Organization","@id":"https:\/\/greenco-project.eu\/it\/#organization","name":"GreenCo","url":"https:\/\/greenco-project.eu\/it\/","logo":{"@type":"ImageObject","inLanguage":"it-IT","@id":"https:\/\/greenco-project.eu\/it\/#\/schema\/logo\/image\/","url":"https:\/\/greenco-project.eu\/wp-content\/uploads\/2022\/12\/LogosTop.svg","contentUrl":"https:\/\/greenco-project.eu\/wp-content\/uploads\/2022\/12\/LogosTop.svg","width":682,"height":86,"caption":"GreenCo"},"image":{"@id":"https:\/\/greenco-project.eu\/it\/#\/schema\/logo\/image\/"}}]}},"_links":{"self":[{"href":"https:\/\/greenco-project.eu\/it\/wp-json\/wp\/v2\/pages\/6819","targetHints":{"allow":["GET"]}}],"collection":[{"href":"https:\/\/greenco-project.eu\/it\/wp-json\/wp\/v2\/pages"}],"about":[{"href":"https:\/\/greenco-project.eu\/it\/wp-json\/wp\/v2\/types\/page"}],"author":[{"embeddable":true,"href":"https:\/\/greenco-project.eu\/it\/wp-json\/wp\/v2\/users\/1"}],"replies":[{"embeddable":true,"href":"https:\/\/greenco-project.eu\/it\/wp-json\/wp\/v2\/comments?post=6819"}],"version-history":[{"count":10,"href":"https:\/\/greenco-project.eu\/it\/wp-json\/wp\/v2\/pages\/6819\/revisions"}],"predecessor-version":[{"id":6931,"href":"https:\/\/greenco-project.eu\/it\/wp-json\/wp\/v2\/pages\/6819\/revisions\/6931"}],"wp:attachment":[{"href":"https:\/\/greenco-project.eu\/it\/wp-json\/wp\/v2\/media?parent=6819"}],"curies":[{"name":"wp","href":"https:\/\/api.w.org\/{rel}","templated":true}]}}