{"id":6729,"date":"2024-07-10T08:05:24","date_gmt":"2024-07-10T08:05:24","guid":{"rendered":"https:\/\/greenco-project.eu\/?page_id=6729"},"modified":"2024-12-20T11:32:26","modified_gmt":"2024-12-20T11:32:26","slug":"evento-moltiplicatore","status":"publish","type":"page","link":"https:\/\/greenco-project.eu\/it\/evento-moltiplicatore\/","title":{"rendered":"Evento moltiplicatore"},"content":{"rendered":"\t\t<div data-elementor-type=\"wp-page\" data-elementor-id=\"6729\" class=\"elementor elementor-6729 elementor-6711\">\n\t\t\t\t\t\t\t\t\t<section class=\"elementor-section elementor-top-section elementor-element elementor-element-0e32b1b elementor-section-full_width elementor-section-stretched elementor-section-height-default elementor-section-height-default\" data-id=\"0e32b1b\" data-element_type=\"section\" data-settings=\"{&quot;stretch_section&quot;:&quot;section-stretched&quot;,&quot;background_background&quot;:&quot;classic&quot;}\">\n\t\t\t\t\t\t\t<div class=\"elementor-background-overlay\"><\/div>\n\t\t\t\t\t\t\t<div class=\"elementor-container elementor-column-gap-no\">\n\t\t\t\t\t<div class=\"elementor-column elementor-col-100 elementor-top-column elementor-element elementor-element-874a5a0\" data-id=\"874a5a0\" data-element_type=\"column\">\n\t\t\t<div class=\"elementor-widget-wrap elementor-element-populated\">\n\t\t\t\t\t\t\t\t<div class=\"elementor-element elementor-element-193c6d2 elementor-widget elementor-widget-heading\" data-id=\"193c6d2\" data-element_type=\"widget\" data-widget_type=\"heading.default\">\n\t\t\t\t<div class=\"elementor-widget-container\">\n\t\t\t<style>\/*! elementor - v3.13.3 - 28-05-2023 *\/\n.elementor-heading-title{padding:0;margin:0;line-height:1}.elementor-widget-heading .elementor-heading-title[class*=elementor-size-]>a{color:inherit;font-size:inherit;line-height:inherit}.elementor-widget-heading .elementor-heading-title.elementor-size-small{font-size:15px}.elementor-widget-heading .elementor-heading-title.elementor-size-medium{font-size:19px}.elementor-widget-heading .elementor-heading-title.elementor-size-large{font-size:29px}.elementor-widget-heading .elementor-heading-title.elementor-size-xl{font-size:39px}.elementor-widget-heading .elementor-heading-title.elementor-size-xxl{font-size:59px}<\/style><h1 class=\"elementor-heading-title elementor-size-default\">Evento moltiplicatore<\/h1>\t\t<\/div>\n\t\t\t\t<\/div>\n\t\t\t\t\t<\/div>\n\t\t<\/div>\n\t\t\t\t\t\t\t<\/div>\n\t\t<\/section>\n\t\t\t\t<section class=\"elementor-section elementor-top-section elementor-element elementor-element-4f7d7e5 elementor-section-boxed elementor-section-height-default elementor-section-height-default\" data-id=\"4f7d7e5\" data-element_type=\"section\">\n\t\t\t\t\t\t<div class=\"elementor-container elementor-column-gap-default\">\n\t\t\t\t\t<div class=\"elementor-column elementor-col-100 elementor-top-column elementor-element elementor-element-8c38f07\" data-id=\"8c38f07\" data-element_type=\"column\">\n\t\t\t<div class=\"elementor-widget-wrap elementor-element-populated\">\n\t\t\t\t\t\t\t\t<div class=\"elementor-element elementor-element-b7a0c0e elementor-widget elementor-widget-heading\" data-id=\"b7a0c0e\" data-element_type=\"widget\" data-widget_type=\"heading.default\">\n\t\t\t\t<div class=\"elementor-widget-container\">\n\t\t\t<h2 class=\"elementor-heading-title elementor-size-default\"><span style=\"color: #8fc33b; \">Un evento moltiplicatore<\/span>\n\n<\/h2>\t\t<\/div>\n\t\t\t\t<\/div>\n\t\t\t\t<div class=\"elementor-element elementor-element-09444a6 elementor-widget elementor-widget-text-editor\" data-id=\"09444a6\" data-element_type=\"widget\" data-widget_type=\"text-editor.default\">\n\t\t\t\t<div class=\"elementor-widget-container\">\n\t\t\t<style>\/*! elementor - v3.13.3 - 28-05-2023 *\/\n.elementor-widget-text-editor.elementor-drop-cap-view-stacked .elementor-drop-cap{background-color:#69727d;color:#fff}.elementor-widget-text-editor.elementor-drop-cap-view-framed .elementor-drop-cap{color:#69727d;border:3px solid;background-color:transparent}.elementor-widget-text-editor:not(.elementor-drop-cap-view-default) .elementor-drop-cap{margin-top:8px}.elementor-widget-text-editor:not(.elementor-drop-cap-view-default) .elementor-drop-cap-letter{width:1em;height:1em}.elementor-widget-text-editor .elementor-drop-cap{float:left;text-align:center;line-height:1;font-size:50px}.elementor-widget-text-editor .elementor-drop-cap-letter{display:inline-block}<\/style>\t\t\t\t<p>Gli eventi moltiplicatori di Erasmus Plus sono attivit\u00e0 essenziali per diffondere e massimizzare l&#8217;impatto dei progetti finanziati dal programma. Attraverso conferenze, workshop e seminari, riuniscono partecipanti di varie istituzioni e settori, promuovendo lo scambio di esperienze e buone pratiche. Questi eventi incoraggiano la collaborazione e la creazione di reti, promuovendo l&#8217;innovazione nel campo dell&#8217;istruzione e della formazione, e garantiscono che i risultati dei progetti raggiungano un pubblico pi\u00f9 ampio, estendendo cos\u00ec i benefici di Erasmus Plus al di l\u00e0 dei partecipanti diretti<\/p>\n<p>Nell&#8217;ambito del progetto Greenco, si sono gi\u00e0 svolti 3 dei 4 eventi moltiplicatori<\/p>\t\t\t\t\t\t<\/div>\n\t\t\t\t<\/div>\n\t\t\t\t<div class=\"elementor-element elementor-element-41622bf elementor-widget elementor-widget-heading\" data-id=\"41622bf\" data-element_type=\"widget\" data-widget_type=\"heading.default\">\n\t\t\t\t<div class=\"elementor-widget-container\">\n\t\t\t<h2 class=\"elementor-heading-title elementor-size-default\"><span style=\"color: #8fc33b;\">GreenCo <b style=\"color:#07804b\">in Francia<\/b><\/span><\/h2>\t\t<\/div>\n\t\t\t\t<\/div>\n\t\t\t\t<div class=\"elementor-element elementor-element-8e40bf8 elementor-widget elementor-widget-text-editor\" data-id=\"8e40bf8\" data-element_type=\"widget\" data-widget_type=\"text-editor.default\">\n\t\t\t\t<div class=\"elementor-widget-container\">\n\t\t\t\t\t\t\t<p style=\"text-align: left;\">Il progetto GreenCo sta per concludersi. Per celebrare i nostri 3 risultati, abbiamo deciso di organizzare due eventi in Francia per presentarli a un vasto pubblico.<\/p>\n\n<p style=\"text-align: left;\">Il primo \u00e8 stato l&#8217;assemblea dei partner del Campus des M\u00e9tiers et des Qualifications Informatique et Electronique de Demain. GreenCo \u00e8 stato presentato a circa 54 persone: partner istituzionali (Educazione Nazionale, scuole superiori&#8230;), aziende (Dracula Technologies&#8230;). Tutti gli adulti hanno potuto testare gratuitamente l&#8217;e-book e l&#8217;applicazione del questionario. Il Mooc \u00e8 stato mostrato anche in versione inglese.<\/p>\t\t\t\t\t\t<\/div>\n\t\t\t\t<\/div>\n\t\t\t\t\t<\/div>\n\t\t<\/div>\n\t\t\t\t\t\t\t<\/div>\n\t\t<\/section>\n\t\t\t\t<section class=\"elementor-section elementor-top-section elementor-element elementor-element-51d9bc4 elementor-section-boxed elementor-section-height-default elementor-section-height-default\" data-id=\"51d9bc4\" data-element_type=\"section\">\n\t\t\t\t\t\t<div class=\"elementor-container elementor-column-gap-default\">\n\t\t\t\t\t<div class=\"elementor-column elementor-col-50 elementor-top-column elementor-element elementor-element-a0239e1\" data-id=\"a0239e1\" data-element_type=\"column\">\n\t\t\t<div class=\"elementor-widget-wrap elementor-element-populated\">\n\t\t\t\t\t\t\t\t<div class=\"elementor-element elementor-element-55cec54 elementor-widget elementor-widget-image\" data-id=\"55cec54\" data-element_type=\"widget\" data-widget_type=\"image.default\">\n\t\t\t\t<div class=\"elementor-widget-container\">\n\t\t\t<style>\/*! elementor - v3.13.3 - 28-05-2023 *\/\n.elementor-widget-image{text-align:center}.elementor-widget-image a{display:inline-block}.elementor-widget-image a img[src$=\".svg\"]{width:48px}.elementor-widget-image img{vertical-align:middle;display:inline-block}<\/style>\t\t\t\t\t\t\t\t\t\t\t\t<img decoding=\"async\" src=\"https:\/\/greenco-project.eu\/wp-content\/plugins\/elementor\/assets\/images\/placeholder.png\" title=\"\" alt=\"\" loading=\"lazy\" \/>\t\t\t\t\t\t\t\t\t\t\t\t\t\t\t<\/div>\n\t\t\t\t<\/div>\n\t\t\t\t\t<\/div>\n\t\t<\/div>\n\t\t\t\t<div class=\"elementor-column elementor-col-50 elementor-top-column elementor-element elementor-element-f746ae0\" data-id=\"f746ae0\" data-element_type=\"column\">\n\t\t\t<div class=\"elementor-widget-wrap\">\n\t\t\t\t\t\t\t\t\t<\/div>\n\t\t<\/div>\n\t\t\t\t\t\t\t<\/div>\n\t\t<\/section>\n\t\t\t\t<section class=\"elementor-section elementor-top-section elementor-element elementor-element-ef3a31c elementor-section-boxed elementor-section-height-default elementor-section-height-default\" data-id=\"ef3a31c\" data-element_type=\"section\">\n\t\t\t\t\t\t<div class=\"elementor-container elementor-column-gap-default\">\n\t\t\t\t\t<div class=\"elementor-column elementor-col-100 elementor-top-column elementor-element elementor-element-5cd6e09\" data-id=\"5cd6e09\" data-element_type=\"column\">\n\t\t\t<div class=\"elementor-widget-wrap elementor-element-populated\">\n\t\t\t\t\t\t\t\t<div class=\"elementor-element elementor-element-7ed77b9 elementor-widget elementor-widget-text-editor\" data-id=\"7ed77b9\" data-element_type=\"widget\" data-widget_type=\"text-editor.default\">\n\t\t\t\t<div class=\"elementor-widget-container\">\n\t\t\t\t\t\t\t<p style=\"color: #07804b; text-align: left;\"><b>6 novembre 2024<\/b><\/p>\n\n<h5 style=\"text-align: left;\"><b>CENTRO NAZIONALE DI RIFERIMENTO PER L&#8217;INFORMATICA E LE COMUNICAZIONI E L&#8217;UNIVERSIT\u00c0 DI ALCALA DE HENARES<\/b><\/h5>\n<p style=\"text-align: left;\">Un incontro chiave del nostro <a style=\"text-decoration: underline;\" href=\"https:\/\/www.linkedin.com\/showcase\/crn-en-desarrollo-inform%C3%A1tico-y-comunicaciones\/\" target=\"_blank\" rel=\"noopener\"><b>CRN in Sviluppo Informatico e Comunicazioni<\/b><\/a> a Getafe, dove parleremo di un tema molto attuale: \u201cImpronta ambientale della tecnologia\u201d. \u00c8 un&#8217;occasione unica per entrare in contatto con insegnanti, studenti, associazioni e professionisti del settore! \ud83c\udf93<\/p>\n<p style=\"text-align: left;\">Gli obiettivi sono chiari:<\/p>\n\n<ul>\n \t<li style=\"text-align: left;\">Presentare i risultati ottenuti dal progetto europeo <a href=\"https:\/\/www.linkedin.com\/feed\/hashtag\/?keywords=greenco&amp;highlightedUpdateUrns=urn%3Ali%3Aactivity%3A7254422122175848450\" target=\"_blank\" rel=\"noopener\">hashtag#GREENCO.<\/a><\/li>\n \t<li style=\"text-align: left;\">Creare una comunit\u00e0 che promuova lo scambio di conoscenze e favorisca l&#8217;inserimento lavorativo nel settore tecnologico.<\/li>\n<\/ul>\t\t\t\t\t\t<\/div>\n\t\t\t\t<\/div>\n\t\t\t\t\t<\/div>\n\t\t<\/div>\n\t\t\t\t\t\t\t<\/div>\n\t\t<\/section>\n\t\t\t\t<section class=\"elementor-section elementor-top-section elementor-element elementor-element-acfc475 elementor-section-boxed elementor-section-height-default elementor-section-height-default\" data-id=\"acfc475\" data-element_type=\"section\">\n\t\t\t\t\t\t<div class=\"elementor-container elementor-column-gap-default\">\n\t\t\t\t\t<div class=\"elementor-column elementor-col-100 elementor-top-column elementor-element elementor-element-be7f28d\" data-id=\"be7f28d\" data-element_type=\"column\">\n\t\t\t<div class=\"elementor-widget-wrap elementor-element-populated\">\n\t\t\t\t\t\t\t\t<div class=\"elementor-element elementor-element-357d824 elementor-widget elementor-widget-heading\" data-id=\"357d824\" data-element_type=\"widget\" data-widget_type=\"heading.default\">\n\t\t\t\t<div class=\"elementor-widget-container\">\n\t\t\t<h2 class=\"elementor-heading-title elementor-size-default\"><span style=\"color: #8fc33b;\">GreenCo <b style=\"color:#07804b\">in Italia<\/b><\/span><\/h2>\t\t<\/div>\n\t\t\t\t<\/div>\n\t\t\t\t<div class=\"elementor-element elementor-element-1e8cc12 elementor-widget elementor-widget-text-editor\" data-id=\"1e8cc12\" data-element_type=\"widget\" data-widget_type=\"text-editor.default\">\n\t\t\t\t<div class=\"elementor-widget-container\">\n\t\t\t\t\t\t\t<p style=\"color: #07804b; text-align: left;\"><b>7 novembre 2024<\/b><\/p>\n\n<h6><b><a style=\"color: #8fc33b; text-decoration: underline;\" href=\"https:\/\/itsincom.it\/\" target=\"_blank\" rel=\"noopener\">FONDAZIONE ITS PER L&#8217;INFORMAZIONE E LA COMUNICAZIONE -INCOM<\/a><\/b><\/h6>\n<h6><b>ESPERIENZA CON GLI STRUMENTI GREENCO<\/b><\/h6>\n<p style=\"text-align: left;\">Siamo lieti di invitarvi il 7 novembre 2024 alle ore 16:00 presso la sede di ITSINCOM Academy c\/o Malpensafiere &#8211; Busto Arsizio all&#8217;evento &#8216;EXPERIENCE GREENCO TOOLS. Innovazione didattica e sostenibilit\u00e0: strumenti digitali per un futuro verde\u201d, momento conclusivo del progetto Erasmus+ GreenCo.<\/p>\n\n<p style=\"text-align: left;\">L&#8217;evento sar\u00e0 un&#8217;occasione unica per esplorare l&#8217;uso di metodologie e strumenti didattici innovativi per la sostenibilit\u00e0. Durante l&#8217;incontro saranno presentati un e-book, un&#8217;app (applicazione didattica online) e un \u201cMassive Open Online Course\u201d (MOOC) sviluppati nell&#8217;ambito del progetto europeo GreenCo.<\/p>\n\n<p>Questi strumenti, pensati per educare alla riduzione dell&#8217;inquinamento digitale e al risparmio energetico, rappresentano un&#8217;importante risorsa per insegnanti e studenti, offrendo nuovi approcci all&#8217;insegnamento e alla sensibilizzazione sull&#8217;impatto ambientale delle tecnologie.<\/p>\n\n<p>Il progetto GreenCo, sviluppato negli ultimi due anni e cofinanziato dall&#8217;Unione europea, \u00e8 guidato dalla Comunidad de Madrid-D. G Formaci\u00f3n (CFTIC) in collaborazione con partner europei quali l&#8217;Universit\u00e0 di Alcal\u00e1 de Henares (UAH), la Fondazione ITS per l&#8217;Informazione e la Comunicazione (INCOM), il Campus des M\u00e9tiers et des Qualifications (CMQ) e l&#8217;European Software Institute-Centr\u00e9 Eastern Europe (ESI).<\/p>\t\t\t\t\t\t<\/div>\n\t\t\t\t<\/div>\n\t\t\t\t\t<\/div>\n\t\t<\/div>\n\t\t\t\t\t\t\t<\/div>\n\t\t<\/section>\n\t\t\t\t<section class=\"elementor-section elementor-top-section elementor-element elementor-element-97f46c6 elementor-section-boxed elementor-section-height-default elementor-section-height-default\" data-id=\"97f46c6\" data-element_type=\"section\">\n\t\t\t\t\t\t<div class=\"elementor-container elementor-column-gap-default\">\n\t\t\t\t\t<div class=\"elementor-column elementor-col-100 elementor-top-column elementor-element elementor-element-b9b0acf\" data-id=\"b9b0acf\" data-element_type=\"column\">\n\t\t\t<div class=\"elementor-widget-wrap elementor-element-populated\">\n\t\t\t\t\t\t\t\t<div class=\"elementor-element elementor-element-96693f7 elementor-widget elementor-widget-heading\" data-id=\"96693f7\" data-element_type=\"widget\" data-widget_type=\"heading.default\">\n\t\t\t\t<div class=\"elementor-widget-container\">\n\t\t\t<h2 class=\"elementor-heading-title elementor-size-default\"><span style=\"color: #8fc33b;\">GreenCo <b style=\"color:#07804b\">in Bulgary<\/b><\/span><\/h2>\t\t<\/div>\n\t\t\t\t<\/div>\n\t\t\t\t<div class=\"elementor-element elementor-element-034fd65 elementor-widget elementor-widget-text-editor\" data-id=\"034fd65\" data-element_type=\"widget\" data-widget_type=\"text-editor.default\">\n\t\t\t\t<div class=\"elementor-widget-container\">\n\t\t\t\t\t\t\t<p style=\"color: #07804b; text-align: left;\"><b>21 novembre 2024<\/b><\/p><p>Il 21 novembre, 43 studenti di et\u00e0 compresa tra i 14 e i 16 anni hanno partecipato a un seminario pratico intitolato \u201cComportamento responsabile nell&#8217;ambiente digitale\u201d. L&#8217;evento si \u00e8 svolto presso il Cybersecurity Lab all&#8217;avanguardia del Sofia Tech Park, in Bulgaria.<\/p><p>Durante il seminario, gli studenti hanno esplorato strumenti e risorse innovative sviluppate nell&#8217;ambito del progetto GreenCo. Tra i temi principali, la riduzione dell&#8217;inquinamento digitale, l&#8217;efficienza energetica nell&#8217;ambiente digitale e il riciclaggio dei rifiuti elettronici. Un gioco didattico interattivo, basato sull&#8217;e-book GreenCo \u201cLa minaccia invisibile: Rifiuti e inquinamento digitali\u201d, ha aggiunto un elemento coinvolgente all&#8217;evento. Il vivace quiz ha suscitato entusiasmo e si \u00e8 concluso con la premiazione dei migliori risultati.<\/p><p>L&#8217;evento ha dimostrato con successo come l&#8217;apprendimento interattivo possa ispirare i giovani ad adottare abitudini responsabili dal punto di vista ambientale nel mondo digitale.<\/p>\t\t\t\t\t\t<\/div>\n\t\t\t\t<\/div>\n\t\t\t\t\t<\/div>\n\t\t<\/div>\n\t\t\t\t\t\t\t<\/div>\n\t\t<\/section>\n\t\t\t\t\t\t\t<\/div>\n\t\t","protected":false},"excerpt":{"rendered":"<p>Evento moltiplicatore Un evento moltiplicatore Gli eventi moltiplicatori di Erasmus Plus sono attivit\u00e0 essenziali per diffondere e massimizzare l&#8217;impatto dei progetti finanziati dal programma. Attraverso conferenze, workshop e seminari, riuniscono partecipanti di varie istituzioni e settori, promuovendo lo scambio di esperienze e buone pratiche. Questi eventi incoraggiano la collaborazione e la creazione di reti, promuovendo &#8230; <a title=\"Evento moltiplicatore\" class=\"read-more\" href=\"https:\/\/greenco-project.eu\/it\/evento-moltiplicatore\/\" aria-label=\"More on Evento moltiplicatore\">Read More<\/a><\/p>\n","protected":false},"author":1,"featured_media":0,"parent":0,"menu_order":0,"comment_status":"closed","ping_status":"closed","template":"elementor_header_footer","meta":{"footnotes":""},"class_list":["post-6729","page","type-page","status-publish"],"yoast_head":"<!-- This site is optimized with the Yoast SEO plugin v19.13 - https:\/\/yoast.com\/wordpress\/plugins\/seo\/ -->\n<title>Evento moltiplicatore - GreenCo<\/title>\n<meta name=\"robots\" content=\"index, follow, max-snippet:-1, max-image-preview:large, max-video-preview:-1\" \/>\n<link rel=\"canonical\" href=\"https:\/\/greenco-project.eu\/it\/evento-moltiplicatore\/\" \/>\n<meta property=\"og:locale\" content=\"it_IT\" \/>\n<meta property=\"og:type\" content=\"article\" \/>\n<meta property=\"og:title\" content=\"Evento moltiplicatore - GreenCo\" \/>\n<meta property=\"og:description\" content=\"Evento moltiplicatore Un evento moltiplicatore Gli eventi moltiplicatori di Erasmus Plus sono attivit\u00e0 essenziali per diffondere e massimizzare l&#8217;impatto dei progetti finanziati dal programma. Attraverso conferenze, workshop e seminari, riuniscono partecipanti di varie istituzioni e settori, promuovendo lo scambio di esperienze e buone pratiche. Questi eventi incoraggiano la collaborazione e la creazione di reti, promuovendo ... Read More\" \/>\n<meta property=\"og:url\" content=\"https:\/\/greenco-project.eu\/it\/evento-moltiplicatore\/\" \/>\n<meta property=\"og:site_name\" content=\"GreenCo\" \/>\n<meta property=\"article:modified_time\" content=\"2024-12-20T11:32:26+00:00\" \/>\n<meta property=\"og:image\" content=\"https:\/\/greenco-project.eu\/wp-content\/plugins\/elementor\/assets\/images\/placeholder.png\" \/>\n<meta name=\"twitter:card\" content=\"summary_large_image\" \/>\n<meta name=\"twitter:label1\" content=\"Tempo di lettura stimato\" \/>\n\t<meta name=\"twitter:data1\" content=\"3 minuti\" \/>\n<script type=\"application\/ld+json\" class=\"yoast-schema-graph\">{\"@context\":\"https:\/\/schema.org\",\"@graph\":[{\"@type\":\"WebPage\",\"@id\":\"https:\/\/greenco-project.eu\/it\/evento-moltiplicatore\/\",\"url\":\"https:\/\/greenco-project.eu\/it\/evento-moltiplicatore\/\",\"name\":\"Evento moltiplicatore - GreenCo\",\"isPartOf\":{\"@id\":\"https:\/\/greenco-project.eu\/it\/#website\"},\"datePublished\":\"2024-07-10T08:05:24+00:00\",\"dateModified\":\"2024-12-20T11:32:26+00:00\",\"breadcrumb\":{\"@id\":\"https:\/\/greenco-project.eu\/it\/evento-moltiplicatore\/#breadcrumb\"},\"inLanguage\":\"it-IT\",\"potentialAction\":[{\"@type\":\"ReadAction\",\"target\":[\"https:\/\/greenco-project.eu\/it\/evento-moltiplicatore\/\"]}]},{\"@type\":\"BreadcrumbList\",\"@id\":\"https:\/\/greenco-project.eu\/it\/evento-moltiplicatore\/#breadcrumb\",\"itemListElement\":[{\"@type\":\"ListItem\",\"position\":1,\"name\":\"Portada\",\"item\":\"https:\/\/greenco-project.eu\/it\/\"},{\"@type\":\"ListItem\",\"position\":2,\"name\":\"Evento moltiplicatore\"}]},{\"@type\":\"WebSite\",\"@id\":\"https:\/\/greenco-project.eu\/it\/#website\",\"url\":\"https:\/\/greenco-project.eu\/it\/\",\"name\":\"GreenCo\",\"description\":\"Just another WordPress site\",\"publisher\":{\"@id\":\"https:\/\/greenco-project.eu\/it\/#organization\"},\"potentialAction\":[{\"@type\":\"SearchAction\",\"target\":{\"@type\":\"EntryPoint\",\"urlTemplate\":\"https:\/\/greenco-project.eu\/it\/?s={search_term_string}\"},\"query-input\":\"required name=search_term_string\"}],\"inLanguage\":\"it-IT\"},{\"@type\":\"Organization\",\"@id\":\"https:\/\/greenco-project.eu\/it\/#organization\",\"name\":\"GreenCo\",\"url\":\"https:\/\/greenco-project.eu\/it\/\",\"logo\":{\"@type\":\"ImageObject\",\"inLanguage\":\"it-IT\",\"@id\":\"https:\/\/greenco-project.eu\/it\/#\/schema\/logo\/image\/\",\"url\":\"https:\/\/greenco-project.eu\/wp-content\/uploads\/2022\/12\/LogosTop.svg\",\"contentUrl\":\"https:\/\/greenco-project.eu\/wp-content\/uploads\/2022\/12\/LogosTop.svg\",\"width\":682,\"height\":86,\"caption\":\"GreenCo\"},\"image\":{\"@id\":\"https:\/\/greenco-project.eu\/it\/#\/schema\/logo\/image\/\"}}]}<\/script>\n<!-- \/ Yoast SEO plugin. -->","yoast_head_json":{"title":"Evento moltiplicatore - GreenCo","robots":{"index":"index","follow":"follow","max-snippet":"max-snippet:-1","max-image-preview":"max-image-preview:large","max-video-preview":"max-video-preview:-1"},"canonical":"https:\/\/greenco-project.eu\/it\/evento-moltiplicatore\/","og_locale":"it_IT","og_type":"article","og_title":"Evento moltiplicatore - GreenCo","og_description":"Evento moltiplicatore Un evento moltiplicatore Gli eventi moltiplicatori di Erasmus Plus sono attivit\u00e0 essenziali per diffondere e massimizzare l&#8217;impatto dei progetti finanziati dal programma. Attraverso conferenze, workshop e seminari, riuniscono partecipanti di varie istituzioni e settori, promuovendo lo scambio di esperienze e buone pratiche. Questi eventi incoraggiano la collaborazione e la creazione di reti, promuovendo ... Read More","og_url":"https:\/\/greenco-project.eu\/it\/evento-moltiplicatore\/","og_site_name":"GreenCo","article_modified_time":"2024-12-20T11:32:26+00:00","og_image":[{"url":"https:\/\/greenco-project.eu\/wp-content\/plugins\/elementor\/assets\/images\/placeholder.png"}],"twitter_card":"summary_large_image","twitter_misc":{"Tempo di lettura stimato":"3 minuti"},"schema":{"@context":"https:\/\/schema.org","@graph":[{"@type":"WebPage","@id":"https:\/\/greenco-project.eu\/it\/evento-moltiplicatore\/","url":"https:\/\/greenco-project.eu\/it\/evento-moltiplicatore\/","name":"Evento moltiplicatore - GreenCo","isPartOf":{"@id":"https:\/\/greenco-project.eu\/it\/#website"},"datePublished":"2024-07-10T08:05:24+00:00","dateModified":"2024-12-20T11:32:26+00:00","breadcrumb":{"@id":"https:\/\/greenco-project.eu\/it\/evento-moltiplicatore\/#breadcrumb"},"inLanguage":"it-IT","potentialAction":[{"@type":"ReadAction","target":["https:\/\/greenco-project.eu\/it\/evento-moltiplicatore\/"]}]},{"@type":"BreadcrumbList","@id":"https:\/\/greenco-project.eu\/it\/evento-moltiplicatore\/#breadcrumb","itemListElement":[{"@type":"ListItem","position":1,"name":"Portada","item":"https:\/\/greenco-project.eu\/it\/"},{"@type":"ListItem","position":2,"name":"Evento moltiplicatore"}]},{"@type":"WebSite","@id":"https:\/\/greenco-project.eu\/it\/#website","url":"https:\/\/greenco-project.eu\/it\/","name":"GreenCo","description":"Just another WordPress site","publisher":{"@id":"https:\/\/greenco-project.eu\/it\/#organization"},"potentialAction":[{"@type":"SearchAction","target":{"@type":"EntryPoint","urlTemplate":"https:\/\/greenco-project.eu\/it\/?s={search_term_string}"},"query-input":"required name=search_term_string"}],"inLanguage":"it-IT"},{"@type":"Organization","@id":"https:\/\/greenco-project.eu\/it\/#organization","name":"GreenCo","url":"https:\/\/greenco-project.eu\/it\/","logo":{"@type":"ImageObject","inLanguage":"it-IT","@id":"https:\/\/greenco-project.eu\/it\/#\/schema\/logo\/image\/","url":"https:\/\/greenco-project.eu\/wp-content\/uploads\/2022\/12\/LogosTop.svg","contentUrl":"https:\/\/greenco-project.eu\/wp-content\/uploads\/2022\/12\/LogosTop.svg","width":682,"height":86,"caption":"GreenCo"},"image":{"@id":"https:\/\/greenco-project.eu\/it\/#\/schema\/logo\/image\/"}}]}},"_links":{"self":[{"href":"https:\/\/greenco-project.eu\/it\/wp-json\/wp\/v2\/pages\/6729","targetHints":{"allow":["GET"]}}],"collection":[{"href":"https:\/\/greenco-project.eu\/it\/wp-json\/wp\/v2\/pages"}],"about":[{"href":"https:\/\/greenco-project.eu\/it\/wp-json\/wp\/v2\/types\/page"}],"author":[{"embeddable":true,"href":"https:\/\/greenco-project.eu\/it\/wp-json\/wp\/v2\/users\/1"}],"replies":[{"embeddable":true,"href":"https:\/\/greenco-project.eu\/it\/wp-json\/wp\/v2\/comments?post=6729"}],"version-history":[{"count":13,"href":"https:\/\/greenco-project.eu\/it\/wp-json\/wp\/v2\/pages\/6729\/revisions"}],"predecessor-version":[{"id":8648,"href":"https:\/\/greenco-project.eu\/it\/wp-json\/wp\/v2\/pages\/6729\/revisions\/8648"}],"wp:attachment":[{"href":"https:\/\/greenco-project.eu\/it\/wp-json\/wp\/v2\/media?parent=6729"}],"curies":[{"name":"wp","href":"https:\/\/api.w.org\/{rel}","templated":true}]}}