{"id":6825,"date":"2024-07-10T09:24:12","date_gmt":"2024-07-10T09:24:12","guid":{"rendered":"https:\/\/greenco-project.eu\/?page_id=6825"},"modified":"2024-07-10T10:26:25","modified_gmt":"2024-07-10T10:26:25","slug":"resultat","status":"publish","type":"page","link":"https:\/\/greenco-project.eu\/fr\/resultat\/","title":{"rendered":"Resultat"},"content":{"rendered":"\t\t<div data-elementor-type=\"wp-page\" data-elementor-id=\"6825\" class=\"elementor elementor-6825 elementor-6806\">\n\t\t\t\t\t\t\t\t\t<section class=\"elementor-section elementor-top-section elementor-element elementor-element-90a7c79 elementor-section-full_width elementor-section-stretched elementor-section-height-default elementor-section-height-default\" data-id=\"90a7c79\" data-element_type=\"section\" data-settings=\"{&quot;stretch_section&quot;:&quot;section-stretched&quot;,&quot;background_background&quot;:&quot;classic&quot;}\">\n\t\t\t\t\t\t\t<div class=\"elementor-background-overlay\"><\/div>\n\t\t\t\t\t\t\t<div class=\"elementor-container elementor-column-gap-no\">\n\t\t\t\t\t<div class=\"elementor-column elementor-col-100 elementor-top-column elementor-element elementor-element-8adfa4d\" data-id=\"8adfa4d\" data-element_type=\"column\">\n\t\t\t<div class=\"elementor-widget-wrap elementor-element-populated\">\n\t\t\t\t\t\t\t\t<div class=\"elementor-element elementor-element-de4c218 elementor-widget elementor-widget-heading\" data-id=\"de4c218\" data-element_type=\"widget\" data-widget_type=\"heading.default\">\n\t\t\t\t<div class=\"elementor-widget-container\">\n\t\t\t<style>\/*! elementor - v3.13.3 - 28-05-2023 *\/\n.elementor-heading-title{padding:0;margin:0;line-height:1}.elementor-widget-heading .elementor-heading-title[class*=elementor-size-]>a{color:inherit;font-size:inherit;line-height:inherit}.elementor-widget-heading .elementor-heading-title.elementor-size-small{font-size:15px}.elementor-widget-heading .elementor-heading-title.elementor-size-medium{font-size:19px}.elementor-widget-heading .elementor-heading-title.elementor-size-large{font-size:29px}.elementor-widget-heading .elementor-heading-title.elementor-size-xl{font-size:39px}.elementor-widget-heading .elementor-heading-title.elementor-size-xxl{font-size:59px}<\/style><h1 class=\"elementor-heading-title elementor-size-default\">Resultat<\/h1>\t\t<\/div>\n\t\t\t\t<\/div>\n\t\t\t\t\t<\/div>\n\t\t<\/div>\n\t\t\t\t\t\t\t<\/div>\n\t\t<\/section>\n\t\t\t\t<section class=\"elementor-section elementor-top-section elementor-element elementor-element-18157cd elementor-section-boxed elementor-section-height-default elementor-section-height-default\" data-id=\"18157cd\" data-element_type=\"section\">\n\t\t\t\t\t\t<div class=\"elementor-container elementor-column-gap-default\">\n\t\t\t\t\t<div class=\"elementor-column elementor-col-100 elementor-top-column elementor-element elementor-element-34804c1\" data-id=\"34804c1\" data-element_type=\"column\">\n\t\t\t<div class=\"elementor-widget-wrap elementor-element-populated\">\n\t\t\t\t\t\t\t\t<div class=\"elementor-element elementor-element-4e2d63b elementor-widget elementor-widget-heading\" data-id=\"4e2d63b\" data-element_type=\"widget\" data-widget_type=\"heading.default\">\n\t\t\t\t<div class=\"elementor-widget-container\">\n\t\t\t<h2 class=\"elementor-heading-title elementor-size-default\">Ebook<\/h2>\t\t<\/div>\n\t\t\t\t<\/div>\n\t\t\t\t<div class=\"elementor-element elementor-element-d86e245 elementor-widget elementor-widget-text-editor\" data-id=\"d86e245\" data-element_type=\"widget\" data-widget_type=\"text-editor.default\">\n\t\t\t\t<div class=\"elementor-widget-container\">\n\t\t\t<style>\/*! elementor - v3.13.3 - 28-05-2023 *\/\n.elementor-widget-text-editor.elementor-drop-cap-view-stacked .elementor-drop-cap{background-color:#69727d;color:#fff}.elementor-widget-text-editor.elementor-drop-cap-view-framed .elementor-drop-cap{color:#69727d;border:3px solid;background-color:transparent}.elementor-widget-text-editor:not(.elementor-drop-cap-view-default) .elementor-drop-cap{margin-top:8px}.elementor-widget-text-editor:not(.elementor-drop-cap-view-default) .elementor-drop-cap-letter{width:1em;height:1em}.elementor-widget-text-editor .elementor-drop-cap{float:left;text-align:center;line-height:1;font-size:50px}.elementor-widget-text-editor .elementor-drop-cap-letter{display:inline-block}<\/style>\t\t\t\t<p>L&rsquo;eBook du projet GreenCo, intitul\u00e9 \u00ab\u00a0La menace invisible : les d\u00e9chets \u00e9lectroniques et la pollution num\u00e9rique\u00a0\u00bb, se concentre sur quatre points principaux : la consommation d&rsquo;\u00e9nergie, le recyclage des d\u00e9chets \u00e9lectroniques, les initiatives de consommation responsable et la l\u00e9gislation environnementale.<\/p>\n<p>Voyons bri\u00e8vement en quoi consistent ces quatre chapitres :<\/p>\n<ol style=\"margin-block: 24px;\">\n  <li><b>Consommation d&rsquo;\u00e9nergie :<\/b> Ce chapitre examine l&rsquo;impact \u00e9nerg\u00e9tique de nos activit\u00e9s num\u00e9riques, tant dans l&rsquo;industrie que dans les m\u00e9nages, et propose des strat\u00e9gies pratiques pour r\u00e9duire la consommation d&rsquo;\u00e9nergie et minimiser l&#8217;empreinte carbone.<\/li>\n  <li><b>Recyclage des d\u00e9chets \u00e9lectroniques :<\/b> Ce chapitre pr\u00e9sente les diff\u00e9rentes cat\u00e9gories de d\u00e9chets \u00e9lectroniques et l&rsquo;importance de leur recyclage. Des conseils sur la mani\u00e8re de traiter les d\u00e9chets \u00e9lectroniques de mani\u00e8re responsable au niveau personnel sont fournis.<\/li>\n  <li><b>Initiatives en mati\u00e8re de consommation responsable :<\/b> Nous avons rassembl\u00e9 quelques initiatives r\u00e9ussies men\u00e9es par diff\u00e9rents acteurs qui, nous l&rsquo;esp\u00e9rons, inciteront d&rsquo;autres personnes \u00e0 les appliquer dans leur r\u00e9gion et \u00e0 adopter des habitudes de consommation plus responsables.<\/li>\n  <li><b>L\u00e9gislation environnementale :<\/b> Ce chapitre donne un aper\u00e7u de la l\u00e9gislation europ\u00e9enne en mati\u00e8re de protection de l&rsquo;environnement jusqu&rsquo;en 2022, en mettant l&rsquo;accent sur la r\u00e9duction de la consommation d&rsquo;\u00e9nergie, l&rsquo;utilisation d&rsquo;\u00e9nergies vertes, la production de TIC et la r\u00e9duction des d\u00e9chets \u00e9lectroniques.<\/li>\n<\/ol>\n<p>L&rsquo;eBook contient \u00e9galement des recommandations pour adopter des mesures durables dans la vie de tous les jours, permettant aux lecteurs de devenir des d\u00e9fenseurs des pratiques vertes et de sensibiliser leurs communaut\u00e9s.<\/p>\n<p>Pour plus de d\u00e9tails et pour t\u00e9l\u00e9charger le livre \u00e9lectronique, vous pouvez visiter le site officiel du projet GreenCo \u00e0 l&rsquo;adresse <a href=\"https:\/\/greenco-project.eu\">https:\/\/greenco-project.eu<\/a><\/p>\n\t\t\t\t\t\t<\/div>\n\t\t\t\t<\/div>\n\t\t\t\t\t<\/div>\n\t\t<\/div>\n\t\t\t\t\t\t\t<\/div>\n\t\t<\/section>\n\t\t\t\t<section class=\"elementor-section elementor-top-section elementor-element elementor-element-dcf81bd elementor-section-boxed elementor-section-height-default elementor-section-height-default\" data-id=\"dcf81bd\" data-element_type=\"section\">\n\t\t\t\t\t\t<div class=\"elementor-container elementor-column-gap-default\">\n\t\t\t\t\t<div class=\"elementor-column elementor-col-100 elementor-top-column elementor-element elementor-element-4d70e97\" data-id=\"4d70e97\" data-element_type=\"column\">\n\t\t\t<div class=\"elementor-widget-wrap elementor-element-populated\">\n\t\t\t\t\t\t\t\t<div class=\"elementor-element elementor-element-8104102 elementor-widget elementor-widget-heading\" data-id=\"8104102\" data-element_type=\"widget\" data-widget_type=\"heading.default\">\n\t\t\t\t<div class=\"elementor-widget-container\">\n\t\t\t<h2 class=\"elementor-heading-title elementor-size-default\">APP<\/h2>\t\t<\/div>\n\t\t\t\t<\/div>\n\t\t\t\t<div class=\"elementor-element elementor-element-10febdb elementor-widget elementor-widget-text-editor\" data-id=\"10febdb\" data-element_type=\"widget\" data-widget_type=\"text-editor.default\">\n\t\t\t\t<div class=\"elementor-widget-container\">\n\t\t\t\t\t\t\t<p>L&rsquo;application mobile du projet GreenCo est un outil innovant destin\u00e9 \u00e0 promouvoir l&rsquo;utilisation responsable des technologies et \u00e0 r\u00e9duire la pollution num\u00e9rique. Cette application, d\u00e9velopp\u00e9e dans le cadre du programme Erasmus+ de l&rsquo;Union europ\u00e9enne, vise \u00e0 sensibiliser les utilisateurs \u00e0 l&rsquo;impact environnemental de l&rsquo;utilisation excessive des donn\u00e9es et \u00e0 proposer des solutions pratiques pour le minimiser.<\/p>\n<p>L&rsquo;objectif est de d\u00e9velopper une application qui contribuera \u00e0 sensibiliser les utilisateurs \u00e2g\u00e9s de 15 \u00e0 29 ans \u00e0 l&rsquo;informatique verte. En raison de l&rsquo;\u00e2ge du public cible, le moyen le plus efficace d&rsquo;attirer son attention est d&rsquo;ajouter la gamification \u00e0 la pr\u00e9sentation du contenu. L&rsquo;enseignement et l&rsquo;\u00e9valuation sont pr\u00e9sent\u00e9s sous forme de jeu, encourageant l&rsquo;utilisateur \u00e0 progresser \u00e0 travers les diff\u00e9rentes \u00e9tapes et les diff\u00e9rents aspects du parcours d&rsquo;apprentissage et d&rsquo;information. L&rsquo;application pr\u00e9sente quelques aspects innovants :<\/p>\n<ul>\n  <li><b>Gamification :<\/b> l&rsquo;application pr\u00e9sentera des conseils en mati\u00e8re d&rsquo;informatique \u00e9cologique qui aideront \u00e0 accro\u00eetre les connaissances et la sensibilisation des utilisateurs \u00e0 l&rsquo;action que les simples utilisateurs de l&rsquo;informatique peuvent mettre en \u0153uvre dans leur utilisation quotidienne de la technologie.<\/li>\n  <li><b>Timing :<\/b> l&rsquo;application ajoutera des jeux tels qu&rsquo;une salle de jeu o\u00f9 les utilisateurs devront interagir avec l&rsquo;environnement en r\u00e9pondant \u00e0 des quiz, en testant leurs connaissances sur l&rsquo;informatique verte ou en prenant des d\u00e9cisions dans des situations et des contextes qu&rsquo;ils pourraient vivre au quotidien. Lorsque les r\u00e9ponses ou les d\u00e9cisions ne sont pas valables, l&rsquo;utilisateur est p\u00e9nalis\u00e9 dans le jeu, qui affiche en m\u00eame temps un indice sur l&rsquo;aspect sp\u00e9cifique du sujet.<\/li>\n<\/ul>\n<p>L&rsquo;application fait \u00e9galement partie d&rsquo;une bo\u00eete \u00e0 outils \u00e9ducative qui comprend un livre \u00e9lectronique et un cours en ligne (MOOC), con\u00e7u pour fournir une formation compl\u00e8te sur la r\u00e9duction de la pollution num\u00e9rique et l&rsquo;adoption d&rsquo;habitudes technologiques durables.<\/p>\n<p>Pour plus d&rsquo;informations et pour t\u00e9l\u00e9charger l&rsquo;application, vous pouvez visiter le site officiel du projet GreenCo <a href=\"https:\/\/greenco-project.eu\/green-app\/\">https:\/\/greenco-project.eu\/green-app\/<\/a><\/p>\n\t\t\t\t\t\t<\/div>\n\t\t\t\t<\/div>\n\t\t\t\t\t<\/div>\n\t\t<\/div>\n\t\t\t\t\t\t\t<\/div>\n\t\t<\/section>\n\t\t\t\t<section class=\"elementor-section elementor-top-section elementor-element elementor-element-508ad18 elementor-section-boxed elementor-section-height-default elementor-section-height-default\" data-id=\"508ad18\" data-element_type=\"section\">\n\t\t\t\t\t\t<div class=\"elementor-container elementor-column-gap-default\">\n\t\t\t\t\t<div class=\"elementor-column elementor-col-100 elementor-top-column elementor-element elementor-element-940efa8\" data-id=\"940efa8\" data-element_type=\"column\">\n\t\t\t<div class=\"elementor-widget-wrap elementor-element-populated\">\n\t\t\t\t\t\t\t\t<div class=\"elementor-element elementor-element-9cb56ab elementor-widget elementor-widget-heading\" data-id=\"9cb56ab\" data-element_type=\"widget\" data-widget_type=\"heading.default\">\n\t\t\t\t<div class=\"elementor-widget-container\">\n\t\t\t<h2 class=\"elementor-heading-title elementor-size-default\">MOOC<\/h2>\t\t<\/div>\n\t\t\t\t<\/div>\n\t\t\t\t<div class=\"elementor-element elementor-element-a12b6b5 elementor-widget elementor-widget-text-editor\" data-id=\"a12b6b5\" data-element_type=\"widget\" data-widget_type=\"text-editor.default\">\n\t\t\t\t<div class=\"elementor-widget-container\">\n\t\t\t\t\t\t\t<div class=\"section\">\n<h2><span style=\"font-family: Poppins; color: var( --e-global-color-text ); font-weight: var( --e-global-typography-text-font-weight ); font-size: 17px;\">Le r\u00e9sultat du projet est un MOOC, con\u00e7u pour permettre \u00e0 toute personne int\u00e9ress\u00e9e d&rsquo;apprendre les moyens disponibles pour r\u00e9duire la g\u00e9n\u00e9ration de pollution num\u00e9rique et faire un usage responsable de la technologie. Ce projet sera d\u00e9velopp\u00e9 en deux phases :<\/span><br><\/h2>\n<ol class=\"unit-list\">\n<li>Premi\u00e8re phase: la m\u00e9thodologie du MOOC sera con\u00e7ue et les \u00e9l\u00e9ments contenus dans chaque unit\u00e9, sa dur\u00e9e, les formes de communication, etc. seront d\u00e9finis.<\/li>\n<li>Deuxi\u00e8me phase : les partenaires impliqu\u00e9s dans cette t\u00e2che d\u00e9velopperont le contenu en suivant les m\u00eames lignes directrices.<\/li>\n<\/ol>\n<p>Le MOOC sera compos\u00e9 de trois unit\u00e9s d&rsquo;apprentissage :<\/p>\n<ul class=\"unit-list\">\n<li>Lapollution num\u00e9rique.<\/li>\n<li>Conseils pour r\u00e9duire l&#8217;empreinte carbone des appareils \u00e9lectroniques sur la base d&rsquo;une consommation d&rsquo;\u00e9nergie efficace et du recyclage des d\u00e9chets \u00e9lectroniques.<\/li>\n<li>Fonctionnement de l&rsquo;application informatique verte.<\/li>\n<\/ul>\n<p>Tous les contenus seront publi\u00e9s ouvertement sur une plateforme Moodle d&rsquo;auto-inscription, accessible \u00e0 toute personne int\u00e9ress\u00e9e par l&rsquo;acquisition de ces connaissances, et seront disponibles en cinq langues (anglais, espagnol, bulgare, italien et fran\u00e7ais). Les groupes cibles sont principalement les \u00e9tudiants et le personnel des partenaires travaillant sur le projet et les diff\u00e9rentes parties prenantes impliqu\u00e9es. Comme le MOOC sera publi\u00e9 ouvertement, les utilisateurs potentiels du MOOC sont tous les \u00e9tudiants et le personnel li\u00e9s \u00e0 l&rsquo;enseignement et \u00e0 la formation professionnels en Europe. En ce qui concerne l&rsquo;analyse des besoins et les \u00e9l\u00e9ments d&rsquo;innovation, il convient de pr\u00e9ciser que les MOOC sont des cours en ligne qui permettent aux participants d&rsquo;acc\u00e9der librement et de participer sans restriction \u00e0 tout cours de leur choix. Nous sommes actuellement en cours d&rsquo;\u00e9laboration. Il sera bient\u00f4t disponible.<\/p>\n<\/div>\t\t\t\t\t\t<\/div>\n\t\t\t\t<\/div>\n\t\t\t\t\t<\/div>\n\t\t<\/div>\n\t\t\t\t\t\t\t<\/div>\n\t\t<\/section>\n\t\t\t\t\t\t\t<\/div>\n\t\t","protected":false},"excerpt":{"rendered":"<p>Resultat Ebook L&rsquo;eBook du projet GreenCo, intitul\u00e9 \u00ab\u00a0La menace invisible : les d\u00e9chets \u00e9lectroniques et la pollution num\u00e9rique\u00a0\u00bb, se concentre sur quatre points principaux : la consommation d&rsquo;\u00e9nergie, le recyclage des d\u00e9chets \u00e9lectroniques, les initiatives de consommation responsable et la l\u00e9gislation environnementale. Voyons bri\u00e8vement en quoi consistent ces quatre chapitres : Consommation d&rsquo;\u00e9nergie : Ce &#8230; <a title=\"Resultat\" class=\"read-more\" href=\"https:\/\/greenco-project.eu\/fr\/resultat\/\" aria-label=\"Plus sur Resultat\">Read More<\/a><\/p>\n","protected":false},"author":1,"featured_media":0,"parent":0,"menu_order":0,"comment_status":"closed","ping_status":"closed","template":"elementor_header_footer","meta":{"footnotes":""},"class_list":["post-6825","page","type-page","status-publish"],"yoast_head":"<!-- This site is optimized with the Yoast SEO plugin v19.13 - https:\/\/yoast.com\/wordpress\/plugins\/seo\/ -->\n<title>Resultat - GreenCo<\/title>\n<meta name=\"robots\" content=\"index, follow, max-snippet:-1, max-image-preview:large, max-video-preview:-1\" \/>\n<link rel=\"canonical\" href=\"https:\/\/greenco-project.eu\/fr\/resultat\/\" \/>\n<meta property=\"og:locale\" content=\"fr_FR\" \/>\n<meta property=\"og:type\" content=\"article\" \/>\n<meta property=\"og:title\" content=\"Resultat - GreenCo\" \/>\n<meta property=\"og:description\" content=\"Resultat Ebook L&rsquo;eBook du projet GreenCo, intitul\u00e9 \u00ab\u00a0La menace invisible : les d\u00e9chets \u00e9lectroniques et la pollution num\u00e9rique\u00a0\u00bb, se concentre sur quatre points principaux : la consommation d&rsquo;\u00e9nergie, le recyclage des d\u00e9chets \u00e9lectroniques, les initiatives de consommation responsable et la l\u00e9gislation environnementale. Voyons bri\u00e8vement en quoi consistent ces quatre chapitres : Consommation d&rsquo;\u00e9nergie : Ce ... Read More\" \/>\n<meta property=\"og:url\" content=\"https:\/\/greenco-project.eu\/fr\/resultat\/\" \/>\n<meta property=\"og:site_name\" content=\"GreenCo\" \/>\n<meta property=\"article:modified_time\" content=\"2024-07-10T10:26:25+00:00\" \/>\n<meta name=\"twitter:card\" content=\"summary_large_image\" \/>\n<meta name=\"twitter:label1\" content=\"Dur\u00e9e de lecture estim\u00e9e\" \/>\n\t<meta name=\"twitter:data1\" content=\"4 minutes\" \/>\n<script type=\"application\/ld+json\" class=\"yoast-schema-graph\">{\"@context\":\"https:\/\/schema.org\",\"@graph\":[{\"@type\":\"WebPage\",\"@id\":\"https:\/\/greenco-project.eu\/fr\/resultat\/\",\"url\":\"https:\/\/greenco-project.eu\/fr\/resultat\/\",\"name\":\"Resultat - GreenCo\",\"isPartOf\":{\"@id\":\"https:\/\/greenco-project.eu\/fr\/#website\"},\"datePublished\":\"2024-07-10T09:24:12+00:00\",\"dateModified\":\"2024-07-10T10:26:25+00:00\",\"breadcrumb\":{\"@id\":\"https:\/\/greenco-project.eu\/fr\/resultat\/#breadcrumb\"},\"inLanguage\":\"fr-FR\",\"potentialAction\":[{\"@type\":\"ReadAction\",\"target\":[\"https:\/\/greenco-project.eu\/fr\/resultat\/\"]}]},{\"@type\":\"BreadcrumbList\",\"@id\":\"https:\/\/greenco-project.eu\/fr\/resultat\/#breadcrumb\",\"itemListElement\":[{\"@type\":\"ListItem\",\"position\":1,\"name\":\"Portada\",\"item\":\"https:\/\/greenco-project.eu\/fr\/\"},{\"@type\":\"ListItem\",\"position\":2,\"name\":\"Resultat\"}]},{\"@type\":\"WebSite\",\"@id\":\"https:\/\/greenco-project.eu\/fr\/#website\",\"url\":\"https:\/\/greenco-project.eu\/fr\/\",\"name\":\"GreenCo\",\"description\":\"Just another WordPress site\",\"publisher\":{\"@id\":\"https:\/\/greenco-project.eu\/fr\/#organization\"},\"potentialAction\":[{\"@type\":\"SearchAction\",\"target\":{\"@type\":\"EntryPoint\",\"urlTemplate\":\"https:\/\/greenco-project.eu\/fr\/?s={search_term_string}\"},\"query-input\":\"required name=search_term_string\"}],\"inLanguage\":\"fr-FR\"},{\"@type\":\"Organization\",\"@id\":\"https:\/\/greenco-project.eu\/fr\/#organization\",\"name\":\"GreenCo\",\"url\":\"https:\/\/greenco-project.eu\/fr\/\",\"logo\":{\"@type\":\"ImageObject\",\"inLanguage\":\"fr-FR\",\"@id\":\"https:\/\/greenco-project.eu\/fr\/#\/schema\/logo\/image\/\",\"url\":\"https:\/\/greenco-project.eu\/wp-content\/uploads\/2022\/12\/LogosTop.svg\",\"contentUrl\":\"https:\/\/greenco-project.eu\/wp-content\/uploads\/2022\/12\/LogosTop.svg\",\"width\":682,\"height\":86,\"caption\":\"GreenCo\"},\"image\":{\"@id\":\"https:\/\/greenco-project.eu\/fr\/#\/schema\/logo\/image\/\"}}]}<\/script>\n<!-- \/ Yoast SEO plugin. -->","yoast_head_json":{"title":"Resultat - GreenCo","robots":{"index":"index","follow":"follow","max-snippet":"max-snippet:-1","max-image-preview":"max-image-preview:large","max-video-preview":"max-video-preview:-1"},"canonical":"https:\/\/greenco-project.eu\/fr\/resultat\/","og_locale":"fr_FR","og_type":"article","og_title":"Resultat - GreenCo","og_description":"Resultat Ebook L&rsquo;eBook du projet GreenCo, intitul\u00e9 \u00ab\u00a0La menace invisible : les d\u00e9chets \u00e9lectroniques et la pollution num\u00e9rique\u00a0\u00bb, se concentre sur quatre points principaux : la consommation d&rsquo;\u00e9nergie, le recyclage des d\u00e9chets \u00e9lectroniques, les initiatives de consommation responsable et la l\u00e9gislation environnementale. Voyons bri\u00e8vement en quoi consistent ces quatre chapitres : Consommation d&rsquo;\u00e9nergie : Ce ... Read More","og_url":"https:\/\/greenco-project.eu\/fr\/resultat\/","og_site_name":"GreenCo","article_modified_time":"2024-07-10T10:26:25+00:00","twitter_card":"summary_large_image","twitter_misc":{"Dur\u00e9e de lecture estim\u00e9e":"4 minutes"},"schema":{"@context":"https:\/\/schema.org","@graph":[{"@type":"WebPage","@id":"https:\/\/greenco-project.eu\/fr\/resultat\/","url":"https:\/\/greenco-project.eu\/fr\/resultat\/","name":"Resultat - GreenCo","isPartOf":{"@id":"https:\/\/greenco-project.eu\/fr\/#website"},"datePublished":"2024-07-10T09:24:12+00:00","dateModified":"2024-07-10T10:26:25+00:00","breadcrumb":{"@id":"https:\/\/greenco-project.eu\/fr\/resultat\/#breadcrumb"},"inLanguage":"fr-FR","potentialAction":[{"@type":"ReadAction","target":["https:\/\/greenco-project.eu\/fr\/resultat\/"]}]},{"@type":"BreadcrumbList","@id":"https:\/\/greenco-project.eu\/fr\/resultat\/#breadcrumb","itemListElement":[{"@type":"ListItem","position":1,"name":"Portada","item":"https:\/\/greenco-project.eu\/fr\/"},{"@type":"ListItem","position":2,"name":"Resultat"}]},{"@type":"WebSite","@id":"https:\/\/greenco-project.eu\/fr\/#website","url":"https:\/\/greenco-project.eu\/fr\/","name":"GreenCo","description":"Just another WordPress site","publisher":{"@id":"https:\/\/greenco-project.eu\/fr\/#organization"},"potentialAction":[{"@type":"SearchAction","target":{"@type":"EntryPoint","urlTemplate":"https:\/\/greenco-project.eu\/fr\/?s={search_term_string}"},"query-input":"required name=search_term_string"}],"inLanguage":"fr-FR"},{"@type":"Organization","@id":"https:\/\/greenco-project.eu\/fr\/#organization","name":"GreenCo","url":"https:\/\/greenco-project.eu\/fr\/","logo":{"@type":"ImageObject","inLanguage":"fr-FR","@id":"https:\/\/greenco-project.eu\/fr\/#\/schema\/logo\/image\/","url":"https:\/\/greenco-project.eu\/wp-content\/uploads\/2022\/12\/LogosTop.svg","contentUrl":"https:\/\/greenco-project.eu\/wp-content\/uploads\/2022\/12\/LogosTop.svg","width":682,"height":86,"caption":"GreenCo"},"image":{"@id":"https:\/\/greenco-project.eu\/fr\/#\/schema\/logo\/image\/"}}]}},"_links":{"self":[{"href":"https:\/\/greenco-project.eu\/fr\/wp-json\/wp\/v2\/pages\/6825","targetHints":{"allow":["GET"]}}],"collection":[{"href":"https:\/\/greenco-project.eu\/fr\/wp-json\/wp\/v2\/pages"}],"about":[{"href":"https:\/\/greenco-project.eu\/fr\/wp-json\/wp\/v2\/types\/page"}],"author":[{"embeddable":true,"href":"https:\/\/greenco-project.eu\/fr\/wp-json\/wp\/v2\/users\/1"}],"replies":[{"embeddable":true,"href":"https:\/\/greenco-project.eu\/fr\/wp-json\/wp\/v2\/comments?post=6825"}],"version-history":[{"count":10,"href":"https:\/\/greenco-project.eu\/fr\/wp-json\/wp\/v2\/pages\/6825\/revisions"}],"predecessor-version":[{"id":6928,"href":"https:\/\/greenco-project.eu\/fr\/wp-json\/wp\/v2\/pages\/6825\/revisions\/6928"}],"wp:attachment":[{"href":"https:\/\/greenco-project.eu\/fr\/wp-json\/wp\/v2\/media?parent=6825"}],"curies":[{"name":"wp","href":"https:\/\/api.w.org\/{rel}","templated":true}]}}