{"id":6724,"date":"2024-07-10T08:05:24","date_gmt":"2024-07-10T08:05:24","guid":{"rendered":"https:\/\/greenco-project.eu\/?page_id=6724"},"modified":"2024-12-20T11:31:15","modified_gmt":"2024-12-20T11:31:15","slug":"evenement-multiplicateur","status":"publish","type":"page","link":"https:\/\/greenco-project.eu\/fr\/evenement-multiplicateur\/","title":{"rendered":"\u00e9v\u00e9nement multiplicateur"},"content":{"rendered":"\t\t<div data-elementor-type=\"wp-page\" data-elementor-id=\"6724\" class=\"elementor elementor-6724 elementor-6711\">\n\t\t\t\t\t\t\t\t\t<section class=\"elementor-section elementor-top-section elementor-element elementor-element-e176d4f elementor-section-full_width elementor-section-stretched elementor-section-height-default elementor-section-height-default\" data-id=\"e176d4f\" data-element_type=\"section\" data-settings=\"{&quot;stretch_section&quot;:&quot;section-stretched&quot;,&quot;background_background&quot;:&quot;classic&quot;}\">\n\t\t\t\t\t\t\t<div class=\"elementor-background-overlay\"><\/div>\n\t\t\t\t\t\t\t<div class=\"elementor-container elementor-column-gap-no\">\n\t\t\t\t\t<div class=\"elementor-column elementor-col-100 elementor-top-column elementor-element elementor-element-fe178f4\" data-id=\"fe178f4\" data-element_type=\"column\">\n\t\t\t<div class=\"elementor-widget-wrap elementor-element-populated\">\n\t\t\t\t\t\t\t\t<div class=\"elementor-element elementor-element-ee416fe elementor-widget elementor-widget-heading\" data-id=\"ee416fe\" data-element_type=\"widget\" data-widget_type=\"heading.default\">\n\t\t\t\t<div class=\"elementor-widget-container\">\n\t\t\t<style>\/*! elementor - v3.13.3 - 28-05-2023 *\/\n.elementor-heading-title{padding:0;margin:0;line-height:1}.elementor-widget-heading .elementor-heading-title[class*=elementor-size-]>a{color:inherit;font-size:inherit;line-height:inherit}.elementor-widget-heading .elementor-heading-title.elementor-size-small{font-size:15px}.elementor-widget-heading .elementor-heading-title.elementor-size-medium{font-size:19px}.elementor-widget-heading .elementor-heading-title.elementor-size-large{font-size:29px}.elementor-widget-heading .elementor-heading-title.elementor-size-xl{font-size:39px}.elementor-widget-heading .elementor-heading-title.elementor-size-xxl{font-size:59px}<\/style><h1 class=\"elementor-heading-title elementor-size-default\">\u00c9v\u00e9nement multiplicateur<\/h1>\t\t<\/div>\n\t\t\t\t<\/div>\n\t\t\t\t\t<\/div>\n\t\t<\/div>\n\t\t\t\t\t\t\t<\/div>\n\t\t<\/section>\n\t\t\t\t<section class=\"elementor-section elementor-top-section elementor-element elementor-element-993c6f7 elementor-section-boxed elementor-section-height-default elementor-section-height-default\" data-id=\"993c6f7\" data-element_type=\"section\">\n\t\t\t\t\t\t<div class=\"elementor-container elementor-column-gap-default\">\n\t\t\t\t\t<div class=\"elementor-column elementor-col-100 elementor-top-column elementor-element elementor-element-e202c5c\" data-id=\"e202c5c\" data-element_type=\"column\">\n\t\t\t<div class=\"elementor-widget-wrap elementor-element-populated\">\n\t\t\t\t\t\t\t\t<div class=\"elementor-element elementor-element-1f56d2c elementor-widget elementor-widget-heading\" data-id=\"1f56d2c\" data-element_type=\"widget\" data-widget_type=\"heading.default\">\n\t\t\t\t<div class=\"elementor-widget-container\">\n\t\t\t<h2 class=\"elementor-heading-title elementor-size-default\"><span style=\"color: #8fc33b; \">Un \u00e9v\u00e9nement multiplicateur<\/span>\n\n<\/h2>\t\t<\/div>\n\t\t\t\t<\/div>\n\t\t\t\t<div class=\"elementor-element elementor-element-f7b3881 elementor-widget elementor-widget-text-editor\" data-id=\"f7b3881\" data-element_type=\"widget\" data-widget_type=\"text-editor.default\">\n\t\t\t\t<div class=\"elementor-widget-container\">\n\t\t\t<style>\/*! elementor - v3.13.3 - 28-05-2023 *\/\n.elementor-widget-text-editor.elementor-drop-cap-view-stacked .elementor-drop-cap{background-color:#69727d;color:#fff}.elementor-widget-text-editor.elementor-drop-cap-view-framed .elementor-drop-cap{color:#69727d;border:3px solid;background-color:transparent}.elementor-widget-text-editor:not(.elementor-drop-cap-view-default) .elementor-drop-cap{margin-top:8px}.elementor-widget-text-editor:not(.elementor-drop-cap-view-default) .elementor-drop-cap-letter{width:1em;height:1em}.elementor-widget-text-editor .elementor-drop-cap{float:left;text-align:center;line-height:1;font-size:50px}.elementor-widget-text-editor .elementor-drop-cap-letter{display:inline-block}<\/style>\t\t\t\t<p>Les \u00e9v\u00e9nements multiplicateurs Erasmus Plus sont des activit\u00e9s essentielles pour diffuser et maximiser l&rsquo;impact des projets financ\u00e9s par le programme. Par le biais de conf\u00e9rences, d&rsquo;ateliers et de s\u00e9minaires, ils rassemblent des participants de divers \u00e9tablissements et secteurs, favorisant l&rsquo;\u00e9change d&rsquo;exp\u00e9riences et de bonnes pratiques. Ces \u00e9v\u00e9nements encouragent la collaboration et la mise en r\u00e9seau, favorisant l&rsquo;innovation dans l&rsquo;\u00e9ducation et la formation, et garantissent que les r\u00e9sultats des projets atteignent un public plus large, \u00e9tendant ainsi les b\u00e9n\u00e9fices d&rsquo;Erasmus Plus au-del\u00e0 des participants directs.<\/p>\n\n<p>Dans le cadre du projet Greenco, 3 des 4 \u00e9v\u00e9nements multiplicateurs ont d\u00e9j\u00e0 eu lieu.<\/p>\t\t\t\t\t\t<\/div>\n\t\t\t\t<\/div>\n\t\t\t\t<div class=\"elementor-element elementor-element-5df35f6 elementor-widget elementor-widget-heading\" data-id=\"5df35f6\" data-element_type=\"widget\" data-widget_type=\"heading.default\">\n\t\t\t\t<div class=\"elementor-widget-container\">\n\t\t\t<h2 class=\"elementor-heading-title elementor-size-default\"><span style=\"color: #8fc33b;\">GreenCo <b style=\"color:#07804b\">in France<\/b><\/span><\/h2>\t\t<\/div>\n\t\t\t\t<\/div>\n\t\t\t\t<div class=\"elementor-element elementor-element-4113abd elementor-widget elementor-widget-text-editor\" data-id=\"4113abd\" data-element_type=\"widget\" data-widget_type=\"text-editor.default\">\n\t\t\t\t<div class=\"elementor-widget-container\">\n\t\t\t\t\t\t\t<p style=\"text-align: left;\">The GreenCo project is coming to an end. To celebrate our 3 achievements, we decided to organize 2 events in France to present them to a large public.<\/p>\n\n<p style=\"text-align: left;\">The first one was the assembly of partners of the Campus des M\u00e9tiers et des Qualifications Informatique et Electronique de Demain. GreenCo was presented to about 54 people: institutional partners (National Education, high schools&#8230;), companies (Dracula Technologies&#8230;). All adults were able to test the e-book and the quiz application free of charge. The Mooc was also demonstrated in English version<\/p>\t\t\t\t\t\t<\/div>\n\t\t\t\t<\/div>\n\t\t\t\t\t<\/div>\n\t\t<\/div>\n\t\t\t\t\t\t\t<\/div>\n\t\t<\/section>\n\t\t\t\t<section class=\"elementor-section elementor-top-section elementor-element elementor-element-7a8f2ea elementor-section-boxed elementor-section-height-default elementor-section-height-default\" data-id=\"7a8f2ea\" data-element_type=\"section\">\n\t\t\t\t\t\t<div class=\"elementor-container elementor-column-gap-default\">\n\t\t\t\t\t<div class=\"elementor-column elementor-col-50 elementor-top-column elementor-element elementor-element-cb66d9b\" data-id=\"cb66d9b\" data-element_type=\"column\">\n\t\t\t<div class=\"elementor-widget-wrap elementor-element-populated\">\n\t\t\t\t\t\t\t\t<div class=\"elementor-element elementor-element-4a562ff elementor-widget elementor-widget-image\" data-id=\"4a562ff\" data-element_type=\"widget\" data-widget_type=\"image.default\">\n\t\t\t\t<div class=\"elementor-widget-container\">\n\t\t\t<style>\/*! elementor - v3.13.3 - 28-05-2023 *\/\n.elementor-widget-image{text-align:center}.elementor-widget-image a{display:inline-block}.elementor-widget-image a img[src$=\".svg\"]{width:48px}.elementor-widget-image img{vertical-align:middle;display:inline-block}<\/style>\t\t\t\t\t\t\t\t\t\t\t\t<img decoding=\"async\" src=\"https:\/\/greenco-project.eu\/wp-content\/plugins\/elementor\/assets\/images\/placeholder.png\" title=\"\" alt=\"\" loading=\"lazy\" \/>\t\t\t\t\t\t\t\t\t\t\t\t\t\t\t<\/div>\n\t\t\t\t<\/div>\n\t\t\t\t\t<\/div>\n\t\t<\/div>\n\t\t\t\t<div class=\"elementor-column elementor-col-50 elementor-top-column elementor-element elementor-element-95f45e2\" data-id=\"95f45e2\" data-element_type=\"column\">\n\t\t\t<div class=\"elementor-widget-wrap\">\n\t\t\t\t\t\t\t\t\t<\/div>\n\t\t<\/div>\n\t\t\t\t\t\t\t<\/div>\n\t\t<\/section>\n\t\t\t\t<section class=\"elementor-section elementor-top-section elementor-element elementor-element-cc47b88 elementor-section-boxed elementor-section-height-default elementor-section-height-default\" data-id=\"cc47b88\" data-element_type=\"section\">\n\t\t\t\t\t\t<div class=\"elementor-container elementor-column-gap-default\">\n\t\t\t\t\t<div class=\"elementor-column elementor-col-100 elementor-top-column elementor-element elementor-element-003705a\" data-id=\"003705a\" data-element_type=\"column\">\n\t\t\t<div class=\"elementor-widget-wrap elementor-element-populated\">\n\t\t\t\t\t\t\t\t<div class=\"elementor-element elementor-element-d660483 elementor-widget elementor-widget-text-editor\" data-id=\"d660483\" data-element_type=\"widget\" data-widget_type=\"text-editor.default\">\n\t\t\t\t<div class=\"elementor-widget-container\">\n\t\t\t\t\t\t\t<p style=\"color: #07804b; text-align: left;\"><b>6 novembre 2024<\/b><\/p>\n\n<h5 style=\"text-align: left;\"><b>CENTRE NATIONAL DE REFERENCE POUR L&rsquo;INFORMATIQUE ET LES COMMUNICATIONS ET UNIVERSITE D&rsquo;ALCALA DE HENARES<\/b><\/h5>\n<p style=\"text-align: left;\">Une r\u00e9union cl\u00e9 dans notre <a style=\"text-decoration: underline;\" href=\"https:\/\/www.linkedin.com\/showcase\/crn-en-desarrollo-inform%C3%A1tico-y-comunicaciones\/\" target=\"_blank\" rel=\"noopener\"><b>CRN en d\u00e9veloppement informatique et communications<\/b><\/a> \u00e0 Getafe, o\u00f9 nous parlerons d&rsquo;un sujet tr\u00e8s pertinent :  Empreinte environnementale de la technologie. C&rsquo;est une occasion unique de se connecter avec des enseignants, des \u00e9tudiants, des associations et des professionnels du secteur ! \ud83c\udf93<\/p>\n<p style=\"text-align: left;\">Les objectifs sont clairs:<\/p>\n\n<ul>\n \t<li style=\"text-align: left;\">pr\u00e9senter les r\u00e9sultats obtenus dans le cadre du projet europ\u00e9en <a href=\"https:\/\/www.linkedin.com\/feed\/hashtag\/?keywords=greenco&amp;highlightedUpdateUrns=urn%3Ali%3Aactivity%3A7254422122175848450\" target=\"_blank\" rel=\"noopener\">hashtag#GREENCO.<\/a><\/li>\n \t<li style=\"text-align: left;\">cr\u00e9er une communaut\u00e9 qui promeut l&rsquo;\u00e9change de connaissances et favorise l&rsquo;insertion professionnelle dans le secteur technologique.<\/li>\n<\/ul>\t\t\t\t\t\t<\/div>\n\t\t\t\t<\/div>\n\t\t\t\t\t<\/div>\n\t\t<\/div>\n\t\t\t\t\t\t\t<\/div>\n\t\t<\/section>\n\t\t\t\t<section class=\"elementor-section elementor-top-section elementor-element elementor-element-b83d0dd elementor-section-boxed elementor-section-height-default elementor-section-height-default\" data-id=\"b83d0dd\" data-element_type=\"section\">\n\t\t\t\t\t\t<div class=\"elementor-container elementor-column-gap-default\">\n\t\t\t\t\t<div class=\"elementor-column elementor-col-100 elementor-top-column elementor-element elementor-element-3a71ca0\" data-id=\"3a71ca0\" data-element_type=\"column\">\n\t\t\t<div class=\"elementor-widget-wrap elementor-element-populated\">\n\t\t\t\t\t\t\t\t<div class=\"elementor-element elementor-element-c905769 elementor-widget elementor-widget-heading\" data-id=\"c905769\" data-element_type=\"widget\" data-widget_type=\"heading.default\">\n\t\t\t\t<div class=\"elementor-widget-container\">\n\t\t\t<h2 class=\"elementor-heading-title elementor-size-default\"><span style=\"color: #8fc33b;\">GreenCo <b style=\"color:#07804b\">en Itale<\/b><\/span><\/h2>\t\t<\/div>\n\t\t\t\t<\/div>\n\t\t\t\t<div class=\"elementor-element elementor-element-c30bfa6 elementor-widget elementor-widget-text-editor\" data-id=\"c30bfa6\" data-element_type=\"widget\" data-widget_type=\"text-editor.default\">\n\t\t\t\t<div class=\"elementor-widget-container\">\n\t\t\t\t\t\t\t<p style=\"color: #07804b; text-align: left;\"><b>7 novembre 2024<\/b><\/p>\n\n<h6><b><a style=\"color: #8fc33b; text-decoration: underline;\" href=\"https:\/\/itsincom.it\/\" target=\"_blank\" rel=\"noopener\">FONDAZIONE ITS PER L&rsquo;INFORMAZIONE E LA COMUNICAZIONE -INCOM<\/a><\/b><\/h6>\n<h6><b>D\u00c9COUVREZ LES OUTILS DE GREENCO<\/b><\/h6>\n<p style=\"text-align: left;\">Nous avons le plaisir de vous inviter le 7 novembre 2024 \u00e0 16h00 dans les locaux de ITSINCOM Academy c\/o Malpensafiere &#8211; Busto Arsizio \u00e0 l&rsquo;\u00e9v\u00e9nement &lsquo;EXPERIENCE GREENCO TOOLS. Innovation \u00e9ducative et durabilit\u00e9 : outils num\u00e9riques pour un avenir vert \u00bb, le moment final du projet Erasmus+ GreenCo.<\/p>\n\n<p style=\"text-align: left;\">L&rsquo;\u00e9v\u00e9nement sera une occasion unique d&rsquo;explorer l&rsquo;utilisation de m\u00e9thodologies et d&rsquo;outils p\u00e9dagogiques innovants pour le d\u00e9veloppement durable. Un livre \u00e9lectronique, une application (application \u00e9ducative en ligne) et un \u00ab cours en ligne ouvert et massif \u00bb<\/p>\n\n<p>(MOOC) d\u00e9velopp\u00e9s dans le cadre du projet europ\u00e9en GreenCo seront pr\u00e9sent\u00e9s lors de la r\u00e9union.<\/p>\n<p>Ces outils, con\u00e7us pour \u00e9duquer \u00e0 la r\u00e9duction de la pollution num\u00e9rique et aux \u00e9conomies d&rsquo;\u00e9nergie, constituent une ressource importante pour les enseignants et les \u00e9tudiants, offrant de nouvelles approches de l&rsquo;enseignement et sensibilisant \u00e0 l&rsquo;impact environnemental des technologies.<\/p>\n\n<p>Le projet GreenCo, d\u00e9velopp\u00e9 au cours des deux derni\u00e8res ann\u00e9es et cofinanc\u00e9 par l&rsquo;Union europ\u00e9enne, est dirig\u00e9 par la Comunidad de Madrid-D.G Formaci\u00f3n (CFTIC) en collaboration avec des partenaires europ\u00e9ens tels que l&rsquo;Universit\u00e9 d&rsquo;Alcal\u00e1 de Henares (UAH), la Fondation ITS pour l&rsquo;information et la communication (INCOM), le Campus des M\u00e9tiers et des Qualifications (CMQ) et l&rsquo;European Software Institute-Centre Eastern Europe (ESI).<\/p>\t\t\t\t\t\t<\/div>\n\t\t\t\t<\/div>\n\t\t\t\t\t<\/div>\n\t\t<\/div>\n\t\t\t\t\t\t\t<\/div>\n\t\t<\/section>\n\t\t\t\t<section class=\"elementor-section elementor-top-section elementor-element elementor-element-846e6d4 elementor-section-boxed elementor-section-height-default elementor-section-height-default\" data-id=\"846e6d4\" data-element_type=\"section\">\n\t\t\t\t\t\t<div class=\"elementor-container elementor-column-gap-default\">\n\t\t\t\t\t<div class=\"elementor-column elementor-col-100 elementor-top-column elementor-element elementor-element-da777d0\" data-id=\"da777d0\" data-element_type=\"column\">\n\t\t\t<div class=\"elementor-widget-wrap elementor-element-populated\">\n\t\t\t\t\t\t\t\t<div class=\"elementor-element elementor-element-8f18bda elementor-widget elementor-widget-heading\" data-id=\"8f18bda\" data-element_type=\"widget\" data-widget_type=\"heading.default\">\n\t\t\t\t<div class=\"elementor-widget-container\">\n\t\t\t<h2 class=\"elementor-heading-title elementor-size-default\"><span style=\"color: #8fc33b;\">GreenCo <b style=\"color:#07804b\">en Bulgary<\/b><\/span><\/h2>\t\t<\/div>\n\t\t\t\t<\/div>\n\t\t\t\t<div class=\"elementor-element elementor-element-ff00095 elementor-widget elementor-widget-text-editor\" data-id=\"ff00095\" data-element_type=\"widget\" data-widget_type=\"text-editor.default\">\n\t\t\t\t<div class=\"elementor-widget-container\">\n\t\t\t\t\t\t\t<p style=\"color: #07804b; text-align: left;\"><b>21 novembre 2024<\/b><\/p>\n<p><span style=\"font-family: Poppins; color: var( --e-global-color-text ); font-weight: var( --e-global-typography-text-font-weight );\">Le 21 novembre, 43 \u00e9l\u00e8ves \u00e2g\u00e9s de 14 \u00e0 16 ans ont particip\u00e9 \u00e0 un s\u00e9minaire pratique intitul\u00e9 \u00ab Comportement responsable dans l&rsquo;environnement num\u00e9rique \u00bb. L&rsquo;\u00e9v\u00e9nement s&rsquo;est d\u00e9roul\u00e9 dans le laboratoire de cybers\u00e9curit\u00e9 de pointe du Sofia Tech Park, en Bulgarie.<\/span><\/p>\n<p>Au cours de l&rsquo;atelier, les \u00e9l\u00e8ves ont explor\u00e9 des outils et des ressources innovants d\u00e9velopp\u00e9s dans le cadre du projet GreenCo. Les principaux th\u00e8mes abord\u00e9s \u00e9taient la r\u00e9duction de la pollution num\u00e9rique, l&rsquo;efficacit\u00e9 \u00e9nerg\u00e9tique dans l&rsquo;environnement num\u00e9rique et le recyclage des d\u00e9chets \u00e9lectroniques. Un jeu \u00e9ducatif interactif, inspir\u00e9 du livre \u00e9lectronique de GreenCo \u00ab The Invisible Threat : Digital Waste and Digital Pollution \u00bb, a ajout\u00e9 un \u00e9l\u00e9ment engageant \u00e0 l&rsquo;\u00e9v\u00e9nement. Le quiz anim\u00e9 a suscit\u00e9 l&rsquo;enthousiasme et s&rsquo;est achev\u00e9 par la remise de prix aux meilleurs participants.<\/p>\n<p>L&rsquo;\u00e9v\u00e9nement a d\u00e9montr\u00e9 avec succ\u00e8s comment l&rsquo;apprentissage interactif peut inciter les jeunes \u00e0 adopter des habitudes respectueuses de l&rsquo;environnement dans le monde num\u00e9rique.<\/p>\t\t\t\t\t\t<\/div>\n\t\t\t\t<\/div>\n\t\t\t\t\t<\/div>\n\t\t<\/div>\n\t\t\t\t\t\t\t<\/div>\n\t\t<\/section>\n\t\t\t\t\t\t\t<\/div>\n\t\t","protected":false},"excerpt":{"rendered":"<p>\u00c9v\u00e9nement multiplicateur Un \u00e9v\u00e9nement multiplicateur Les \u00e9v\u00e9nements multiplicateurs Erasmus Plus sont des activit\u00e9s essentielles pour diffuser et maximiser l&rsquo;impact des projets financ\u00e9s par le programme. Par le biais de conf\u00e9rences, d&rsquo;ateliers et de s\u00e9minaires, ils rassemblent des participants de divers \u00e9tablissements et secteurs, favorisant l&rsquo;\u00e9change d&rsquo;exp\u00e9riences et de bonnes pratiques. Ces \u00e9v\u00e9nements encouragent la collaboration &#8230; <a title=\"\u00e9v\u00e9nement multiplicateur\" class=\"read-more\" href=\"https:\/\/greenco-project.eu\/fr\/evenement-multiplicateur\/\" aria-label=\"Plus sur \u00e9v\u00e9nement multiplicateur\">Read More<\/a><\/p>\n","protected":false},"author":1,"featured_media":0,"parent":0,"menu_order":0,"comment_status":"closed","ping_status":"closed","template":"elementor_header_footer","meta":{"footnotes":""},"class_list":["post-6724","page","type-page","status-publish"],"yoast_head":"<!-- This site is optimized with the Yoast SEO plugin v19.13 - https:\/\/yoast.com\/wordpress\/plugins\/seo\/ -->\n<title>\u00e9v\u00e9nement multiplicateur - GreenCo<\/title>\n<meta name=\"robots\" content=\"index, follow, max-snippet:-1, max-image-preview:large, max-video-preview:-1\" \/>\n<link rel=\"canonical\" href=\"https:\/\/greenco-project.eu\/fr\/evenement-multiplicateur\/\" \/>\n<meta property=\"og:locale\" content=\"fr_FR\" \/>\n<meta property=\"og:type\" content=\"article\" \/>\n<meta property=\"og:title\" content=\"\u00e9v\u00e9nement multiplicateur - GreenCo\" \/>\n<meta property=\"og:description\" content=\"\u00c9v\u00e9nement multiplicateur Un \u00e9v\u00e9nement multiplicateur Les \u00e9v\u00e9nements multiplicateurs Erasmus Plus sont des activit\u00e9s essentielles pour diffuser et maximiser l&rsquo;impact des projets financ\u00e9s par le programme. Par le biais de conf\u00e9rences, d&rsquo;ateliers et de s\u00e9minaires, ils rassemblent des participants de divers \u00e9tablissements et secteurs, favorisant l&rsquo;\u00e9change d&rsquo;exp\u00e9riences et de bonnes pratiques. Ces \u00e9v\u00e9nements encouragent la collaboration ... Read More\" \/>\n<meta property=\"og:url\" content=\"https:\/\/greenco-project.eu\/fr\/evenement-multiplicateur\/\" \/>\n<meta property=\"og:site_name\" content=\"GreenCo\" \/>\n<meta property=\"article:modified_time\" content=\"2024-12-20T11:31:15+00:00\" \/>\n<meta property=\"og:image\" content=\"https:\/\/greenco-project.eu\/wp-content\/plugins\/elementor\/assets\/images\/placeholder.png\" \/>\n<meta name=\"twitter:card\" content=\"summary_large_image\" \/>\n<meta name=\"twitter:label1\" content=\"Dur\u00e9e de lecture estim\u00e9e\" \/>\n\t<meta name=\"twitter:data1\" content=\"4 minutes\" \/>\n<script type=\"application\/ld+json\" class=\"yoast-schema-graph\">{\"@context\":\"https:\/\/schema.org\",\"@graph\":[{\"@type\":\"WebPage\",\"@id\":\"https:\/\/greenco-project.eu\/fr\/evenement-multiplicateur\/\",\"url\":\"https:\/\/greenco-project.eu\/fr\/evenement-multiplicateur\/\",\"name\":\"\u00e9v\u00e9nement multiplicateur - GreenCo\",\"isPartOf\":{\"@id\":\"https:\/\/greenco-project.eu\/fr\/#website\"},\"datePublished\":\"2024-07-10T08:05:24+00:00\",\"dateModified\":\"2024-12-20T11:31:15+00:00\",\"breadcrumb\":{\"@id\":\"https:\/\/greenco-project.eu\/fr\/evenement-multiplicateur\/#breadcrumb\"},\"inLanguage\":\"fr-FR\",\"potentialAction\":[{\"@type\":\"ReadAction\",\"target\":[\"https:\/\/greenco-project.eu\/fr\/evenement-multiplicateur\/\"]}]},{\"@type\":\"BreadcrumbList\",\"@id\":\"https:\/\/greenco-project.eu\/fr\/evenement-multiplicateur\/#breadcrumb\",\"itemListElement\":[{\"@type\":\"ListItem\",\"position\":1,\"name\":\"Portada\",\"item\":\"https:\/\/greenco-project.eu\/fr\/\"},{\"@type\":\"ListItem\",\"position\":2,\"name\":\"\u00e9v\u00e9nement multiplicateur\"}]},{\"@type\":\"WebSite\",\"@id\":\"https:\/\/greenco-project.eu\/fr\/#website\",\"url\":\"https:\/\/greenco-project.eu\/fr\/\",\"name\":\"GreenCo\",\"description\":\"Just another WordPress site\",\"publisher\":{\"@id\":\"https:\/\/greenco-project.eu\/fr\/#organization\"},\"potentialAction\":[{\"@type\":\"SearchAction\",\"target\":{\"@type\":\"EntryPoint\",\"urlTemplate\":\"https:\/\/greenco-project.eu\/fr\/?s={search_term_string}\"},\"query-input\":\"required name=search_term_string\"}],\"inLanguage\":\"fr-FR\"},{\"@type\":\"Organization\",\"@id\":\"https:\/\/greenco-project.eu\/fr\/#organization\",\"name\":\"GreenCo\",\"url\":\"https:\/\/greenco-project.eu\/fr\/\",\"logo\":{\"@type\":\"ImageObject\",\"inLanguage\":\"fr-FR\",\"@id\":\"https:\/\/greenco-project.eu\/fr\/#\/schema\/logo\/image\/\",\"url\":\"https:\/\/greenco-project.eu\/wp-content\/uploads\/2022\/12\/LogosTop.svg\",\"contentUrl\":\"https:\/\/greenco-project.eu\/wp-content\/uploads\/2022\/12\/LogosTop.svg\",\"width\":682,\"height\":86,\"caption\":\"GreenCo\"},\"image\":{\"@id\":\"https:\/\/greenco-project.eu\/fr\/#\/schema\/logo\/image\/\"}}]}<\/script>\n<!-- \/ Yoast SEO plugin. -->","yoast_head_json":{"title":"\u00e9v\u00e9nement multiplicateur - GreenCo","robots":{"index":"index","follow":"follow","max-snippet":"max-snippet:-1","max-image-preview":"max-image-preview:large","max-video-preview":"max-video-preview:-1"},"canonical":"https:\/\/greenco-project.eu\/fr\/evenement-multiplicateur\/","og_locale":"fr_FR","og_type":"article","og_title":"\u00e9v\u00e9nement multiplicateur - GreenCo","og_description":"\u00c9v\u00e9nement multiplicateur Un \u00e9v\u00e9nement multiplicateur Les \u00e9v\u00e9nements multiplicateurs Erasmus Plus sont des activit\u00e9s essentielles pour diffuser et maximiser l&rsquo;impact des projets financ\u00e9s par le programme. Par le biais de conf\u00e9rences, d&rsquo;ateliers et de s\u00e9minaires, ils rassemblent des participants de divers \u00e9tablissements et secteurs, favorisant l&rsquo;\u00e9change d&rsquo;exp\u00e9riences et de bonnes pratiques. Ces \u00e9v\u00e9nements encouragent la collaboration ... Read More","og_url":"https:\/\/greenco-project.eu\/fr\/evenement-multiplicateur\/","og_site_name":"GreenCo","article_modified_time":"2024-12-20T11:31:15+00:00","og_image":[{"url":"https:\/\/greenco-project.eu\/wp-content\/plugins\/elementor\/assets\/images\/placeholder.png"}],"twitter_card":"summary_large_image","twitter_misc":{"Dur\u00e9e de lecture estim\u00e9e":"4 minutes"},"schema":{"@context":"https:\/\/schema.org","@graph":[{"@type":"WebPage","@id":"https:\/\/greenco-project.eu\/fr\/evenement-multiplicateur\/","url":"https:\/\/greenco-project.eu\/fr\/evenement-multiplicateur\/","name":"\u00e9v\u00e9nement multiplicateur - GreenCo","isPartOf":{"@id":"https:\/\/greenco-project.eu\/fr\/#website"},"datePublished":"2024-07-10T08:05:24+00:00","dateModified":"2024-12-20T11:31:15+00:00","breadcrumb":{"@id":"https:\/\/greenco-project.eu\/fr\/evenement-multiplicateur\/#breadcrumb"},"inLanguage":"fr-FR","potentialAction":[{"@type":"ReadAction","target":["https:\/\/greenco-project.eu\/fr\/evenement-multiplicateur\/"]}]},{"@type":"BreadcrumbList","@id":"https:\/\/greenco-project.eu\/fr\/evenement-multiplicateur\/#breadcrumb","itemListElement":[{"@type":"ListItem","position":1,"name":"Portada","item":"https:\/\/greenco-project.eu\/fr\/"},{"@type":"ListItem","position":2,"name":"\u00e9v\u00e9nement multiplicateur"}]},{"@type":"WebSite","@id":"https:\/\/greenco-project.eu\/fr\/#website","url":"https:\/\/greenco-project.eu\/fr\/","name":"GreenCo","description":"Just another WordPress site","publisher":{"@id":"https:\/\/greenco-project.eu\/fr\/#organization"},"potentialAction":[{"@type":"SearchAction","target":{"@type":"EntryPoint","urlTemplate":"https:\/\/greenco-project.eu\/fr\/?s={search_term_string}"},"query-input":"required name=search_term_string"}],"inLanguage":"fr-FR"},{"@type":"Organization","@id":"https:\/\/greenco-project.eu\/fr\/#organization","name":"GreenCo","url":"https:\/\/greenco-project.eu\/fr\/","logo":{"@type":"ImageObject","inLanguage":"fr-FR","@id":"https:\/\/greenco-project.eu\/fr\/#\/schema\/logo\/image\/","url":"https:\/\/greenco-project.eu\/wp-content\/uploads\/2022\/12\/LogosTop.svg","contentUrl":"https:\/\/greenco-project.eu\/wp-content\/uploads\/2022\/12\/LogosTop.svg","width":682,"height":86,"caption":"GreenCo"},"image":{"@id":"https:\/\/greenco-project.eu\/fr\/#\/schema\/logo\/image\/"}}]}},"_links":{"self":[{"href":"https:\/\/greenco-project.eu\/fr\/wp-json\/wp\/v2\/pages\/6724","targetHints":{"allow":["GET"]}}],"collection":[{"href":"https:\/\/greenco-project.eu\/fr\/wp-json\/wp\/v2\/pages"}],"about":[{"href":"https:\/\/greenco-project.eu\/fr\/wp-json\/wp\/v2\/types\/page"}],"author":[{"embeddable":true,"href":"https:\/\/greenco-project.eu\/fr\/wp-json\/wp\/v2\/users\/1"}],"replies":[{"embeddable":true,"href":"https:\/\/greenco-project.eu\/fr\/wp-json\/wp\/v2\/comments?post=6724"}],"version-history":[{"count":13,"href":"https:\/\/greenco-project.eu\/fr\/wp-json\/wp\/v2\/pages\/6724\/revisions"}],"predecessor-version":[{"id":8645,"href":"https:\/\/greenco-project.eu\/fr\/wp-json\/wp\/v2\/pages\/6724\/revisions\/8645"}],"wp:attachment":[{"href":"https:\/\/greenco-project.eu\/fr\/wp-json\/wp\/v2\/media?parent=6724"}],"curies":[{"name":"wp","href":"https:\/\/api.w.org\/{rel}","templated":true}]}}