{"id":6298,"date":"2024-05-17T11:06:38","date_gmt":"2024-05-17T11:06:38","guid":{"rendered":"https:\/\/greenco-project.eu\/?page_id=6298"},"modified":"2024-05-17T12:32:46","modified_gmt":"2024-05-17T12:32:46","slug":"conseils","status":"publish","type":"page","link":"https:\/\/greenco-project.eu\/fr\/conseils\/","title":{"rendered":"Conseils"},"content":{"rendered":"\t\t<div data-elementor-type=\"wp-page\" data-elementor-id=\"6298\" class=\"elementor elementor-6298 elementor-6236\">\n\t\t\t\t\t\t\t\t\t<section class=\"elementor-section elementor-top-section elementor-element elementor-element-85230c0 elementor-section-boxed elementor-section-height-default elementor-section-height-default\" data-id=\"85230c0\" data-element_type=\"section\" data-settings=\"{&quot;background_background&quot;:&quot;classic&quot;}\">\n\t\t\t\t\t\t\t<div class=\"elementor-background-overlay\"><\/div>\n\t\t\t\t\t\t\t<div class=\"elementor-container elementor-column-gap-default\">\n\t\t\t\t\t<div class=\"elementor-column elementor-col-100 elementor-top-column elementor-element elementor-element-8bed2b5\" data-id=\"8bed2b5\" data-element_type=\"column\">\n\t\t\t<div class=\"elementor-widget-wrap elementor-element-populated\">\n\t\t\t\t\t\t\t\t<div class=\"elementor-element elementor-element-d74eb57 elementor-widget elementor-widget-heading\" data-id=\"d74eb57\" data-element_type=\"widget\" data-widget_type=\"heading.default\">\n\t\t\t\t<div class=\"elementor-widget-container\">\n\t\t\t<style>\/*! elementor - v3.13.3 - 28-05-2023 *\/\n.elementor-heading-title{padding:0;margin:0;line-height:1}.elementor-widget-heading .elementor-heading-title[class*=elementor-size-]>a{color:inherit;font-size:inherit;line-height:inherit}.elementor-widget-heading .elementor-heading-title.elementor-size-small{font-size:15px}.elementor-widget-heading .elementor-heading-title.elementor-size-medium{font-size:19px}.elementor-widget-heading .elementor-heading-title.elementor-size-large{font-size:29px}.elementor-widget-heading .elementor-heading-title.elementor-size-xl{font-size:39px}.elementor-widget-heading .elementor-heading-title.elementor-size-xxl{font-size:59px}<\/style><h1 class=\"elementor-heading-title elementor-size-default\">PRENDRE DES MESURES CONCR\u00c8TES<\/h1>\t\t<\/div>\n\t\t\t\t<\/div>\n\t\t\t\t<section class=\"elementor-section elementor-inner-section elementor-element elementor-element-fa2757c elementor-section-boxed elementor-section-height-default elementor-section-height-default\" data-id=\"fa2757c\" data-element_type=\"section\" data-settings=\"{&quot;background_background&quot;:&quot;classic&quot;}\">\n\t\t\t\t\t\t<div class=\"elementor-container elementor-column-gap-default\">\n\t\t\t\t\t<div class=\"elementor-column elementor-col-50 elementor-inner-column elementor-element elementor-element-d0ebdad\" data-id=\"d0ebdad\" data-element_type=\"column\">\n\t\t\t<div class=\"elementor-widget-wrap elementor-element-populated\">\n\t\t\t\t\t\t\t\t<div class=\"elementor-element elementor-element-4587b3d elementor-widget elementor-widget-image\" data-id=\"4587b3d\" data-element_type=\"widget\" data-widget_type=\"image.default\">\n\t\t\t\t<div class=\"elementor-widget-container\">\n\t\t\t<style>\/*! elementor - v3.13.3 - 28-05-2023 *\/\n.elementor-widget-image{text-align:center}.elementor-widget-image a{display:inline-block}.elementor-widget-image a img[src$=\".svg\"]{width:48px}.elementor-widget-image img{vertical-align:middle;display:inline-block}<\/style>\t\t\t\t\t\t\t\t\t\t\t\t<img loading=\"lazy\" decoding=\"async\" width=\"190\" height=\"190\" src=\"https:\/\/greenco-project.eu\/wp-content\/uploads\/2024\/05\/bubble-1-1.png\" class=\"attachment-large size-large wp-image-6208\" alt=\"\" srcset=\"https:\/\/greenco-project.eu\/wp-content\/uploads\/2024\/05\/bubble-1-1.png 190w, https:\/\/greenco-project.eu\/wp-content\/uploads\/2024\/05\/bubble-1-1-150x150.png 150w\" sizes=\"auto, (max-width: 190px) 100vw, 190px\" \/>\t\t\t\t\t\t\t\t\t\t\t\t\t\t\t<\/div>\n\t\t\t\t<\/div>\n\t\t\t\t\t<\/div>\n\t\t<\/div>\n\t\t\t\t<div class=\"elementor-column elementor-col-50 elementor-inner-column elementor-element elementor-element-5b17229\" data-id=\"5b17229\" data-element_type=\"column\">\n\t\t\t<div class=\"elementor-widget-wrap elementor-element-populated\">\n\t\t\t\t\t\t\t\t<div class=\"elementor-element elementor-element-a86efff elementor-widget elementor-widget-heading\" data-id=\"a86efff\" data-element_type=\"widget\" data-widget_type=\"heading.default\">\n\t\t\t\t<div class=\"elementor-widget-container\">\n\t\t\t<h2 class=\"elementor-heading-title elementor-size-default\">Acheter moins<\/h2>\t\t<\/div>\n\t\t\t\t<\/div>\n\t\t\t\t<div class=\"elementor-element elementor-element-ddfdd90 elementor-widget elementor-widget-text-editor\" data-id=\"ddfdd90\" data-element_type=\"widget\" data-widget_type=\"text-editor.default\">\n\t\t\t\t<div class=\"elementor-widget-container\">\n\t\t\t<style>\/*! elementor - v3.13.3 - 28-05-2023 *\/\n.elementor-widget-text-editor.elementor-drop-cap-view-stacked .elementor-drop-cap{background-color:#69727d;color:#fff}.elementor-widget-text-editor.elementor-drop-cap-view-framed .elementor-drop-cap{color:#69727d;border:3px solid;background-color:transparent}.elementor-widget-text-editor:not(.elementor-drop-cap-view-default) .elementor-drop-cap{margin-top:8px}.elementor-widget-text-editor:not(.elementor-drop-cap-view-default) .elementor-drop-cap-letter{width:1em;height:1em}.elementor-widget-text-editor .elementor-drop-cap{float:left;text-align:center;line-height:1;font-size:50px}.elementor-widget-text-editor .elementor-drop-cap-letter{display:inline-block}<\/style>\t\t\t\t<span style=\"color: #ffffff;\">&#8211; Acheter mieux pour la plan\u00e8te<\/span><br\/>\n\n<span style=\"color: #ffffff;\"> &#8211; Prendre soin de vos appareils<\/span><br\/>\n\n<span style=\"color: #ffffff;\">&#8211; Faites-les entretenir<\/span><br\/>\n\n<span style=\"color: #ffffff;\">&#8211; Retarder l&rsquo;achat d&rsquo;un nouvel appareil<\/span><br\/>\n\n<span style=\"color: #ffffff;\">&#8211; Choisir des produits reconditionn\u00e9s<\/span>\t\t\t\t\t\t<\/div>\n\t\t\t\t<\/div>\n\t\t\t\t\t<\/div>\n\t\t<\/div>\n\t\t\t\t\t\t\t<\/div>\n\t\t<\/section>\n\t\t\t\t<section class=\"elementor-section elementor-inner-section elementor-element elementor-element-0bc3b35 elementor-section-boxed elementor-section-height-default elementor-section-height-default\" data-id=\"0bc3b35\" data-element_type=\"section\" data-settings=\"{&quot;background_background&quot;:&quot;classic&quot;}\">\n\t\t\t\t\t\t<div class=\"elementor-container elementor-column-gap-default\">\n\t\t\t\t\t<div class=\"elementor-column elementor-col-50 elementor-inner-column elementor-element elementor-element-a7638fa\" data-id=\"a7638fa\" data-element_type=\"column\">\n\t\t\t<div class=\"elementor-widget-wrap elementor-element-populated\">\n\t\t\t\t\t\t\t\t<div class=\"elementor-element elementor-element-5d7645e elementor-widget elementor-widget-image\" data-id=\"5d7645e\" data-element_type=\"widget\" data-widget_type=\"image.default\">\n\t\t\t\t<div class=\"elementor-widget-container\">\n\t\t\t\t\t\t\t\t\t\t\t\t\t\t\t<img loading=\"lazy\" decoding=\"async\" width=\"190\" height=\"190\" src=\"https:\/\/greenco-project.eu\/wp-content\/uploads\/2024\/05\/bubble-2-1.png\" class=\"attachment-large size-large wp-image-6213\" alt=\"\" srcset=\"https:\/\/greenco-project.eu\/wp-content\/uploads\/2024\/05\/bubble-2-1.png 190w, https:\/\/greenco-project.eu\/wp-content\/uploads\/2024\/05\/bubble-2-1-150x150.png 150w\" sizes=\"auto, (max-width: 190px) 100vw, 190px\" \/>\t\t\t\t\t\t\t\t\t\t\t\t\t\t\t<\/div>\n\t\t\t\t<\/div>\n\t\t\t\t\t<\/div>\n\t\t<\/div>\n\t\t\t\t<div class=\"elementor-column elementor-col-50 elementor-inner-column elementor-element elementor-element-e778b19\" data-id=\"e778b19\" data-element_type=\"column\">\n\t\t\t<div class=\"elementor-widget-wrap elementor-element-populated\">\n\t\t\t\t\t\t\t\t<div class=\"elementor-element elementor-element-2450936 elementor-widget elementor-widget-heading\" data-id=\"2450936\" data-element_type=\"widget\" data-widget_type=\"heading.default\">\n\t\t\t\t<div class=\"elementor-widget-container\">\n\t\t\t<h2 class=\"elementor-heading-title elementor-size-default\">R\u00e9duire la consommation d'\u00e9nergie<\/h2>\t\t<\/div>\n\t\t\t\t<\/div>\n\t\t\t\t<div class=\"elementor-element elementor-element-b90e7af elementor-widget elementor-widget-text-editor\" data-id=\"b90e7af\" data-element_type=\"widget\" data-widget_type=\"text-editor.default\">\n\t\t\t\t<div class=\"elementor-widget-container\">\n\t\t\t\t\t\t\t<span style=\"color: #ffffff;\">&#8211; \u00c9teindre vos appareils (au lieu de les laisser en mode veille)\n<\/span><br\/>\n\n<span style=\"color: #ffffff;\"> &#8211; Utiliser le Wifi (au lieu de la 4G)<\/span><br\/>\n\n<span style=\"color: #ffffff;\">&#8211; D\u00e9sactiver les fonctions inutilis\u00e9es (Bluetooth)<\/span>\t\t\t\t\t\t<\/div>\n\t\t\t\t<\/div>\n\t\t\t\t\t<\/div>\n\t\t<\/div>\n\t\t\t\t\t\t\t<\/div>\n\t\t<\/section>\n\t\t\t\t<section class=\"elementor-section elementor-inner-section elementor-element elementor-element-326df25 elementor-section-boxed elementor-section-height-default elementor-section-height-default\" data-id=\"326df25\" data-element_type=\"section\" data-settings=\"{&quot;background_background&quot;:&quot;classic&quot;}\">\n\t\t\t\t\t\t<div class=\"elementor-container elementor-column-gap-default\">\n\t\t\t\t\t<div class=\"elementor-column elementor-col-50 elementor-inner-column elementor-element elementor-element-5a16443\" data-id=\"5a16443\" data-element_type=\"column\">\n\t\t\t<div class=\"elementor-widget-wrap elementor-element-populated\">\n\t\t\t\t\t\t\t\t<div class=\"elementor-element elementor-element-be9ccc5 elementor-widget elementor-widget-image\" data-id=\"be9ccc5\" data-element_type=\"widget\" data-widget_type=\"image.default\">\n\t\t\t\t<div class=\"elementor-widget-container\">\n\t\t\t\t\t\t\t\t\t\t\t\t\t\t\t<img loading=\"lazy\" decoding=\"async\" width=\"190\" height=\"190\" src=\"https:\/\/greenco-project.eu\/wp-content\/uploads\/2024\/05\/bubble-3-1.png\" class=\"attachment-large size-large wp-image-6218\" alt=\"\" srcset=\"https:\/\/greenco-project.eu\/wp-content\/uploads\/2024\/05\/bubble-3-1.png 190w, https:\/\/greenco-project.eu\/wp-content\/uploads\/2024\/05\/bubble-3-1-150x150.png 150w\" sizes=\"auto, (max-width: 190px) 100vw, 190px\" \/>\t\t\t\t\t\t\t\t\t\t\t\t\t\t\t<\/div>\n\t\t\t\t<\/div>\n\t\t\t\t\t<\/div>\n\t\t<\/div>\n\t\t\t\t<div class=\"elementor-column elementor-col-50 elementor-inner-column elementor-element elementor-element-afd3e40\" data-id=\"afd3e40\" data-element_type=\"column\">\n\t\t\t<div class=\"elementor-widget-wrap elementor-element-populated\">\n\t\t\t\t\t\t\t\t<div class=\"elementor-element elementor-element-8e515c2 elementor-widget elementor-widget-heading\" data-id=\"8e515c2\" data-element_type=\"widget\" data-widget_type=\"heading.default\">\n\t\t\t\t<div class=\"elementor-widget-container\">\n\t\t\t<h3 class=\"elementor-heading-title elementor-size-default\">Contribuer \u00e0 ralentir la croissance d'Internet<\/h3>\t\t<\/div>\n\t\t\t\t<\/div>\n\t\t\t\t<div class=\"elementor-element elementor-element-cc0367d elementor-widget elementor-widget-text-editor\" data-id=\"cc0367d\" data-element_type=\"widget\" data-widget_type=\"text-editor.default\">\n\t\t\t\t<div class=\"elementor-widget-container\">\n\t\t\t\t\t\t\t<span style=\"color: #ffffff;\"> &#8211; R\u00e9duire la qualit\u00e9 de votre flux<\/span><br\/>\n\n<span style=\"color: #ffffff;\"> &#8211; T\u00e9l\u00e9charger le contenu qui sera visionn\u00e9 fr\u00e9quemment<\/span><br\/>\n\n<span style=\"color: #ffffff;\"> &#8211; Publier moins sur les r\u00e9seaux sociaux (et\/ou publier plus l\u00e9g\u00e8rement)<\/span><br\/>\n\n<span style=\"color: #ffffff;\"> &#8211; D\u00e9sactiver les notifications<\/span><br\/>\n\n<span style=\"color: #ffffff;\"> &#8211; Envoyer des liens de t\u00e9l\u00e9chargement au lieu des pi\u00e8ces jointes<\/span><br\/>\n\n<span style=\"color: #ffffff;\"> &#8211; Nettoyer r\u00e9guli\u00e8rement votre bo\u00eete de r\u00e9ception<\/span><br\/>\n\n<span style=\"color: #ffffff;\"> &#8211; Nettoyer r\u00e9guli\u00e8rement votre bo\u00eete de r\u00e9ception<\/span><br\/>\n\n<span style=\"color: #ffffff;\"> &#8211; Utiliser des favoris ou \u00e9crire directement l&rsquo;URL<\/span>\t\t\t\t\t\t<\/div>\n\t\t\t\t<\/div>\n\t\t\t\t\t<\/div>\n\t\t<\/div>\n\t\t\t\t\t\t\t<\/div>\n\t\t<\/section>\n\t\t\t\t<section class=\"elementor-section elementor-inner-section elementor-element elementor-element-8a0c336 elementor-section-boxed elementor-section-height-default elementor-section-height-default\" data-id=\"8a0c336\" data-element_type=\"section\" data-settings=\"{&quot;background_background&quot;:&quot;classic&quot;}\">\n\t\t\t\t\t\t<div class=\"elementor-container elementor-column-gap-default\">\n\t\t\t\t\t<div class=\"elementor-column elementor-col-50 elementor-inner-column elementor-element elementor-element-c2f6bd4\" data-id=\"c2f6bd4\" data-element_type=\"column\">\n\t\t\t<div class=\"elementor-widget-wrap elementor-element-populated\">\n\t\t\t\t\t\t\t\t<div class=\"elementor-element elementor-element-8f70207 elementor-widget elementor-widget-image\" data-id=\"8f70207\" data-element_type=\"widget\" data-widget_type=\"image.default\">\n\t\t\t\t<div class=\"elementor-widget-container\">\n\t\t\t\t\t\t\t\t\t\t\t\t\t\t\t<img loading=\"lazy\" decoding=\"async\" width=\"190\" height=\"190\" src=\"https:\/\/greenco-project.eu\/wp-content\/uploads\/2024\/05\/bubble-4-1.png\" class=\"attachment-large size-large wp-image-6223\" alt=\"\" srcset=\"https:\/\/greenco-project.eu\/wp-content\/uploads\/2024\/05\/bubble-4-1.png 190w, https:\/\/greenco-project.eu\/wp-content\/uploads\/2024\/05\/bubble-4-1-150x150.png 150w\" sizes=\"auto, (max-width: 190px) 100vw, 190px\" \/>\t\t\t\t\t\t\t\t\t\t\t\t\t\t\t<\/div>\n\t\t\t\t<\/div>\n\t\t\t\t\t<\/div>\n\t\t<\/div>\n\t\t\t\t<div class=\"elementor-column elementor-col-50 elementor-inner-column elementor-element elementor-element-dd9dd5a\" data-id=\"dd9dd5a\" data-element_type=\"column\">\n\t\t\t<div class=\"elementor-widget-wrap elementor-element-populated\">\n\t\t\t\t\t\t\t\t<div class=\"elementor-element elementor-element-17d44c8 elementor-widget elementor-widget-heading\" data-id=\"17d44c8\" data-element_type=\"widget\" data-widget_type=\"heading.default\">\n\t\t\t\t<div class=\"elementor-widget-container\">\n\t\t\t<h3 class=\"elementor-heading-title elementor-size-default\">R\u00e9duire les d\u00e9chets<\/h3>\t\t<\/div>\n\t\t\t\t<\/div>\n\t\t\t\t<div class=\"elementor-element elementor-element-772ed57 elementor-widget elementor-widget-text-editor\" data-id=\"772ed57\" data-element_type=\"widget\" data-widget_type=\"text-editor.default\">\n\t\t\t\t<div class=\"elementor-widget-container\">\n\t\t\t\t\t\t\t<span style=\"color: #ffffff;\"> &#8211; Donner l&rsquo;\u00e9quipement dont vous n&rsquo;avez plus besoin\nou les revendre s&rsquo;ils fonctionnent encore<\/span><br\/>\n\n<span style=\"color: #ffffff;\"> &#8211; Sinon, les apporter \u00e0 un centre de recyclage.<\/span>\t\t\t\t\t\t<\/div>\n\t\t\t\t<\/div>\n\t\t\t\t\t<\/div>\n\t\t<\/div>\n\t\t\t\t\t\t\t<\/div>\n\t\t<\/section>\n\t\t\t\t\t<\/div>\n\t\t<\/div>\n\t\t\t\t\t\t\t<\/div>\n\t\t<\/section>\n\t\t\t\t\t\t\t<\/div>\n\t\t","protected":false},"excerpt":{"rendered":"<p>PRENDRE DES MESURES CONCR\u00c8TES Acheter moins &#8211; Acheter mieux pour la plan\u00e8te &#8211; Prendre soin de vos appareils &#8211; Faites-les entretenir &#8211; Retarder l&rsquo;achat d&rsquo;un nouvel appareil &#8211; Choisir des produits reconditionn\u00e9s R\u00e9duire la consommation d&rsquo;\u00e9nergie &#8211; \u00c9teindre vos appareils (au lieu de les laisser en mode veille) &#8211; Utiliser le Wifi (au lieu de &#8230; <a title=\"Conseils\" class=\"read-more\" href=\"https:\/\/greenco-project.eu\/fr\/conseils\/\" aria-label=\"Plus sur Conseils\">Read More<\/a><\/p>\n","protected":false},"author":1,"featured_media":0,"parent":0,"menu_order":0,"comment_status":"closed","ping_status":"closed","template":"elementor_header_footer","meta":{"footnotes":""},"class_list":["post-6298","page","type-page","status-publish"],"yoast_head":"<!-- This site is optimized with the Yoast SEO plugin v19.13 - https:\/\/yoast.com\/wordpress\/plugins\/seo\/ -->\n<title>Conseils - GreenCo<\/title>\n<meta name=\"robots\" content=\"index, follow, max-snippet:-1, max-image-preview:large, max-video-preview:-1\" \/>\n<link rel=\"canonical\" href=\"https:\/\/greenco-project.eu\/fr\/conseils\/\" \/>\n<meta property=\"og:locale\" content=\"fr_FR\" \/>\n<meta property=\"og:type\" content=\"article\" \/>\n<meta property=\"og:title\" content=\"Conseils - GreenCo\" \/>\n<meta property=\"og:description\" content=\"PRENDRE DES MESURES CONCR\u00c8TES Acheter moins &#8211; Acheter mieux pour la plan\u00e8te &#8211; Prendre soin de vos appareils &#8211; Faites-les entretenir &#8211; Retarder l&rsquo;achat d&rsquo;un nouvel appareil &#8211; Choisir des produits reconditionn\u00e9s R\u00e9duire la consommation d&rsquo;\u00e9nergie &#8211; \u00c9teindre vos appareils (au lieu de les laisser en mode veille) &#8211; Utiliser le Wifi (au lieu de ... Read More\" \/>\n<meta property=\"og:url\" content=\"https:\/\/greenco-project.eu\/fr\/conseils\/\" \/>\n<meta property=\"og:site_name\" content=\"GreenCo\" \/>\n<meta property=\"article:modified_time\" content=\"2024-05-17T12:32:46+00:00\" \/>\n<meta property=\"og:image\" content=\"https:\/\/greenco-project.eu\/wp-content\/uploads\/2024\/05\/bubble-1-1.png\" \/>\n<meta name=\"twitter:card\" content=\"summary_large_image\" \/>\n<meta name=\"twitter:label1\" content=\"Dur\u00e9e de lecture estim\u00e9e\" \/>\n\t<meta name=\"twitter:data1\" content=\"1 minute\" \/>\n<script type=\"application\/ld+json\" class=\"yoast-schema-graph\">{\"@context\":\"https:\/\/schema.org\",\"@graph\":[{\"@type\":\"WebPage\",\"@id\":\"https:\/\/greenco-project.eu\/fr\/conseils\/\",\"url\":\"https:\/\/greenco-project.eu\/fr\/conseils\/\",\"name\":\"Conseils - GreenCo\",\"isPartOf\":{\"@id\":\"https:\/\/greenco-project.eu\/fr\/#website\"},\"datePublished\":\"2024-05-17T11:06:38+00:00\",\"dateModified\":\"2024-05-17T12:32:46+00:00\",\"breadcrumb\":{\"@id\":\"https:\/\/greenco-project.eu\/fr\/conseils\/#breadcrumb\"},\"inLanguage\":\"fr-FR\",\"potentialAction\":[{\"@type\":\"ReadAction\",\"target\":[\"https:\/\/greenco-project.eu\/fr\/conseils\/\"]}]},{\"@type\":\"BreadcrumbList\",\"@id\":\"https:\/\/greenco-project.eu\/fr\/conseils\/#breadcrumb\",\"itemListElement\":[{\"@type\":\"ListItem\",\"position\":1,\"name\":\"Portada\",\"item\":\"https:\/\/greenco-project.eu\/fr\/\"},{\"@type\":\"ListItem\",\"position\":2,\"name\":\"Conseils\"}]},{\"@type\":\"WebSite\",\"@id\":\"https:\/\/greenco-project.eu\/fr\/#website\",\"url\":\"https:\/\/greenco-project.eu\/fr\/\",\"name\":\"GreenCo\",\"description\":\"Just another WordPress site\",\"publisher\":{\"@id\":\"https:\/\/greenco-project.eu\/fr\/#organization\"},\"potentialAction\":[{\"@type\":\"SearchAction\",\"target\":{\"@type\":\"EntryPoint\",\"urlTemplate\":\"https:\/\/greenco-project.eu\/fr\/?s={search_term_string}\"},\"query-input\":\"required name=search_term_string\"}],\"inLanguage\":\"fr-FR\"},{\"@type\":\"Organization\",\"@id\":\"https:\/\/greenco-project.eu\/fr\/#organization\",\"name\":\"GreenCo\",\"url\":\"https:\/\/greenco-project.eu\/fr\/\",\"logo\":{\"@type\":\"ImageObject\",\"inLanguage\":\"fr-FR\",\"@id\":\"https:\/\/greenco-project.eu\/fr\/#\/schema\/logo\/image\/\",\"url\":\"https:\/\/greenco-project.eu\/wp-content\/uploads\/2022\/12\/LogosTop.svg\",\"contentUrl\":\"https:\/\/greenco-project.eu\/wp-content\/uploads\/2022\/12\/LogosTop.svg\",\"width\":682,\"height\":86,\"caption\":\"GreenCo\"},\"image\":{\"@id\":\"https:\/\/greenco-project.eu\/fr\/#\/schema\/logo\/image\/\"}}]}<\/script>\n<!-- \/ Yoast SEO plugin. -->","yoast_head_json":{"title":"Conseils - GreenCo","robots":{"index":"index","follow":"follow","max-snippet":"max-snippet:-1","max-image-preview":"max-image-preview:large","max-video-preview":"max-video-preview:-1"},"canonical":"https:\/\/greenco-project.eu\/fr\/conseils\/","og_locale":"fr_FR","og_type":"article","og_title":"Conseils - GreenCo","og_description":"PRENDRE DES MESURES CONCR\u00c8TES Acheter moins &#8211; Acheter mieux pour la plan\u00e8te &#8211; Prendre soin de vos appareils &#8211; Faites-les entretenir &#8211; Retarder l&rsquo;achat d&rsquo;un nouvel appareil &#8211; Choisir des produits reconditionn\u00e9s R\u00e9duire la consommation d&rsquo;\u00e9nergie &#8211; \u00c9teindre vos appareils (au lieu de les laisser en mode veille) &#8211; Utiliser le Wifi (au lieu de ... Read More","og_url":"https:\/\/greenco-project.eu\/fr\/conseils\/","og_site_name":"GreenCo","article_modified_time":"2024-05-17T12:32:46+00:00","og_image":[{"url":"https:\/\/greenco-project.eu\/wp-content\/uploads\/2024\/05\/bubble-1-1.png"}],"twitter_card":"summary_large_image","twitter_misc":{"Dur\u00e9e de lecture estim\u00e9e":"1 minute"},"schema":{"@context":"https:\/\/schema.org","@graph":[{"@type":"WebPage","@id":"https:\/\/greenco-project.eu\/fr\/conseils\/","url":"https:\/\/greenco-project.eu\/fr\/conseils\/","name":"Conseils - GreenCo","isPartOf":{"@id":"https:\/\/greenco-project.eu\/fr\/#website"},"datePublished":"2024-05-17T11:06:38+00:00","dateModified":"2024-05-17T12:32:46+00:00","breadcrumb":{"@id":"https:\/\/greenco-project.eu\/fr\/conseils\/#breadcrumb"},"inLanguage":"fr-FR","potentialAction":[{"@type":"ReadAction","target":["https:\/\/greenco-project.eu\/fr\/conseils\/"]}]},{"@type":"BreadcrumbList","@id":"https:\/\/greenco-project.eu\/fr\/conseils\/#breadcrumb","itemListElement":[{"@type":"ListItem","position":1,"name":"Portada","item":"https:\/\/greenco-project.eu\/fr\/"},{"@type":"ListItem","position":2,"name":"Conseils"}]},{"@type":"WebSite","@id":"https:\/\/greenco-project.eu\/fr\/#website","url":"https:\/\/greenco-project.eu\/fr\/","name":"GreenCo","description":"Just another WordPress site","publisher":{"@id":"https:\/\/greenco-project.eu\/fr\/#organization"},"potentialAction":[{"@type":"SearchAction","target":{"@type":"EntryPoint","urlTemplate":"https:\/\/greenco-project.eu\/fr\/?s={search_term_string}"},"query-input":"required name=search_term_string"}],"inLanguage":"fr-FR"},{"@type":"Organization","@id":"https:\/\/greenco-project.eu\/fr\/#organization","name":"GreenCo","url":"https:\/\/greenco-project.eu\/fr\/","logo":{"@type":"ImageObject","inLanguage":"fr-FR","@id":"https:\/\/greenco-project.eu\/fr\/#\/schema\/logo\/image\/","url":"https:\/\/greenco-project.eu\/wp-content\/uploads\/2022\/12\/LogosTop.svg","contentUrl":"https:\/\/greenco-project.eu\/wp-content\/uploads\/2022\/12\/LogosTop.svg","width":682,"height":86,"caption":"GreenCo"},"image":{"@id":"https:\/\/greenco-project.eu\/fr\/#\/schema\/logo\/image\/"}}]}},"_links":{"self":[{"href":"https:\/\/greenco-project.eu\/fr\/wp-json\/wp\/v2\/pages\/6298","targetHints":{"allow":["GET"]}}],"collection":[{"href":"https:\/\/greenco-project.eu\/fr\/wp-json\/wp\/v2\/pages"}],"about":[{"href":"https:\/\/greenco-project.eu\/fr\/wp-json\/wp\/v2\/types\/page"}],"author":[{"embeddable":true,"href":"https:\/\/greenco-project.eu\/fr\/wp-json\/wp\/v2\/users\/1"}],"replies":[{"embeddable":true,"href":"https:\/\/greenco-project.eu\/fr\/wp-json\/wp\/v2\/comments?post=6298"}],"version-history":[{"count":4,"href":"https:\/\/greenco-project.eu\/fr\/wp-json\/wp\/v2\/pages\/6298\/revisions"}],"predecessor-version":[{"id":6302,"href":"https:\/\/greenco-project.eu\/fr\/wp-json\/wp\/v2\/pages\/6298\/revisions\/6302"}],"wp:attachment":[{"href":"https:\/\/greenco-project.eu\/fr\/wp-json\/wp\/v2\/media?parent=6298"}],"curies":[{"name":"wp","href":"https:\/\/api.w.org\/{rel}","templated":true}]}}