{"id":6277,"date":"2024-05-17T08:12:06","date_gmt":"2024-05-17T08:12:06","guid":{"rendered":"https:\/\/greenco-project.eu\/?page_id=6277"},"modified":"2024-07-10T10:20:57","modified_gmt":"2024-07-10T10:20:57","slug":"legislation","status":"publish","type":"page","link":"https:\/\/greenco-project.eu\/fr\/legislation\/","title":{"rendered":"L\u00e9gislation"},"content":{"rendered":"\t\t<div data-elementor-type=\"wp-page\" data-elementor-id=\"6277\" class=\"elementor elementor-6277 elementor-6151\">\n\t\t\t\t\t\t\t\t\t<section class=\"elementor-section elementor-top-section elementor-element elementor-element-f4dd934 elementor-section-full_width elementor-section-stretched elementor-section-height-default elementor-section-height-default\" data-id=\"f4dd934\" data-element_type=\"section\" data-settings=\"{&quot;stretch_section&quot;:&quot;section-stretched&quot;,&quot;background_background&quot;:&quot;classic&quot;}\">\n\t\t\t\t\t\t\t<div class=\"elementor-background-overlay\"><\/div>\n\t\t\t\t\t\t\t<div class=\"elementor-container elementor-column-gap-no\">\n\t\t\t\t\t<div class=\"elementor-column elementor-col-100 elementor-top-column elementor-element elementor-element-bfe947c\" data-id=\"bfe947c\" data-element_type=\"column\">\n\t\t\t<div class=\"elementor-widget-wrap elementor-element-populated\">\n\t\t\t\t\t\t\t\t<div class=\"elementor-element elementor-element-e02ca15 elementor-widget elementor-widget-heading\" data-id=\"e02ca15\" data-element_type=\"widget\" data-widget_type=\"heading.default\">\n\t\t\t\t<div class=\"elementor-widget-container\">\n\t\t\t<style>\/*! elementor - v3.13.3 - 28-05-2023 *\/\n.elementor-heading-title{padding:0;margin:0;line-height:1}.elementor-widget-heading .elementor-heading-title[class*=elementor-size-]>a{color:inherit;font-size:inherit;line-height:inherit}.elementor-widget-heading .elementor-heading-title.elementor-size-small{font-size:15px}.elementor-widget-heading .elementor-heading-title.elementor-size-medium{font-size:19px}.elementor-widget-heading .elementor-heading-title.elementor-size-large{font-size:29px}.elementor-widget-heading .elementor-heading-title.elementor-size-xl{font-size:39px}.elementor-widget-heading .elementor-heading-title.elementor-size-xxl{font-size:59px}<\/style><h1 class=\"elementor-heading-title elementor-size-default\">L\u00e9gislation<\/h1>\t\t<\/div>\n\t\t\t\t<\/div>\n\t\t\t\t\t<\/div>\n\t\t<\/div>\n\t\t\t\t\t\t\t<\/div>\n\t\t<\/section>\n\t\t\t\t<section class=\"elementor-section elementor-top-section elementor-element elementor-element-fb6726f elementor-section-boxed elementor-section-height-default elementor-section-height-default\" data-id=\"fb6726f\" data-element_type=\"section\">\n\t\t\t\t\t\t<div class=\"elementor-container elementor-column-gap-default\">\n\t\t\t\t\t<div class=\"elementor-column elementor-col-100 elementor-top-column elementor-element elementor-element-9066a21\" data-id=\"9066a21\" data-element_type=\"column\">\n\t\t\t<div class=\"elementor-widget-wrap elementor-element-populated\">\n\t\t\t\t\t\t\t\t<div class=\"elementor-element elementor-element-adc26e7 elementor-widget elementor-widget-text-editor\" data-id=\"adc26e7\" data-element_type=\"widget\" data-widget_type=\"text-editor.default\">\n\t\t\t\t<div class=\"elementor-widget-container\">\n\t\t\t<style>\/*! elementor - v3.13.3 - 28-05-2023 *\/\n.elementor-widget-text-editor.elementor-drop-cap-view-stacked .elementor-drop-cap{background-color:#69727d;color:#fff}.elementor-widget-text-editor.elementor-drop-cap-view-framed .elementor-drop-cap{color:#69727d;border:3px solid;background-color:transparent}.elementor-widget-text-editor:not(.elementor-drop-cap-view-default) .elementor-drop-cap{margin-top:8px}.elementor-widget-text-editor:not(.elementor-drop-cap-view-default) .elementor-drop-cap-letter{width:1em;height:1em}.elementor-widget-text-editor .elementor-drop-cap{float:left;text-align:center;line-height:1;font-size:50px}.elementor-widget-text-editor .elementor-drop-cap-letter{display:inline-block}<\/style>\t\t\t\t<p>La l\u00e9gislation environnementale joue un r\u00f4le crucial dans la durabilit\u00e9 mondiale en abordant des questions telles que l&rsquo;efficacit\u00e9 \u00e9nerg\u00e9tique, la promotion des \u00e9nergies renouvelables et la gestion des d\u00e9chets \u00e9lectroniques. Voici ce qu&rsquo;il en est :<\/p>\n<ul style=\"margin-block: 24px;\">\n  <li><b>Efficacit\u00e9 \u00e9nerg\u00e9tique et \u00e9nergies renouvelables:<\/b> Les lois et r\u00e8glements visent \u00e0 r\u00e9duire la consommation d&rsquo;\u00e9nergie lors de la fabrication, de l&rsquo;utilisation et de l&rsquo;\u00e9limination des appareils \u00e9lectroniques et des syst\u00e8mes TIC. Il s&rsquo;agit notamment d&rsquo;encourager la conception et la mise en \u0153uvre de technologies plus efficaces et de promouvoir les sources d&rsquo;\u00e9nergie renouvelables telles que l&rsquo;\u00e9nergie solaire, \u00e9olienne et hydro\u00e9lectrique pour alimenter les infrastructures num\u00e9riques.<\/li>\n  <li><b>Impact environnemental des TIC:<\/b> La l\u00e9gislation s&rsquo;attache \u00e0 minimiser les effets n\u00e9gatifs de l&rsquo;extraction des mat\u00e9riaux, de la fabrication et du transport des \u00e9quipements \u00e9lectroniques. Il s&rsquo;agit de promouvoir la r\u00e9duction des \u00e9missions de gaz \u00e0 effet de serre, la gestion durable des ressources et la mise en \u0153uvre de normes environnementales dans les cha\u00eenes d&rsquo;approvisionnement en TIC.<\/li>\n  <li><b>Gestion des d\u00e9chets \u00e9lectroniques:<\/b> Les lois sur les d\u00e9chets \u00e9lectroniques portent sur la collecte, le recyclage et l&rsquo;\u00e9limination correcte des \u00e9quipements en fin de vie. Ces r\u00e9glementations visent \u00e0 r\u00e9duire la pollution par les m\u00e9taux lourds et les substances dangereuses en encourageant la r\u00e9utilisation des composants et la r\u00e9cup\u00e9ration des mat\u00e9riaux de valeur.<\/li>\n<\/ul>\n<p>En bref, ces mesures l\u00e9gislatives encouragent des pratiques industrielles et de consommation responsables afin de prot\u00e9ger l&rsquo;environnement, de pr\u00e9server les ressources naturelles et d&rsquo;\u00e9voluer vers une \u00e9conomie num\u00e9rique plus durable et plus circulaire.<\/p>\n<p>De plus amples informations sont disponibles \u00e0 l&rsquo;adresse suivante : <a href=\"https:\/\/greenco-project.eu\/ebook\/\">https:\/\/greenco-project.eu\/ebook\/<\/a><\/p>\n\t\t\t\t\t\t<\/div>\n\t\t\t\t<\/div>\n\t\t\t\t\t<\/div>\n\t\t<\/div>\n\t\t\t\t\t\t\t<\/div>\n\t\t<\/section>\n\t\t\t\t\t\t\t<\/div>\n\t\t","protected":false},"excerpt":{"rendered":"<p>L\u00e9gislation La l\u00e9gislation environnementale joue un r\u00f4le crucial dans la durabilit\u00e9 mondiale en abordant des questions telles que l&rsquo;efficacit\u00e9 \u00e9nerg\u00e9tique, la promotion des \u00e9nergies renouvelables et la gestion des d\u00e9chets \u00e9lectroniques. Voici ce qu&rsquo;il en est : Efficacit\u00e9 \u00e9nerg\u00e9tique et \u00e9nergies renouvelables: Les lois et r\u00e8glements visent \u00e0 r\u00e9duire la consommation d&rsquo;\u00e9nergie lors de la &#8230; <a title=\"L\u00e9gislation\" class=\"read-more\" href=\"https:\/\/greenco-project.eu\/fr\/legislation\/\" aria-label=\"Plus sur L\u00e9gislation\">Read More<\/a><\/p>\n","protected":false},"author":1,"featured_media":0,"parent":0,"menu_order":0,"comment_status":"closed","ping_status":"closed","template":"elementor_header_footer","meta":{"footnotes":""},"class_list":["post-6277","page","type-page","status-publish"],"yoast_head":"<!-- This site is optimized with the Yoast SEO plugin v19.13 - https:\/\/yoast.com\/wordpress\/plugins\/seo\/ -->\n<title>L\u00e9gislation - GreenCo<\/title>\n<meta name=\"robots\" content=\"index, follow, max-snippet:-1, max-image-preview:large, max-video-preview:-1\" \/>\n<link rel=\"canonical\" href=\"https:\/\/greenco-project.eu\/fr\/legislation\/\" \/>\n<meta property=\"og:locale\" content=\"fr_FR\" \/>\n<meta property=\"og:type\" content=\"article\" \/>\n<meta property=\"og:title\" content=\"L\u00e9gislation - GreenCo\" \/>\n<meta property=\"og:description\" content=\"L\u00e9gislation La l\u00e9gislation environnementale joue un r\u00f4le crucial dans la durabilit\u00e9 mondiale en abordant des questions telles que l&rsquo;efficacit\u00e9 \u00e9nerg\u00e9tique, la promotion des \u00e9nergies renouvelables et la gestion des d\u00e9chets \u00e9lectroniques. Voici ce qu&rsquo;il en est : Efficacit\u00e9 \u00e9nerg\u00e9tique et \u00e9nergies renouvelables: Les lois et r\u00e8glements visent \u00e0 r\u00e9duire la consommation d&rsquo;\u00e9nergie lors de la ... Read More\" \/>\n<meta property=\"og:url\" content=\"https:\/\/greenco-project.eu\/fr\/legislation\/\" \/>\n<meta property=\"og:site_name\" content=\"GreenCo\" \/>\n<meta property=\"article:modified_time\" content=\"2024-07-10T10:20:57+00:00\" \/>\n<meta name=\"twitter:card\" content=\"summary_large_image\" \/>\n<meta name=\"twitter:label1\" content=\"Dur\u00e9e de lecture estim\u00e9e\" \/>\n\t<meta name=\"twitter:data1\" content=\"1 minute\" \/>\n<script type=\"application\/ld+json\" class=\"yoast-schema-graph\">{\"@context\":\"https:\/\/schema.org\",\"@graph\":[{\"@type\":\"WebPage\",\"@id\":\"https:\/\/greenco-project.eu\/fr\/legislation\/\",\"url\":\"https:\/\/greenco-project.eu\/fr\/legislation\/\",\"name\":\"L\u00e9gislation - GreenCo\",\"isPartOf\":{\"@id\":\"https:\/\/greenco-project.eu\/fr\/#website\"},\"datePublished\":\"2024-05-17T08:12:06+00:00\",\"dateModified\":\"2024-07-10T10:20:57+00:00\",\"breadcrumb\":{\"@id\":\"https:\/\/greenco-project.eu\/fr\/legislation\/#breadcrumb\"},\"inLanguage\":\"fr-FR\",\"potentialAction\":[{\"@type\":\"ReadAction\",\"target\":[\"https:\/\/greenco-project.eu\/fr\/legislation\/\"]}]},{\"@type\":\"BreadcrumbList\",\"@id\":\"https:\/\/greenco-project.eu\/fr\/legislation\/#breadcrumb\",\"itemListElement\":[{\"@type\":\"ListItem\",\"position\":1,\"name\":\"Portada\",\"item\":\"https:\/\/greenco-project.eu\/fr\/\"},{\"@type\":\"ListItem\",\"position\":2,\"name\":\"L\u00e9gislation\"}]},{\"@type\":\"WebSite\",\"@id\":\"https:\/\/greenco-project.eu\/fr\/#website\",\"url\":\"https:\/\/greenco-project.eu\/fr\/\",\"name\":\"GreenCo\",\"description\":\"Just another WordPress site\",\"publisher\":{\"@id\":\"https:\/\/greenco-project.eu\/fr\/#organization\"},\"potentialAction\":[{\"@type\":\"SearchAction\",\"target\":{\"@type\":\"EntryPoint\",\"urlTemplate\":\"https:\/\/greenco-project.eu\/fr\/?s={search_term_string}\"},\"query-input\":\"required name=search_term_string\"}],\"inLanguage\":\"fr-FR\"},{\"@type\":\"Organization\",\"@id\":\"https:\/\/greenco-project.eu\/fr\/#organization\",\"name\":\"GreenCo\",\"url\":\"https:\/\/greenco-project.eu\/fr\/\",\"logo\":{\"@type\":\"ImageObject\",\"inLanguage\":\"fr-FR\",\"@id\":\"https:\/\/greenco-project.eu\/fr\/#\/schema\/logo\/image\/\",\"url\":\"https:\/\/greenco-project.eu\/wp-content\/uploads\/2022\/12\/LogosTop.svg\",\"contentUrl\":\"https:\/\/greenco-project.eu\/wp-content\/uploads\/2022\/12\/LogosTop.svg\",\"width\":682,\"height\":86,\"caption\":\"GreenCo\"},\"image\":{\"@id\":\"https:\/\/greenco-project.eu\/fr\/#\/schema\/logo\/image\/\"}}]}<\/script>\n<!-- \/ Yoast SEO plugin. -->","yoast_head_json":{"title":"L\u00e9gislation - GreenCo","robots":{"index":"index","follow":"follow","max-snippet":"max-snippet:-1","max-image-preview":"max-image-preview:large","max-video-preview":"max-video-preview:-1"},"canonical":"https:\/\/greenco-project.eu\/fr\/legislation\/","og_locale":"fr_FR","og_type":"article","og_title":"L\u00e9gislation - GreenCo","og_description":"L\u00e9gislation La l\u00e9gislation environnementale joue un r\u00f4le crucial dans la durabilit\u00e9 mondiale en abordant des questions telles que l&rsquo;efficacit\u00e9 \u00e9nerg\u00e9tique, la promotion des \u00e9nergies renouvelables et la gestion des d\u00e9chets \u00e9lectroniques. Voici ce qu&rsquo;il en est : Efficacit\u00e9 \u00e9nerg\u00e9tique et \u00e9nergies renouvelables: Les lois et r\u00e8glements visent \u00e0 r\u00e9duire la consommation d&rsquo;\u00e9nergie lors de la ... Read More","og_url":"https:\/\/greenco-project.eu\/fr\/legislation\/","og_site_name":"GreenCo","article_modified_time":"2024-07-10T10:20:57+00:00","twitter_card":"summary_large_image","twitter_misc":{"Dur\u00e9e de lecture estim\u00e9e":"1 minute"},"schema":{"@context":"https:\/\/schema.org","@graph":[{"@type":"WebPage","@id":"https:\/\/greenco-project.eu\/fr\/legislation\/","url":"https:\/\/greenco-project.eu\/fr\/legislation\/","name":"L\u00e9gislation - GreenCo","isPartOf":{"@id":"https:\/\/greenco-project.eu\/fr\/#website"},"datePublished":"2024-05-17T08:12:06+00:00","dateModified":"2024-07-10T10:20:57+00:00","breadcrumb":{"@id":"https:\/\/greenco-project.eu\/fr\/legislation\/#breadcrumb"},"inLanguage":"fr-FR","potentialAction":[{"@type":"ReadAction","target":["https:\/\/greenco-project.eu\/fr\/legislation\/"]}]},{"@type":"BreadcrumbList","@id":"https:\/\/greenco-project.eu\/fr\/legislation\/#breadcrumb","itemListElement":[{"@type":"ListItem","position":1,"name":"Portada","item":"https:\/\/greenco-project.eu\/fr\/"},{"@type":"ListItem","position":2,"name":"L\u00e9gislation"}]},{"@type":"WebSite","@id":"https:\/\/greenco-project.eu\/fr\/#website","url":"https:\/\/greenco-project.eu\/fr\/","name":"GreenCo","description":"Just another WordPress site","publisher":{"@id":"https:\/\/greenco-project.eu\/fr\/#organization"},"potentialAction":[{"@type":"SearchAction","target":{"@type":"EntryPoint","urlTemplate":"https:\/\/greenco-project.eu\/fr\/?s={search_term_string}"},"query-input":"required name=search_term_string"}],"inLanguage":"fr-FR"},{"@type":"Organization","@id":"https:\/\/greenco-project.eu\/fr\/#organization","name":"GreenCo","url":"https:\/\/greenco-project.eu\/fr\/","logo":{"@type":"ImageObject","inLanguage":"fr-FR","@id":"https:\/\/greenco-project.eu\/fr\/#\/schema\/logo\/image\/","url":"https:\/\/greenco-project.eu\/wp-content\/uploads\/2022\/12\/LogosTop.svg","contentUrl":"https:\/\/greenco-project.eu\/wp-content\/uploads\/2022\/12\/LogosTop.svg","width":682,"height":86,"caption":"GreenCo"},"image":{"@id":"https:\/\/greenco-project.eu\/fr\/#\/schema\/logo\/image\/"}}]}},"_links":{"self":[{"href":"https:\/\/greenco-project.eu\/fr\/wp-json\/wp\/v2\/pages\/6277","targetHints":{"allow":["GET"]}}],"collection":[{"href":"https:\/\/greenco-project.eu\/fr\/wp-json\/wp\/v2\/pages"}],"about":[{"href":"https:\/\/greenco-project.eu\/fr\/wp-json\/wp\/v2\/types\/page"}],"author":[{"embeddable":true,"href":"https:\/\/greenco-project.eu\/fr\/wp-json\/wp\/v2\/users\/1"}],"replies":[{"embeddable":true,"href":"https:\/\/greenco-project.eu\/fr\/wp-json\/wp\/v2\/comments?post=6277"}],"version-history":[{"count":7,"href":"https:\/\/greenco-project.eu\/fr\/wp-json\/wp\/v2\/pages\/6277\/revisions"}],"predecessor-version":[{"id":6912,"href":"https:\/\/greenco-project.eu\/fr\/wp-json\/wp\/v2\/pages\/6277\/revisions\/6912"}],"wp:attachment":[{"href":"https:\/\/greenco-project.eu\/fr\/wp-json\/wp\/v2\/media?parent=6277"}],"curies":[{"name":"wp","href":"https:\/\/api.w.org\/{rel}","templated":true}]}}