{"id":6276,"date":"2024-05-17T08:08:11","date_gmt":"2024-05-17T08:08:11","guid":{"rendered":"https:\/\/greenco-project.eu\/?page_id=6276"},"modified":"2024-07-10T10:16:26","modified_gmt":"2024-07-10T10:16:26","slug":"problemes","status":"publish","type":"page","link":"https:\/\/greenco-project.eu\/fr\/problemes\/","title":{"rendered":"Probl\u00e8mes"},"content":{"rendered":"\t\t<div data-elementor-type=\"wp-page\" data-elementor-id=\"6276\" class=\"elementor elementor-6276 elementor-6147\">\n\t\t\t\t\t\t\t\t\t<section class=\"elementor-section elementor-top-section elementor-element elementor-element-e79ae7a elementor-section-full_width elementor-section-stretched elementor-section-height-default elementor-section-height-default\" data-id=\"e79ae7a\" data-element_type=\"section\" data-settings=\"{&quot;stretch_section&quot;:&quot;section-stretched&quot;,&quot;background_background&quot;:&quot;classic&quot;}\">\n\t\t\t\t\t\t\t<div class=\"elementor-background-overlay\"><\/div>\n\t\t\t\t\t\t\t<div class=\"elementor-container elementor-column-gap-no\">\n\t\t\t\t\t<div class=\"elementor-column elementor-col-100 elementor-top-column elementor-element elementor-element-bb9e543\" data-id=\"bb9e543\" data-element_type=\"column\">\n\t\t\t<div class=\"elementor-widget-wrap elementor-element-populated\">\n\t\t\t\t\t\t\t\t<div class=\"elementor-element elementor-element-8ccb11a elementor-widget elementor-widget-heading\" data-id=\"8ccb11a\" data-element_type=\"widget\" data-widget_type=\"heading.default\">\n\t\t\t\t<div class=\"elementor-widget-container\">\n\t\t\t<style>\/*! elementor - v3.13.3 - 28-05-2023 *\/\n.elementor-heading-title{padding:0;margin:0;line-height:1}.elementor-widget-heading .elementor-heading-title[class*=elementor-size-]>a{color:inherit;font-size:inherit;line-height:inherit}.elementor-widget-heading .elementor-heading-title.elementor-size-small{font-size:15px}.elementor-widget-heading .elementor-heading-title.elementor-size-medium{font-size:19px}.elementor-widget-heading .elementor-heading-title.elementor-size-large{font-size:29px}.elementor-widget-heading .elementor-heading-title.elementor-size-xl{font-size:39px}.elementor-widget-heading .elementor-heading-title.elementor-size-xxl{font-size:59px}<\/style><h1 class=\"elementor-heading-title elementor-size-default\">Probl\u00e9mes<\/h1>\t\t<\/div>\n\t\t\t\t<\/div>\n\t\t\t\t\t<\/div>\n\t\t<\/div>\n\t\t\t\t\t\t\t<\/div>\n\t\t<\/section>\n\t\t\t\t<section class=\"elementor-section elementor-top-section elementor-element elementor-element-b672334 elementor-section-boxed elementor-section-height-default elementor-section-height-default\" data-id=\"b672334\" data-element_type=\"section\">\n\t\t\t\t\t\t<div class=\"elementor-container elementor-column-gap-default\">\n\t\t\t\t\t<div class=\"elementor-column elementor-col-100 elementor-top-column elementor-element elementor-element-4a0ef25\" data-id=\"4a0ef25\" data-element_type=\"column\">\n\t\t\t<div class=\"elementor-widget-wrap elementor-element-populated\">\n\t\t\t\t\t\t\t\t<div class=\"elementor-element elementor-element-a886c85 elementor-widget elementor-widget-text-editor\" data-id=\"a886c85\" data-element_type=\"widget\" data-widget_type=\"text-editor.default\">\n\t\t\t\t<div class=\"elementor-widget-container\">\n\t\t\t<style>\/*! elementor - v3.13.3 - 28-05-2023 *\/\n.elementor-widget-text-editor.elementor-drop-cap-view-stacked .elementor-drop-cap{background-color:#69727d;color:#fff}.elementor-widget-text-editor.elementor-drop-cap-view-framed .elementor-drop-cap{color:#69727d;border:3px solid;background-color:transparent}.elementor-widget-text-editor:not(.elementor-drop-cap-view-default) .elementor-drop-cap{margin-top:8px}.elementor-widget-text-editor:not(.elementor-drop-cap-view-default) .elementor-drop-cap-letter{width:1em;height:1em}.elementor-widget-text-editor .elementor-drop-cap{float:left;text-align:center;line-height:1;font-size:50px}.elementor-widget-text-editor .elementor-drop-cap-letter{display:inline-block}<\/style>\t\t\t\tLe projet GreenCo est directement li\u00e9 \u00e0 la lutte contre la pollution num\u00e9rique, un probl\u00e8me croissant dans notre \u00e8re technologique. La pollution num\u00e9rique fait r\u00e9f\u00e9rence aux impacts environnementaux n\u00e9gatifs d\u00e9coulant de l&rsquo;utilisation massive d&rsquo;appareils \u00e9lectroniques, de la consommation d&rsquo;\u00e9nergie et de la production de d\u00e9chets \u00e9lectroniques.\n<ul style=\"margin-block: 24px;\">\n  <li><b>Consommation d&rsquo;\u00e9nergie:<\/b> Les centres de donn\u00e9es et les r\u00e9seaux de t\u00e9l\u00e9communications consomment une quantit\u00e9 importante d&rsquo;\u00e9nergie, dont la majeure partie provient de combustibles fossiles. Cette consommation contribue fortement aux \u00e9missions de CO2 et au changement climatique.<\/li>\n  <li><b>D\u00e9chets \u00e9lectroniques:<\/b> La production et l&rsquo;\u00e9limination des appareils \u00e9lectroniques g\u00e9n\u00e8rent une grande quantit\u00e9 de d\u00e9chets toxiques qui, s&rsquo;ils ne sont pas correctement g\u00e9r\u00e9s, peuvent polluer le sol et l&rsquo;eau.<\/li>\n  <li><b>Croissance excessive de l&rsquo;utilisation des donn\u00e9es:<\/b> La demande croissante de services en ligne et l&rsquo;utilisation excessive d&rsquo;appareils \u00e9lectroniques augmentent l&#8217;empreinte carbone et aggravent la crise environnementale.<\/li>\n<\/ul>\n\t\t\t\t\t\t<\/div>\n\t\t\t\t<\/div>\n\t\t\t\t\t<\/div>\n\t\t<\/div>\n\t\t\t\t\t\t\t<\/div>\n\t\t<\/section>\n\t\t\t\t\t\t\t<\/div>\n\t\t","protected":false},"excerpt":{"rendered":"<p>Probl\u00e9mes Le projet GreenCo est directement li\u00e9 \u00e0 la lutte contre la pollution num\u00e9rique, un probl\u00e8me croissant dans notre \u00e8re technologique. La pollution num\u00e9rique fait r\u00e9f\u00e9rence aux impacts environnementaux n\u00e9gatifs d\u00e9coulant de l&rsquo;utilisation massive d&rsquo;appareils \u00e9lectroniques, de la consommation d&rsquo;\u00e9nergie et de la production de d\u00e9chets \u00e9lectroniques. Consommation d&rsquo;\u00e9nergie: Les centres de donn\u00e9es et les &#8230; <a title=\"Probl\u00e8mes\" class=\"read-more\" href=\"https:\/\/greenco-project.eu\/fr\/problemes\/\" aria-label=\"Plus sur Probl\u00e8mes\">Read More<\/a><\/p>\n","protected":false},"author":1,"featured_media":0,"parent":0,"menu_order":0,"comment_status":"closed","ping_status":"closed","template":"elementor_header_footer","meta":{"footnotes":""},"class_list":["post-6276","page","type-page","status-publish"],"yoast_head":"<!-- This site is optimized with the Yoast SEO plugin v19.13 - https:\/\/yoast.com\/wordpress\/plugins\/seo\/ -->\n<title>Probl\u00e8mes - GreenCo<\/title>\n<meta name=\"robots\" content=\"index, follow, max-snippet:-1, max-image-preview:large, max-video-preview:-1\" \/>\n<link rel=\"canonical\" href=\"https:\/\/greenco-project.eu\/fr\/problemes\/\" \/>\n<meta property=\"og:locale\" content=\"fr_FR\" \/>\n<meta property=\"og:type\" content=\"article\" \/>\n<meta property=\"og:title\" content=\"Probl\u00e8mes - GreenCo\" \/>\n<meta property=\"og:description\" content=\"Probl\u00e9mes Le projet GreenCo est directement li\u00e9 \u00e0 la lutte contre la pollution num\u00e9rique, un probl\u00e8me croissant dans notre \u00e8re technologique. La pollution num\u00e9rique fait r\u00e9f\u00e9rence aux impacts environnementaux n\u00e9gatifs d\u00e9coulant de l&rsquo;utilisation massive d&rsquo;appareils \u00e9lectroniques, de la consommation d&rsquo;\u00e9nergie et de la production de d\u00e9chets \u00e9lectroniques. Consommation d&rsquo;\u00e9nergie: Les centres de donn\u00e9es et les ... Read More\" \/>\n<meta property=\"og:url\" content=\"https:\/\/greenco-project.eu\/fr\/problemes\/\" \/>\n<meta property=\"og:site_name\" content=\"GreenCo\" \/>\n<meta property=\"article:modified_time\" content=\"2024-07-10T10:16:26+00:00\" \/>\n<meta name=\"twitter:card\" content=\"summary_large_image\" \/>\n<meta name=\"twitter:label1\" content=\"Dur\u00e9e de lecture estim\u00e9e\" \/>\n\t<meta name=\"twitter:data1\" content=\"1 minute\" \/>\n<script type=\"application\/ld+json\" class=\"yoast-schema-graph\">{\"@context\":\"https:\/\/schema.org\",\"@graph\":[{\"@type\":\"WebPage\",\"@id\":\"https:\/\/greenco-project.eu\/fr\/problemes\/\",\"url\":\"https:\/\/greenco-project.eu\/fr\/problemes\/\",\"name\":\"Probl\u00e8mes - GreenCo\",\"isPartOf\":{\"@id\":\"https:\/\/greenco-project.eu\/fr\/#website\"},\"datePublished\":\"2024-05-17T08:08:11+00:00\",\"dateModified\":\"2024-07-10T10:16:26+00:00\",\"breadcrumb\":{\"@id\":\"https:\/\/greenco-project.eu\/fr\/problemes\/#breadcrumb\"},\"inLanguage\":\"fr-FR\",\"potentialAction\":[{\"@type\":\"ReadAction\",\"target\":[\"https:\/\/greenco-project.eu\/fr\/problemes\/\"]}]},{\"@type\":\"BreadcrumbList\",\"@id\":\"https:\/\/greenco-project.eu\/fr\/problemes\/#breadcrumb\",\"itemListElement\":[{\"@type\":\"ListItem\",\"position\":1,\"name\":\"Portada\",\"item\":\"https:\/\/greenco-project.eu\/fr\/\"},{\"@type\":\"ListItem\",\"position\":2,\"name\":\"Probl\u00e8mes\"}]},{\"@type\":\"WebSite\",\"@id\":\"https:\/\/greenco-project.eu\/fr\/#website\",\"url\":\"https:\/\/greenco-project.eu\/fr\/\",\"name\":\"GreenCo\",\"description\":\"Just another WordPress site\",\"publisher\":{\"@id\":\"https:\/\/greenco-project.eu\/fr\/#organization\"},\"potentialAction\":[{\"@type\":\"SearchAction\",\"target\":{\"@type\":\"EntryPoint\",\"urlTemplate\":\"https:\/\/greenco-project.eu\/fr\/?s={search_term_string}\"},\"query-input\":\"required name=search_term_string\"}],\"inLanguage\":\"fr-FR\"},{\"@type\":\"Organization\",\"@id\":\"https:\/\/greenco-project.eu\/fr\/#organization\",\"name\":\"GreenCo\",\"url\":\"https:\/\/greenco-project.eu\/fr\/\",\"logo\":{\"@type\":\"ImageObject\",\"inLanguage\":\"fr-FR\",\"@id\":\"https:\/\/greenco-project.eu\/fr\/#\/schema\/logo\/image\/\",\"url\":\"https:\/\/greenco-project.eu\/wp-content\/uploads\/2022\/12\/LogosTop.svg\",\"contentUrl\":\"https:\/\/greenco-project.eu\/wp-content\/uploads\/2022\/12\/LogosTop.svg\",\"width\":682,\"height\":86,\"caption\":\"GreenCo\"},\"image\":{\"@id\":\"https:\/\/greenco-project.eu\/fr\/#\/schema\/logo\/image\/\"}}]}<\/script>\n<!-- \/ Yoast SEO plugin. -->","yoast_head_json":{"title":"Probl\u00e8mes - GreenCo","robots":{"index":"index","follow":"follow","max-snippet":"max-snippet:-1","max-image-preview":"max-image-preview:large","max-video-preview":"max-video-preview:-1"},"canonical":"https:\/\/greenco-project.eu\/fr\/problemes\/","og_locale":"fr_FR","og_type":"article","og_title":"Probl\u00e8mes - GreenCo","og_description":"Probl\u00e9mes Le projet GreenCo est directement li\u00e9 \u00e0 la lutte contre la pollution num\u00e9rique, un probl\u00e8me croissant dans notre \u00e8re technologique. La pollution num\u00e9rique fait r\u00e9f\u00e9rence aux impacts environnementaux n\u00e9gatifs d\u00e9coulant de l&rsquo;utilisation massive d&rsquo;appareils \u00e9lectroniques, de la consommation d&rsquo;\u00e9nergie et de la production de d\u00e9chets \u00e9lectroniques. Consommation d&rsquo;\u00e9nergie: Les centres de donn\u00e9es et les ... Read More","og_url":"https:\/\/greenco-project.eu\/fr\/problemes\/","og_site_name":"GreenCo","article_modified_time":"2024-07-10T10:16:26+00:00","twitter_card":"summary_large_image","twitter_misc":{"Dur\u00e9e de lecture estim\u00e9e":"1 minute"},"schema":{"@context":"https:\/\/schema.org","@graph":[{"@type":"WebPage","@id":"https:\/\/greenco-project.eu\/fr\/problemes\/","url":"https:\/\/greenco-project.eu\/fr\/problemes\/","name":"Probl\u00e8mes - GreenCo","isPartOf":{"@id":"https:\/\/greenco-project.eu\/fr\/#website"},"datePublished":"2024-05-17T08:08:11+00:00","dateModified":"2024-07-10T10:16:26+00:00","breadcrumb":{"@id":"https:\/\/greenco-project.eu\/fr\/problemes\/#breadcrumb"},"inLanguage":"fr-FR","potentialAction":[{"@type":"ReadAction","target":["https:\/\/greenco-project.eu\/fr\/problemes\/"]}]},{"@type":"BreadcrumbList","@id":"https:\/\/greenco-project.eu\/fr\/problemes\/#breadcrumb","itemListElement":[{"@type":"ListItem","position":1,"name":"Portada","item":"https:\/\/greenco-project.eu\/fr\/"},{"@type":"ListItem","position":2,"name":"Probl\u00e8mes"}]},{"@type":"WebSite","@id":"https:\/\/greenco-project.eu\/fr\/#website","url":"https:\/\/greenco-project.eu\/fr\/","name":"GreenCo","description":"Just another WordPress site","publisher":{"@id":"https:\/\/greenco-project.eu\/fr\/#organization"},"potentialAction":[{"@type":"SearchAction","target":{"@type":"EntryPoint","urlTemplate":"https:\/\/greenco-project.eu\/fr\/?s={search_term_string}"},"query-input":"required name=search_term_string"}],"inLanguage":"fr-FR"},{"@type":"Organization","@id":"https:\/\/greenco-project.eu\/fr\/#organization","name":"GreenCo","url":"https:\/\/greenco-project.eu\/fr\/","logo":{"@type":"ImageObject","inLanguage":"fr-FR","@id":"https:\/\/greenco-project.eu\/fr\/#\/schema\/logo\/image\/","url":"https:\/\/greenco-project.eu\/wp-content\/uploads\/2022\/12\/LogosTop.svg","contentUrl":"https:\/\/greenco-project.eu\/wp-content\/uploads\/2022\/12\/LogosTop.svg","width":682,"height":86,"caption":"GreenCo"},"image":{"@id":"https:\/\/greenco-project.eu\/fr\/#\/schema\/logo\/image\/"}}]}},"_links":{"self":[{"href":"https:\/\/greenco-project.eu\/fr\/wp-json\/wp\/v2\/pages\/6276","targetHints":{"allow":["GET"]}}],"collection":[{"href":"https:\/\/greenco-project.eu\/fr\/wp-json\/wp\/v2\/pages"}],"about":[{"href":"https:\/\/greenco-project.eu\/fr\/wp-json\/wp\/v2\/types\/page"}],"author":[{"embeddable":true,"href":"https:\/\/greenco-project.eu\/fr\/wp-json\/wp\/v2\/users\/1"}],"replies":[{"embeddable":true,"href":"https:\/\/greenco-project.eu\/fr\/wp-json\/wp\/v2\/comments?post=6276"}],"version-history":[{"count":7,"href":"https:\/\/greenco-project.eu\/fr\/wp-json\/wp\/v2\/pages\/6276\/revisions"}],"predecessor-version":[{"id":6897,"href":"https:\/\/greenco-project.eu\/fr\/wp-json\/wp\/v2\/pages\/6276\/revisions\/6897"}],"wp:attachment":[{"href":"https:\/\/greenco-project.eu\/fr\/wp-json\/wp\/v2\/media?parent=6276"}],"curies":[{"name":"wp","href":"https:\/\/api.w.org\/{rel}","templated":true}]}}