{"id":6274,"date":"2024-05-17T08:11:39","date_gmt":"2024-05-17T08:11:39","guid":{"rendered":"https:\/\/greenco-project.eu\/?page_id=6274"},"modified":"2024-07-10T10:02:32","modified_gmt":"2024-07-10T10:02:32","slug":"causes","status":"publish","type":"page","link":"https:\/\/greenco-project.eu\/fr\/causes\/","title":{"rendered":"Causes"},"content":{"rendered":"\t\t<div data-elementor-type=\"wp-page\" data-elementor-id=\"6274\" class=\"elementor elementor-6274 elementor-6149\">\n\t\t\t\t\t\t\t\t\t<section class=\"elementor-section elementor-top-section elementor-element elementor-element-73dee2e elementor-section-full_width elementor-section-stretched elementor-section-height-default elementor-section-height-default\" data-id=\"73dee2e\" data-element_type=\"section\" data-settings=\"{&quot;stretch_section&quot;:&quot;section-stretched&quot;,&quot;background_background&quot;:&quot;classic&quot;}\">\n\t\t\t\t\t\t\t<div class=\"elementor-background-overlay\"><\/div>\n\t\t\t\t\t\t\t<div class=\"elementor-container elementor-column-gap-no\">\n\t\t\t\t\t<div class=\"elementor-column elementor-col-100 elementor-top-column elementor-element elementor-element-dba09e0\" data-id=\"dba09e0\" data-element_type=\"column\">\n\t\t\t<div class=\"elementor-widget-wrap elementor-element-populated\">\n\t\t\t\t\t\t\t\t<div class=\"elementor-element elementor-element-04e1615 elementor-widget elementor-widget-heading\" data-id=\"04e1615\" data-element_type=\"widget\" data-widget_type=\"heading.default\">\n\t\t\t\t<div class=\"elementor-widget-container\">\n\t\t\t<style>\/*! elementor - v3.13.3 - 28-05-2023 *\/\n.elementor-heading-title{padding:0;margin:0;line-height:1}.elementor-widget-heading .elementor-heading-title[class*=elementor-size-]>a{color:inherit;font-size:inherit;line-height:inherit}.elementor-widget-heading .elementor-heading-title.elementor-size-small{font-size:15px}.elementor-widget-heading .elementor-heading-title.elementor-size-medium{font-size:19px}.elementor-widget-heading .elementor-heading-title.elementor-size-large{font-size:29px}.elementor-widget-heading .elementor-heading-title.elementor-size-xl{font-size:39px}.elementor-widget-heading .elementor-heading-title.elementor-size-xxl{font-size:59px}<\/style><h1 class=\"elementor-heading-title elementor-size-default\">Causes<\/h1>\t\t<\/div>\n\t\t\t\t<\/div>\n\t\t\t\t\t<\/div>\n\t\t<\/div>\n\t\t\t\t\t\t\t<\/div>\n\t\t<\/section>\n\t\t\t\t<section class=\"elementor-section elementor-top-section elementor-element elementor-element-18157cd elementor-section-boxed elementor-section-height-default elementor-section-height-default\" data-id=\"18157cd\" data-element_type=\"section\">\n\t\t\t\t\t\t<div class=\"elementor-container elementor-column-gap-default\">\n\t\t\t\t\t<div class=\"elementor-column elementor-col-100 elementor-top-column elementor-element elementor-element-34804c1\" data-id=\"34804c1\" data-element_type=\"column\">\n\t\t\t<div class=\"elementor-widget-wrap elementor-element-populated\">\n\t\t\t\t\t\t\t\t<div class=\"elementor-element elementor-element-5c09f5b elementor-widget elementor-widget-text-editor\" data-id=\"5c09f5b\" data-element_type=\"widget\" data-widget_type=\"text-editor.default\">\n\t\t\t\t<div class=\"elementor-widget-container\">\n\t\t\t<style>\/*! elementor - v3.13.3 - 28-05-2023 *\/\n.elementor-widget-text-editor.elementor-drop-cap-view-stacked .elementor-drop-cap{background-color:#69727d;color:#fff}.elementor-widget-text-editor.elementor-drop-cap-view-framed .elementor-drop-cap{color:#69727d;border:3px solid;background-color:transparent}.elementor-widget-text-editor:not(.elementor-drop-cap-view-default) .elementor-drop-cap{margin-top:8px}.elementor-widget-text-editor:not(.elementor-drop-cap-view-default) .elementor-drop-cap-letter{width:1em;height:1em}.elementor-widget-text-editor .elementor-drop-cap{float:left;text-align:center;line-height:1;font-size:50px}.elementor-widget-text-editor .elementor-drop-cap-letter{display:inline-block}<\/style>\t\t\t\tLa pollution num\u00e9rique est un probl\u00e8me croissant caus\u00e9 par l&rsquo;utilisation massive des technologies num\u00e9riques et des appareils \u00e9lectroniques. Les principales causes de cette pollution sont les suivantes:\n<ul style=\"margin-block: 24px;\">\n  <li><b>Consommation d&rsquo;\u00e9nergie:<\/b> Les appareils \u00e9lectroniques et les infrastructures num\u00e9riques, telles que les centres de donn\u00e9es et les r\u00e9seaux de t\u00e9l\u00e9communications, consomment de grandes quantit\u00e9s d&rsquo;\u00e9nergie, principalement \u00e0 partir de sources non renouvelables, ce qui contribue aux \u00e9missions de gaz \u00e0 effet de serre.<\/li>\n  <li><b>D\u00e9chets \u00e9lectroniques (E-waste):<\/b> L&rsquo;obsolescence rapide des appareils \u00e9lectroniques g\u00e9n\u00e8re une grande quantit\u00e9 de d\u00e9chets contenant des mat\u00e9riaux toxiques, ce qui repr\u00e9sente un risque s\u00e9rieux pour l&rsquo;environnement et la sant\u00e9 publique s&rsquo;ils ne sont pas correctement g\u00e9r\u00e9s.<\/li>\n  <li><b>Production et \u00e9limination des appareils:<\/b> La fabrication des appareils \u00e9lectroniques consomme des ressources naturelles et produit des \u00e9missions de CO2. En outre, le manque d&rsquo;options de r\u00e9paration et les mises \u00e0 jour fr\u00e9quentes augmentent le volume des d\u00e9chets \u00e9lectroniques.<\/li>\n  <li><b>Utilisation excessive des services en ligne:<\/b> L&rsquo;utilisation croissante des services en ligne, tels que le streaming et les r\u00e9seaux sociaux, augmente la consommation d&rsquo;\u00e9nergie en raison de la n\u00e9cessit\u00e9 de faire fonctionner de nombreux serveurs, ce qui accro\u00eet l&#8217;empreinte carbone num\u00e9rique.<\/li>\n  <li><b>Manque de connaissances et de sensibilisation:<\/b> De nombreuses personnes ne sont pas conscientes de l&rsquo;impact environnemental de leurs habitudes num\u00e9riques, ce qui exacerbe le probl\u00e8me. L&rsquo;\u00e9ducation et la sensibilisation sont essentielles pour att\u00e9nuer cette pollution.<\/li>\n<\/ul>\n<b>Conclusion<\/b>\n\nPour lutter contre la pollution num\u00e9rique, il est essentiel d&rsquo;optimiser la consommation d&rsquo;\u00e9nergie, de g\u00e9rer correctement les d\u00e9chets \u00e9lectroniques et d&rsquo;\u00e9duquer aux pratiques num\u00e9riques durables. Des projets tels que GreenCo sont essentiels \u00e0 ces efforts.\n\t\t\t\t\t\t<\/div>\n\t\t\t\t<\/div>\n\t\t\t\t\t<\/div>\n\t\t<\/div>\n\t\t\t\t\t\t\t<\/div>\n\t\t<\/section>\n\t\t\t\t\t\t\t<\/div>\n\t\t","protected":false},"excerpt":{"rendered":"<p>Causes La pollution num\u00e9rique est un probl\u00e8me croissant caus\u00e9 par l&rsquo;utilisation massive des technologies num\u00e9riques et des appareils \u00e9lectroniques. Les principales causes de cette pollution sont les suivantes: Consommation d&rsquo;\u00e9nergie: Les appareils \u00e9lectroniques et les infrastructures num\u00e9riques, telles que les centres de donn\u00e9es et les r\u00e9seaux de t\u00e9l\u00e9communications, consomment de grandes quantit\u00e9s d&rsquo;\u00e9nergie, principalement \u00e0 &#8230; <a title=\"Causes\" class=\"read-more\" href=\"https:\/\/greenco-project.eu\/fr\/causes\/\" aria-label=\"Plus sur Causes\">Read More<\/a><\/p>\n","protected":false},"author":1,"featured_media":0,"parent":0,"menu_order":0,"comment_status":"closed","ping_status":"closed","template":"elementor_header_footer","meta":{"footnotes":""},"class_list":["post-6274","page","type-page","status-publish"],"yoast_head":"<!-- This site is optimized with the Yoast SEO plugin v19.13 - https:\/\/yoast.com\/wordpress\/plugins\/seo\/ -->\n<title>Causes - GreenCo<\/title>\n<meta name=\"robots\" content=\"index, follow, max-snippet:-1, max-image-preview:large, max-video-preview:-1\" \/>\n<link rel=\"canonical\" href=\"https:\/\/greenco-project.eu\/fr\/causes\/\" \/>\n<meta property=\"og:locale\" content=\"fr_FR\" \/>\n<meta property=\"og:type\" content=\"article\" \/>\n<meta property=\"og:title\" content=\"Causes - GreenCo\" \/>\n<meta property=\"og:description\" content=\"Causes La pollution num\u00e9rique est un probl\u00e8me croissant caus\u00e9 par l&rsquo;utilisation massive des technologies num\u00e9riques et des appareils \u00e9lectroniques. Les principales causes de cette pollution sont les suivantes: Consommation d&rsquo;\u00e9nergie: Les appareils \u00e9lectroniques et les infrastructures num\u00e9riques, telles que les centres de donn\u00e9es et les r\u00e9seaux de t\u00e9l\u00e9communications, consomment de grandes quantit\u00e9s d&rsquo;\u00e9nergie, principalement \u00e0 ... Read More\" \/>\n<meta property=\"og:url\" content=\"https:\/\/greenco-project.eu\/fr\/causes\/\" \/>\n<meta property=\"og:site_name\" content=\"GreenCo\" \/>\n<meta property=\"article:modified_time\" content=\"2024-07-10T10:02:32+00:00\" \/>\n<meta name=\"twitter:card\" content=\"summary_large_image\" \/>\n<meta name=\"twitter:label1\" content=\"Dur\u00e9e de lecture estim\u00e9e\" \/>\n\t<meta name=\"twitter:data1\" content=\"1 minute\" \/>\n<script type=\"application\/ld+json\" class=\"yoast-schema-graph\">{\"@context\":\"https:\/\/schema.org\",\"@graph\":[{\"@type\":\"WebPage\",\"@id\":\"https:\/\/greenco-project.eu\/fr\/causes\/\",\"url\":\"https:\/\/greenco-project.eu\/fr\/causes\/\",\"name\":\"Causes - GreenCo\",\"isPartOf\":{\"@id\":\"https:\/\/greenco-project.eu\/fr\/#website\"},\"datePublished\":\"2024-05-17T08:11:39+00:00\",\"dateModified\":\"2024-07-10T10:02:32+00:00\",\"breadcrumb\":{\"@id\":\"https:\/\/greenco-project.eu\/fr\/causes\/#breadcrumb\"},\"inLanguage\":\"fr-FR\",\"potentialAction\":[{\"@type\":\"ReadAction\",\"target\":[\"https:\/\/greenco-project.eu\/fr\/causes\/\"]}]},{\"@type\":\"BreadcrumbList\",\"@id\":\"https:\/\/greenco-project.eu\/fr\/causes\/#breadcrumb\",\"itemListElement\":[{\"@type\":\"ListItem\",\"position\":1,\"name\":\"Portada\",\"item\":\"https:\/\/greenco-project.eu\/fr\/\"},{\"@type\":\"ListItem\",\"position\":2,\"name\":\"Causes\"}]},{\"@type\":\"WebSite\",\"@id\":\"https:\/\/greenco-project.eu\/fr\/#website\",\"url\":\"https:\/\/greenco-project.eu\/fr\/\",\"name\":\"GreenCo\",\"description\":\"Just another WordPress site\",\"publisher\":{\"@id\":\"https:\/\/greenco-project.eu\/fr\/#organization\"},\"potentialAction\":[{\"@type\":\"SearchAction\",\"target\":{\"@type\":\"EntryPoint\",\"urlTemplate\":\"https:\/\/greenco-project.eu\/fr\/?s={search_term_string}\"},\"query-input\":\"required name=search_term_string\"}],\"inLanguage\":\"fr-FR\"},{\"@type\":\"Organization\",\"@id\":\"https:\/\/greenco-project.eu\/fr\/#organization\",\"name\":\"GreenCo\",\"url\":\"https:\/\/greenco-project.eu\/fr\/\",\"logo\":{\"@type\":\"ImageObject\",\"inLanguage\":\"fr-FR\",\"@id\":\"https:\/\/greenco-project.eu\/fr\/#\/schema\/logo\/image\/\",\"url\":\"https:\/\/greenco-project.eu\/wp-content\/uploads\/2022\/12\/LogosTop.svg\",\"contentUrl\":\"https:\/\/greenco-project.eu\/wp-content\/uploads\/2022\/12\/LogosTop.svg\",\"width\":682,\"height\":86,\"caption\":\"GreenCo\"},\"image\":{\"@id\":\"https:\/\/greenco-project.eu\/fr\/#\/schema\/logo\/image\/\"}}]}<\/script>\n<!-- \/ Yoast SEO plugin. -->","yoast_head_json":{"title":"Causes - GreenCo","robots":{"index":"index","follow":"follow","max-snippet":"max-snippet:-1","max-image-preview":"max-image-preview:large","max-video-preview":"max-video-preview:-1"},"canonical":"https:\/\/greenco-project.eu\/fr\/causes\/","og_locale":"fr_FR","og_type":"article","og_title":"Causes - GreenCo","og_description":"Causes La pollution num\u00e9rique est un probl\u00e8me croissant caus\u00e9 par l&rsquo;utilisation massive des technologies num\u00e9riques et des appareils \u00e9lectroniques. Les principales causes de cette pollution sont les suivantes: Consommation d&rsquo;\u00e9nergie: Les appareils \u00e9lectroniques et les infrastructures num\u00e9riques, telles que les centres de donn\u00e9es et les r\u00e9seaux de t\u00e9l\u00e9communications, consomment de grandes quantit\u00e9s d&rsquo;\u00e9nergie, principalement \u00e0 ... Read More","og_url":"https:\/\/greenco-project.eu\/fr\/causes\/","og_site_name":"GreenCo","article_modified_time":"2024-07-10T10:02:32+00:00","twitter_card":"summary_large_image","twitter_misc":{"Dur\u00e9e de lecture estim\u00e9e":"1 minute"},"schema":{"@context":"https:\/\/schema.org","@graph":[{"@type":"WebPage","@id":"https:\/\/greenco-project.eu\/fr\/causes\/","url":"https:\/\/greenco-project.eu\/fr\/causes\/","name":"Causes - GreenCo","isPartOf":{"@id":"https:\/\/greenco-project.eu\/fr\/#website"},"datePublished":"2024-05-17T08:11:39+00:00","dateModified":"2024-07-10T10:02:32+00:00","breadcrumb":{"@id":"https:\/\/greenco-project.eu\/fr\/causes\/#breadcrumb"},"inLanguage":"fr-FR","potentialAction":[{"@type":"ReadAction","target":["https:\/\/greenco-project.eu\/fr\/causes\/"]}]},{"@type":"BreadcrumbList","@id":"https:\/\/greenco-project.eu\/fr\/causes\/#breadcrumb","itemListElement":[{"@type":"ListItem","position":1,"name":"Portada","item":"https:\/\/greenco-project.eu\/fr\/"},{"@type":"ListItem","position":2,"name":"Causes"}]},{"@type":"WebSite","@id":"https:\/\/greenco-project.eu\/fr\/#website","url":"https:\/\/greenco-project.eu\/fr\/","name":"GreenCo","description":"Just another WordPress site","publisher":{"@id":"https:\/\/greenco-project.eu\/fr\/#organization"},"potentialAction":[{"@type":"SearchAction","target":{"@type":"EntryPoint","urlTemplate":"https:\/\/greenco-project.eu\/fr\/?s={search_term_string}"},"query-input":"required name=search_term_string"}],"inLanguage":"fr-FR"},{"@type":"Organization","@id":"https:\/\/greenco-project.eu\/fr\/#organization","name":"GreenCo","url":"https:\/\/greenco-project.eu\/fr\/","logo":{"@type":"ImageObject","inLanguage":"fr-FR","@id":"https:\/\/greenco-project.eu\/fr\/#\/schema\/logo\/image\/","url":"https:\/\/greenco-project.eu\/wp-content\/uploads\/2022\/12\/LogosTop.svg","contentUrl":"https:\/\/greenco-project.eu\/wp-content\/uploads\/2022\/12\/LogosTop.svg","width":682,"height":86,"caption":"GreenCo"},"image":{"@id":"https:\/\/greenco-project.eu\/fr\/#\/schema\/logo\/image\/"}}]}},"_links":{"self":[{"href":"https:\/\/greenco-project.eu\/fr\/wp-json\/wp\/v2\/pages\/6274","targetHints":{"allow":["GET"]}}],"collection":[{"href":"https:\/\/greenco-project.eu\/fr\/wp-json\/wp\/v2\/pages"}],"about":[{"href":"https:\/\/greenco-project.eu\/fr\/wp-json\/wp\/v2\/types\/page"}],"author":[{"embeddable":true,"href":"https:\/\/greenco-project.eu\/fr\/wp-json\/wp\/v2\/users\/1"}],"replies":[{"embeddable":true,"href":"https:\/\/greenco-project.eu\/fr\/wp-json\/wp\/v2\/comments?post=6274"}],"version-history":[{"count":13,"href":"https:\/\/greenco-project.eu\/fr\/wp-json\/wp\/v2\/pages\/6274\/revisions"}],"predecessor-version":[{"id":6882,"href":"https:\/\/greenco-project.eu\/fr\/wp-json\/wp\/v2\/pages\/6274\/revisions\/6882"}],"wp:attachment":[{"href":"https:\/\/greenco-project.eu\/fr\/wp-json\/wp\/v2\/media?parent=6274"}],"curies":[{"name":"wp","href":"https:\/\/api.w.org\/{rel}","templated":true}]}}