{"id":3481,"date":"2022-10-21T08:48:25","date_gmt":"2022-10-21T08:48:25","guid":{"rendered":"https:\/\/greenco-project.eu\/mockup\/"},"modified":"2023-06-08T08:34:56","modified_gmt":"2023-06-08T08:34:56","slug":"mockup","status":"publish","type":"page","link":"https:\/\/greenco-project.eu\/fr\/mockup\/","title":{"rendered":"Mockup"},"content":{"rendered":"\t\t<div data-elementor-type=\"wp-page\" data-elementor-id=\"3481\" class=\"elementor elementor-3481 elementor-616\">\n\t\t\t\t\t\t\t\t\t<section class=\"elementor-section elementor-top-section elementor-element elementor-element-50d1f44 elementor-section-full_width elementor-section-stretched elementor-section-height-default elementor-section-height-default\" data-id=\"50d1f44\" data-element_type=\"section\" data-settings=\"{&quot;stretch_section&quot;:&quot;section-stretched&quot;,&quot;background_background&quot;:&quot;classic&quot;}\">\n\t\t\t\t\t\t\t<div class=\"elementor-background-overlay\"><\/div>\n\t\t\t\t\t\t\t<div class=\"elementor-container elementor-column-gap-no\">\n\t\t\t\t\t<div class=\"elementor-column elementor-col-100 elementor-top-column elementor-element elementor-element-53a58c1\" data-id=\"53a58c1\" data-element_type=\"column\">\n\t\t\t<div class=\"elementor-widget-wrap elementor-element-populated\">\n\t\t\t\t\t\t\t\t<div class=\"elementor-element elementor-element-38267be elementor-widget elementor-widget-heading\" data-id=\"38267be\" data-element_type=\"widget\" data-widget_type=\"heading.default\">\n\t\t\t\t<div class=\"elementor-widget-container\">\n\t\t\t<style>\/*! elementor - v3.13.3 - 28-05-2023 *\/\n.elementor-heading-title{padding:0;margin:0;line-height:1}.elementor-widget-heading .elementor-heading-title[class*=elementor-size-]>a{color:inherit;font-size:inherit;line-height:inherit}.elementor-widget-heading .elementor-heading-title.elementor-size-small{font-size:15px}.elementor-widget-heading .elementor-heading-title.elementor-size-medium{font-size:19px}.elementor-widget-heading .elementor-heading-title.elementor-size-large{font-size:29px}.elementor-widget-heading .elementor-heading-title.elementor-size-xl{font-size:39px}.elementor-widget-heading .elementor-heading-title.elementor-size-xxl{font-size:59px}<\/style><h1 class=\"elementor-heading-title elementor-size-default\">Mockup<\/h1>\t\t<\/div>\n\t\t\t\t<\/div>\n\t\t\t\t\t<\/div>\n\t\t<\/div>\n\t\t\t\t\t\t\t<\/div>\n\t\t<\/section>\n\t\t\t\t<section class=\"elementor-section elementor-top-section elementor-element elementor-element-2a245930 elementor-section-full_width elementor-section-stretched elementor-section-height-default elementor-section-height-default\" data-id=\"2a245930\" data-element_type=\"section\" data-settings=\"{&quot;stretch_section&quot;:&quot;section-stretched&quot;,&quot;background_background&quot;:&quot;classic&quot;}\">\n\t\t\t\t\t\t<div class=\"elementor-container elementor-column-gap-no\">\n\t\t\t\t\t<div class=\"elementor-column elementor-col-50 elementor-top-column elementor-element elementor-element-5b6810b6\" data-id=\"5b6810b6\" data-element_type=\"column\" data-settings=\"{&quot;background_background&quot;:&quot;classic&quot;}\">\n\t\t\t<div class=\"elementor-widget-wrap elementor-element-populated\">\n\t\t\t\t\t\t\t\t<div class=\"elementor-element elementor-element-4f1403b9 elementor-hidden-desktop elementor-hidden-tablet elementor-widget elementor-widget-spacer\" data-id=\"4f1403b9\" data-element_type=\"widget\" data-widget_type=\"spacer.default\">\n\t\t\t\t<div class=\"elementor-widget-container\">\n\t\t\t<style>\/*! elementor - v3.13.3 - 28-05-2023 *\/\n.elementor-column .elementor-spacer-inner{height:var(--spacer-size)}.e-con{--container-widget-width:100%}.e-con-inner>.elementor-widget-spacer,.e-con>.elementor-widget-spacer{width:var(--container-widget-width,var(--spacer-size));--align-self:var(--container-widget-align-self,initial);--flex-shrink:0}.e-con-inner>.elementor-widget-spacer>.elementor-widget-container,.e-con-inner>.elementor-widget-spacer>.elementor-widget-container>.elementor-spacer,.e-con>.elementor-widget-spacer>.elementor-widget-container,.e-con>.elementor-widget-spacer>.elementor-widget-container>.elementor-spacer{height:100%}.e-con-inner>.elementor-widget-spacer>.elementor-widget-container>.elementor-spacer>.elementor-spacer-inner,.e-con>.elementor-widget-spacer>.elementor-widget-container>.elementor-spacer>.elementor-spacer-inner{height:var(--container-widget-height,var(--spacer-size))}<\/style>\t\t<div class=\"elementor-spacer\">\n\t\t\t<div class=\"elementor-spacer-inner\"><\/div>\n\t\t<\/div>\n\t\t\t\t<\/div>\n\t\t\t\t<\/div>\n\t\t\t\t\t<\/div>\n\t\t<\/div>\n\t\t\t\t<div class=\"elementor-column elementor-col-50 elementor-top-column elementor-element elementor-element-61ad4c8a\" data-id=\"61ad4c8a\" data-element_type=\"column\">\n\t\t\t<div class=\"elementor-widget-wrap elementor-element-populated\">\n\t\t\t\t\t\t\t\t<div class=\"elementor-element elementor-element-7fb82910 elementor-widget elementor-widget-heading\" data-id=\"7fb82910\" data-element_type=\"widget\" data-widget_type=\"heading.default\">\n\t\t\t\t<div class=\"elementor-widget-container\">\n\t\t\t<h2 class=\"elementor-heading-title elementor-size-default\"><span style=\"color: rgb(7, 128, 75); text-align: justify !important; transition: all 0s ease 0s;\" data-userway-s19-styled=\"true\" data-text-align-feature-value=\"4\">La maquette<\/span> <span style=\"color: rgb(140, 196, 65); text-align: justify !important; transition: all 0s ease 0s;\" data-userway-s19-styled=\"true\" data-text-align-feature-value=\"4\">d\u2019application GreenCo<\/span>  <\/h2>\t\t<\/div>\n\t\t\t\t<\/div>\n\t\t\t\t<div class=\"elementor-element elementor-element-6dad4bac elementor-widget elementor-widget-text-editor\" data-id=\"6dad4bac\" data-element_type=\"widget\" data-widget_type=\"text-editor.default\">\n\t\t\t\t<div class=\"elementor-widget-container\">\n\t\t\t<style>\/*! elementor - v3.13.3 - 28-05-2023 *\/\n.elementor-widget-text-editor.elementor-drop-cap-view-stacked .elementor-drop-cap{background-color:#69727d;color:#fff}.elementor-widget-text-editor.elementor-drop-cap-view-framed .elementor-drop-cap{color:#69727d;border:3px solid;background-color:transparent}.elementor-widget-text-editor:not(.elementor-drop-cap-view-default) .elementor-drop-cap{margin-top:8px}.elementor-widget-text-editor:not(.elementor-drop-cap-view-default) .elementor-drop-cap-letter{width:1em;height:1em}.elementor-widget-text-editor .elementor-drop-cap{float:left;text-align:center;line-height:1;font-size:50px}.elementor-widget-text-editor .elementor-drop-cap-letter{display:inline-block}<\/style>\t\t\t\t<p style=\"text-align: justify !important; transition: all 0s ease 0s;\" data-userway-s19-styled=\"true\" data-text-align-feature-value=\"4\"><img loading=\"lazy\" decoding=\"async\" class=\"alignnone size-medium wp-image-4304\" style=\"text-align: justify !important; transition: all 0s ease 0s;\" src=\"http:\/\/greenco-project.eu\/wp-content\/uploads\/2023\/06\/Captura-de-pantalla-5-300x141.png\" alt=\"GreenCo Mockup\" width=\"300\" height=\"141\" data-userway-s19-styled=\"true\" data-text-align-feature-value=\"4\" srcset=\"https:\/\/greenco-project.eu\/wp-content\/uploads\/2023\/06\/Captura-de-pantalla-5-300x141.png 300w, https:\/\/greenco-project.eu\/wp-content\/uploads\/2023\/06\/Captura-de-pantalla-5-1024x481.png 1024w, https:\/\/greenco-project.eu\/wp-content\/uploads\/2023\/06\/Captura-de-pantalla-5-768x361.png 768w, https:\/\/greenco-project.eu\/wp-content\/uploads\/2023\/06\/Captura-de-pantalla-5.png 1398w\" sizes=\"auto, (max-width: 300px) 100vw, 300px\" \/><\/p><p style=\"text-align: justify !important; transition: all 0s ease 0s;\" data-userway-s19-styled=\"true\" data-text-align-feature-value=\"4\">Il s&rsquo;agit d&rsquo;une simulation de la future application mobile cr\u00e9\u00e9e, apr\u00e8s la d\u00e9finition et la mise en place du processus et des fonctionnalit\u00e9s de gamification de l&rsquo;application.<\/p><p style=\"text-align: justify !important; transition: all 0s ease 0s;\" data-userway-s19-styled=\"true\" data-text-align-feature-value=\"4\">Rejoignez-nous et utilisez l&rsquo;application !!!<\/p>\t\t\t\t\t\t<\/div>\n\t\t\t\t<\/div>\n\t\t\t\t<section class=\"elementor-section elementor-inner-section elementor-element elementor-element-4c29d91d elementor-section-boxed elementor-section-height-default elementor-section-height-default\" data-id=\"4c29d91d\" data-element_type=\"section\">\n\t\t\t\t\t\t<div class=\"elementor-container elementor-column-gap-default\">\n\t\t\t\t\t<div class=\"elementor-column elementor-col-50 elementor-inner-column elementor-element elementor-element-7f6ebde8\" data-id=\"7f6ebde8\" data-element_type=\"column\" data-settings=\"{&quot;background_background&quot;:&quot;classic&quot;}\">\n\t\t\t<div class=\"elementor-widget-wrap elementor-element-populated\">\n\t\t\t\t\t\t\t\t<div class=\"elementor-element elementor-element-53723e3e elementor-widget elementor-widget-spacer\" data-id=\"53723e3e\" data-element_type=\"widget\" data-widget_type=\"spacer.default\">\n\t\t\t\t<div class=\"elementor-widget-container\">\n\t\t\t\t\t<div class=\"elementor-spacer\">\n\t\t\t<div class=\"elementor-spacer-inner\"><\/div>\n\t\t<\/div>\n\t\t\t\t<\/div>\n\t\t\t\t<\/div>\n\t\t\t\t\t<\/div>\n\t\t<\/div>\n\t\t\t\t<div class=\"elementor-column elementor-col-50 elementor-inner-column elementor-element elementor-element-3d310567\" data-id=\"3d310567\" data-element_type=\"column\" data-settings=\"{&quot;background_background&quot;:&quot;classic&quot;}\">\n\t\t\t<div class=\"elementor-widget-wrap elementor-element-populated\">\n\t\t\t\t\t\t\t\t<div class=\"elementor-element elementor-element-1ea6c98c elementor-widget elementor-widget-spacer\" data-id=\"1ea6c98c\" data-element_type=\"widget\" data-widget_type=\"spacer.default\">\n\t\t\t\t<div class=\"elementor-widget-container\">\n\t\t\t\t\t<div class=\"elementor-spacer\">\n\t\t\t<div class=\"elementor-spacer-inner\"><\/div>\n\t\t<\/div>\n\t\t\t\t<\/div>\n\t\t\t\t<\/div>\n\t\t\t\t\t<\/div>\n\t\t<\/div>\n\t\t\t\t\t\t\t<\/div>\n\t\t<\/section>\n\t\t\t\t<section class=\"elementor-section elementor-inner-section elementor-element elementor-element-243164 elementor-section-boxed elementor-section-height-default elementor-section-height-default\" data-id=\"243164\" data-element_type=\"section\">\n\t\t\t\t\t\t<div class=\"elementor-container elementor-column-gap-default\">\n\t\t\t\t\t<div class=\"elementor-column elementor-col-100 elementor-inner-column elementor-element elementor-element-49ba03d1\" data-id=\"49ba03d1\" data-element_type=\"column\" data-settings=\"{&quot;background_background&quot;:&quot;classic&quot;}\">\n\t\t\t<div class=\"elementor-widget-wrap elementor-element-populated\">\n\t\t\t\t\t\t\t\t<div class=\"elementor-element elementor-element-23a55d25 elementor-widget elementor-widget-spacer\" data-id=\"23a55d25\" data-element_type=\"widget\" data-widget_type=\"spacer.default\">\n\t\t\t\t<div class=\"elementor-widget-container\">\n\t\t\t\t\t<div class=\"elementor-spacer\">\n\t\t\t<div class=\"elementor-spacer-inner\"><\/div>\n\t\t<\/div>\n\t\t\t\t<\/div>\n\t\t\t\t<\/div>\n\t\t\t\t\t<\/div>\n\t\t<\/div>\n\t\t\t\t\t\t\t<\/div>\n\t\t<\/section>\n\t\t\t\t\t<\/div>\n\t\t<\/div>\n\t\t\t\t\t\t\t<\/div>\n\t\t<\/section>\n\t\t\t\t<section class=\"elementor-section elementor-top-section elementor-element elementor-element-1ed92c7c elementor-section-full_width elementor-section-stretched elementor-section-height-default elementor-section-height-default\" data-id=\"1ed92c7c\" data-element_type=\"section\" data-settings=\"{&quot;stretch_section&quot;:&quot;section-stretched&quot;,&quot;background_background&quot;:&quot;classic&quot;}\">\n\t\t\t\t\t\t\t<div class=\"elementor-background-overlay\"><\/div>\n\t\t\t\t\t\t\t<div class=\"elementor-container elementor-column-gap-no\">\n\t\t\t\t\t<div class=\"elementor-column elementor-col-100 elementor-top-column elementor-element elementor-element-b3d83e7\" data-id=\"b3d83e7\" data-element_type=\"column\">\n\t\t\t<div class=\"elementor-widget-wrap elementor-element-populated\">\n\t\t\t\t\t\t\t\t<section class=\"elementor-section elementor-inner-section elementor-element elementor-element-16a6bbea elementor-section-boxed elementor-section-height-default elementor-section-height-default\" data-id=\"16a6bbea\" data-element_type=\"section\">\n\t\t\t\t\t\t<div class=\"elementor-container elementor-column-gap-default\">\n\t\t\t\t\t<div class=\"elementor-column elementor-col-100 elementor-inner-column elementor-element elementor-element-ef825bf\" data-id=\"ef825bf\" data-element_type=\"column\">\n\t\t\t<div class=\"elementor-widget-wrap elementor-element-populated\">\n\t\t\t\t\t\t\t\t<div class=\"elementor-element elementor-element-580f3f26 elementor-widget elementor-widget-heading\" data-id=\"580f3f26\" data-element_type=\"widget\" data-widget_type=\"heading.default\">\n\t\t\t\t<div class=\"elementor-widget-container\">\n\t\t\t<h2 class=\"elementor-heading-title elementor-size-default\"><span style=\"color:#07804B;\">L\u2019application<\/span> <span style=\"color:#8CC441;\">GreenCo<\/span>\n<\/h2>\t\t<\/div>\n\t\t\t\t<\/div>\n\t\t\t\t\t<\/div>\n\t\t<\/div>\n\t\t\t\t\t\t\t<\/div>\n\t\t<\/section>\n\t\t\t\t<div class=\"elementor-element elementor-element-dbb7fe0 elementor-align-center elementor-widget elementor-widget-button\" data-id=\"dbb7fe0\" data-element_type=\"widget\" data-widget_type=\"button.default\">\n\t\t\t\t<div class=\"elementor-widget-container\">\n\t\t\t\t\t<div class=\"elementor-button-wrapper\">\n\t\t\t<a href=\"https:\/\/greenco-project.eu\/fr\/lapplication-greenco\/\/\" class=\"elementor-button-link elementor-button elementor-size-md\" role=\"button\">\n\t\t\t\t\t\t<span class=\"elementor-button-content-wrapper\">\n\t\t\t\t\t\t<span class=\"elementor-button-text\">VOIR L'APPLICATION (D\u00c9LIVRABLE N\u00ba3)<\/span>\n\t\t<\/span>\n\t\t\t\t\t<\/a>\n\t\t<\/div>\n\t\t\t\t<\/div>\n\t\t\t\t<\/div>\n\t\t\t\t\t<\/div>\n\t\t<\/div>\n\t\t\t\t\t\t\t<\/div>\n\t\t<\/section>\n\t\t\t\t\t\t\t<\/div>\n\t\t","protected":false},"excerpt":{"rendered":"<p>Mockup La maquette d\u2019application GreenCo Il s&rsquo;agit d&rsquo;une simulation de la future application mobile cr\u00e9\u00e9e, apr\u00e8s la d\u00e9finition et la mise en place du processus et des fonctionnalit\u00e9s de gamification de l&rsquo;application. Rejoignez-nous et utilisez l&rsquo;application !!! L\u2019application GreenCo VOIR L&rsquo;APPLICATION (D\u00c9LIVRABLE N\u00ba3)<\/p>\n","protected":false},"author":1,"featured_media":0,"parent":0,"menu_order":0,"comment_status":"closed","ping_status":"closed","template":"elementor_header_footer","meta":{"footnotes":""},"class_list":["post-3481","page","type-page","status-publish"],"yoast_head":"<!-- This site is optimized with the Yoast SEO plugin v19.13 - https:\/\/yoast.com\/wordpress\/plugins\/seo\/ -->\n<title>Mockup - GreenCo<\/title>\n<meta name=\"robots\" content=\"index, follow, max-snippet:-1, max-image-preview:large, max-video-preview:-1\" \/>\n<link rel=\"canonical\" href=\"https:\/\/greenco-project.eu\/fr\/mockup\/\" \/>\n<meta property=\"og:locale\" content=\"fr_FR\" \/>\n<meta property=\"og:type\" content=\"article\" \/>\n<meta property=\"og:title\" content=\"Mockup - GreenCo\" \/>\n<meta property=\"og:description\" content=\"Mockup La maquette d\u2019application GreenCo Il s&rsquo;agit d&rsquo;une simulation de la future application mobile cr\u00e9\u00e9e, apr\u00e8s la d\u00e9finition et la mise en place du processus et des fonctionnalit\u00e9s de gamification de l&rsquo;application. Rejoignez-nous et utilisez l&rsquo;application !!! L\u2019application GreenCo VOIR L&rsquo;APPLICATION (D\u00c9LIVRABLE N\u00ba3)\" \/>\n<meta property=\"og:url\" content=\"https:\/\/greenco-project.eu\/fr\/mockup\/\" \/>\n<meta property=\"og:site_name\" content=\"GreenCo\" \/>\n<meta property=\"article:modified_time\" content=\"2023-06-08T08:34:56+00:00\" \/>\n<meta property=\"og:image\" content=\"http:\/\/greenco-project.eu\/wp-content\/uploads\/2023\/06\/Captura-de-pantalla-5-300x141.png\" \/>\n<meta name=\"twitter:card\" content=\"summary_large_image\" \/>\n<script type=\"application\/ld+json\" class=\"yoast-schema-graph\">{\"@context\":\"https:\/\/schema.org\",\"@graph\":[{\"@type\":\"WebPage\",\"@id\":\"https:\/\/greenco-project.eu\/fr\/mockup\/\",\"url\":\"https:\/\/greenco-project.eu\/fr\/mockup\/\",\"name\":\"Mockup - GreenCo\",\"isPartOf\":{\"@id\":\"https:\/\/greenco-project.eu\/fr\/#website\"},\"datePublished\":\"2022-10-21T08:48:25+00:00\",\"dateModified\":\"2023-06-08T08:34:56+00:00\",\"breadcrumb\":{\"@id\":\"https:\/\/greenco-project.eu\/fr\/mockup\/#breadcrumb\"},\"inLanguage\":\"fr-FR\",\"potentialAction\":[{\"@type\":\"ReadAction\",\"target\":[\"https:\/\/greenco-project.eu\/fr\/mockup\/\"]}]},{\"@type\":\"BreadcrumbList\",\"@id\":\"https:\/\/greenco-project.eu\/fr\/mockup\/#breadcrumb\",\"itemListElement\":[{\"@type\":\"ListItem\",\"position\":1,\"name\":\"Portada\",\"item\":\"https:\/\/greenco-project.eu\/fr\/\"},{\"@type\":\"ListItem\",\"position\":2,\"name\":\"Mockup\"}]},{\"@type\":\"WebSite\",\"@id\":\"https:\/\/greenco-project.eu\/fr\/#website\",\"url\":\"https:\/\/greenco-project.eu\/fr\/\",\"name\":\"GreenCo\",\"description\":\"Just another WordPress site\",\"publisher\":{\"@id\":\"https:\/\/greenco-project.eu\/fr\/#organization\"},\"potentialAction\":[{\"@type\":\"SearchAction\",\"target\":{\"@type\":\"EntryPoint\",\"urlTemplate\":\"https:\/\/greenco-project.eu\/fr\/?s={search_term_string}\"},\"query-input\":\"required name=search_term_string\"}],\"inLanguage\":\"fr-FR\"},{\"@type\":\"Organization\",\"@id\":\"https:\/\/greenco-project.eu\/fr\/#organization\",\"name\":\"GreenCo\",\"url\":\"https:\/\/greenco-project.eu\/fr\/\",\"logo\":{\"@type\":\"ImageObject\",\"inLanguage\":\"fr-FR\",\"@id\":\"https:\/\/greenco-project.eu\/fr\/#\/schema\/logo\/image\/\",\"url\":\"https:\/\/greenco-project.eu\/wp-content\/uploads\/2022\/12\/LogosTop.svg\",\"contentUrl\":\"https:\/\/greenco-project.eu\/wp-content\/uploads\/2022\/12\/LogosTop.svg\",\"width\":682,\"height\":86,\"caption\":\"GreenCo\"},\"image\":{\"@id\":\"https:\/\/greenco-project.eu\/fr\/#\/schema\/logo\/image\/\"}}]}<\/script>\n<!-- \/ Yoast SEO plugin. -->","yoast_head_json":{"title":"Mockup - GreenCo","robots":{"index":"index","follow":"follow","max-snippet":"max-snippet:-1","max-image-preview":"max-image-preview:large","max-video-preview":"max-video-preview:-1"},"canonical":"https:\/\/greenco-project.eu\/fr\/mockup\/","og_locale":"fr_FR","og_type":"article","og_title":"Mockup - GreenCo","og_description":"Mockup La maquette d\u2019application GreenCo Il s&rsquo;agit d&rsquo;une simulation de la future application mobile cr\u00e9\u00e9e, apr\u00e8s la d\u00e9finition et la mise en place du processus et des fonctionnalit\u00e9s de gamification de l&rsquo;application. Rejoignez-nous et utilisez l&rsquo;application !!! L\u2019application GreenCo VOIR L&rsquo;APPLICATION (D\u00c9LIVRABLE N\u00ba3)","og_url":"https:\/\/greenco-project.eu\/fr\/mockup\/","og_site_name":"GreenCo","article_modified_time":"2023-06-08T08:34:56+00:00","og_image":[{"url":"http:\/\/greenco-project.eu\/wp-content\/uploads\/2023\/06\/Captura-de-pantalla-5-300x141.png"}],"twitter_card":"summary_large_image","schema":{"@context":"https:\/\/schema.org","@graph":[{"@type":"WebPage","@id":"https:\/\/greenco-project.eu\/fr\/mockup\/","url":"https:\/\/greenco-project.eu\/fr\/mockup\/","name":"Mockup - GreenCo","isPartOf":{"@id":"https:\/\/greenco-project.eu\/fr\/#website"},"datePublished":"2022-10-21T08:48:25+00:00","dateModified":"2023-06-08T08:34:56+00:00","breadcrumb":{"@id":"https:\/\/greenco-project.eu\/fr\/mockup\/#breadcrumb"},"inLanguage":"fr-FR","potentialAction":[{"@type":"ReadAction","target":["https:\/\/greenco-project.eu\/fr\/mockup\/"]}]},{"@type":"BreadcrumbList","@id":"https:\/\/greenco-project.eu\/fr\/mockup\/#breadcrumb","itemListElement":[{"@type":"ListItem","position":1,"name":"Portada","item":"https:\/\/greenco-project.eu\/fr\/"},{"@type":"ListItem","position":2,"name":"Mockup"}]},{"@type":"WebSite","@id":"https:\/\/greenco-project.eu\/fr\/#website","url":"https:\/\/greenco-project.eu\/fr\/","name":"GreenCo","description":"Just another WordPress site","publisher":{"@id":"https:\/\/greenco-project.eu\/fr\/#organization"},"potentialAction":[{"@type":"SearchAction","target":{"@type":"EntryPoint","urlTemplate":"https:\/\/greenco-project.eu\/fr\/?s={search_term_string}"},"query-input":"required name=search_term_string"}],"inLanguage":"fr-FR"},{"@type":"Organization","@id":"https:\/\/greenco-project.eu\/fr\/#organization","name":"GreenCo","url":"https:\/\/greenco-project.eu\/fr\/","logo":{"@type":"ImageObject","inLanguage":"fr-FR","@id":"https:\/\/greenco-project.eu\/fr\/#\/schema\/logo\/image\/","url":"https:\/\/greenco-project.eu\/wp-content\/uploads\/2022\/12\/LogosTop.svg","contentUrl":"https:\/\/greenco-project.eu\/wp-content\/uploads\/2022\/12\/LogosTop.svg","width":682,"height":86,"caption":"GreenCo"},"image":{"@id":"https:\/\/greenco-project.eu\/fr\/#\/schema\/logo\/image\/"}}]}},"_links":{"self":[{"href":"https:\/\/greenco-project.eu\/fr\/wp-json\/wp\/v2\/pages\/3481","targetHints":{"allow":["GET"]}}],"collection":[{"href":"https:\/\/greenco-project.eu\/fr\/wp-json\/wp\/v2\/pages"}],"about":[{"href":"https:\/\/greenco-project.eu\/fr\/wp-json\/wp\/v2\/types\/page"}],"author":[{"embeddable":true,"href":"https:\/\/greenco-project.eu\/fr\/wp-json\/wp\/v2\/users\/1"}],"replies":[{"embeddable":true,"href":"https:\/\/greenco-project.eu\/fr\/wp-json\/wp\/v2\/comments?post=3481"}],"version-history":[{"count":7,"href":"https:\/\/greenco-project.eu\/fr\/wp-json\/wp\/v2\/pages\/3481\/revisions"}],"predecessor-version":[{"id":4319,"href":"https:\/\/greenco-project.eu\/fr\/wp-json\/wp\/v2\/pages\/3481\/revisions\/4319"}],"wp:attachment":[{"href":"https:\/\/greenco-project.eu\/fr\/wp-json\/wp\/v2\/media?parent=3481"}],"curies":[{"name":"wp","href":"https:\/\/api.w.org\/{rel}","templated":true}]}}