{"id":6806,"date":"2024-07-10T09:24:12","date_gmt":"2024-07-10T09:24:12","guid":{"rendered":"https:\/\/greenco-project.eu\/?page_id=6806"},"modified":"2024-07-10T10:25:16","modified_gmt":"2024-07-10T10:25:16","slug":"resultados","status":"publish","type":"page","link":"https:\/\/greenco-project.eu\/es\/resultados\/","title":{"rendered":"Resultados"},"content":{"rendered":"\t\t<div data-elementor-type=\"wp-page\" data-elementor-id=\"6806\" class=\"elementor elementor-6806\">\n\t\t\t\t\t\t\t\t\t<section class=\"elementor-section elementor-top-section elementor-element elementor-element-cb0518f elementor-section-full_width elementor-section-stretched elementor-section-height-default elementor-section-height-default\" data-id=\"cb0518f\" data-element_type=\"section\" data-settings=\"{&quot;stretch_section&quot;:&quot;section-stretched&quot;,&quot;background_background&quot;:&quot;classic&quot;}\">\n\t\t\t\t\t\t\t<div class=\"elementor-background-overlay\"><\/div>\n\t\t\t\t\t\t\t<div class=\"elementor-container elementor-column-gap-no\">\n\t\t\t\t\t<div class=\"elementor-column elementor-col-100 elementor-top-column elementor-element elementor-element-0b16b6e\" data-id=\"0b16b6e\" data-element_type=\"column\">\n\t\t\t<div class=\"elementor-widget-wrap elementor-element-populated\">\n\t\t\t\t\t\t\t\t<div class=\"elementor-element elementor-element-3013dde elementor-widget elementor-widget-heading\" data-id=\"3013dde\" data-element_type=\"widget\" data-widget_type=\"heading.default\">\n\t\t\t\t<div class=\"elementor-widget-container\">\n\t\t\t<style>\/*! elementor - v3.13.3 - 28-05-2023 *\/\n.elementor-heading-title{padding:0;margin:0;line-height:1}.elementor-widget-heading .elementor-heading-title[class*=elementor-size-]>a{color:inherit;font-size:inherit;line-height:inherit}.elementor-widget-heading .elementor-heading-title.elementor-size-small{font-size:15px}.elementor-widget-heading .elementor-heading-title.elementor-size-medium{font-size:19px}.elementor-widget-heading .elementor-heading-title.elementor-size-large{font-size:29px}.elementor-widget-heading .elementor-heading-title.elementor-size-xl{font-size:39px}.elementor-widget-heading .elementor-heading-title.elementor-size-xxl{font-size:59px}<\/style><h1 class=\"elementor-heading-title elementor-size-default\">Resultados<\/h1>\t\t<\/div>\n\t\t\t\t<\/div>\n\t\t\t\t\t<\/div>\n\t\t<\/div>\n\t\t\t\t\t\t\t<\/div>\n\t\t<\/section>\n\t\t\t\t<section class=\"elementor-section elementor-top-section elementor-element elementor-element-18157cd elementor-section-boxed elementor-section-height-default elementor-section-height-default\" data-id=\"18157cd\" data-element_type=\"section\">\n\t\t\t\t\t\t<div class=\"elementor-container elementor-column-gap-default\">\n\t\t\t\t\t<div class=\"elementor-column elementor-col-100 elementor-top-column elementor-element elementor-element-34804c1\" data-id=\"34804c1\" data-element_type=\"column\">\n\t\t\t<div class=\"elementor-widget-wrap elementor-element-populated\">\n\t\t\t\t\t\t\t\t<div class=\"elementor-element elementor-element-4e2d63b elementor-widget elementor-widget-heading\" data-id=\"4e2d63b\" data-element_type=\"widget\" data-widget_type=\"heading.default\">\n\t\t\t\t<div class=\"elementor-widget-container\">\n\t\t\t<h2 class=\"elementor-heading-title elementor-size-default\">Ebook<\/h2>\t\t<\/div>\n\t\t\t\t<\/div>\n\t\t\t\t<div class=\"elementor-element elementor-element-d86e245 elementor-widget elementor-widget-text-editor\" data-id=\"d86e245\" data-element_type=\"widget\" data-widget_type=\"text-editor.default\">\n\t\t\t\t<div class=\"elementor-widget-container\">\n\t\t\t<style>\/*! elementor - v3.13.3 - 28-05-2023 *\/\n.elementor-widget-text-editor.elementor-drop-cap-view-stacked .elementor-drop-cap{background-color:#69727d;color:#fff}.elementor-widget-text-editor.elementor-drop-cap-view-framed .elementor-drop-cap{color:#69727d;border:3px solid;background-color:transparent}.elementor-widget-text-editor:not(.elementor-drop-cap-view-default) .elementor-drop-cap{margin-top:8px}.elementor-widget-text-editor:not(.elementor-drop-cap-view-default) .elementor-drop-cap-letter{width:1em;height:1em}.elementor-widget-text-editor .elementor-drop-cap{float:left;text-align:center;line-height:1;font-size:50px}.elementor-widget-text-editor .elementor-drop-cap-letter{display:inline-block}<\/style>\t\t\t\t<p>El eBook del proyecto GreenCo, titulado \u00abLa amenaza invisible: residuos electr\u00f3nicos y contaminaci\u00f3n digital\u00bb, se centra en cuatro puntos principales: el consumo de energ\u00eda, el reciclaje de residuos electr\u00f3nicos, las iniciativas para un consumo responsable y la legislaci\u00f3n ambiental.<\/p>\n<p>Veamos en qu\u00e9 consisten brevemente los cuatro cap\u00edtulos:<\/p>\n<ol style=\"margin-block: 24px;\">\n  <li><b>Consumo de energ\u00eda:<\/b> Este cap\u00edtulo analiza el impacto energ\u00e9tico de nuestras actividades digitales tanto en la industria como en los hogares, ofreciendo estrategias pr\u00e1cticas para reducir el consumo de energ\u00eda y minimizar la huella de carbono.<\/li>\n  <li><b>Reciclaje de residuos electr\u00f3nicos:<\/b> Aqu\u00ed se abordan las diversas categor\u00edas de residuos electr\u00f3nicos y la importancia de su reciclaje. Se ofrecen consejos sobre c\u00f3mo manejar de manera responsable estos residuos a nivel personal.<\/li>\n  <li><b>Iniciativas para el consumo responsable:<\/b> Se destacan casos de \u00e9xito de iniciativas llevadas a cabo con \u00e9xito por diferentes actores que esperamos sirvan de inspiraci\u00f3n a otros para aplicarlas en sus \u00e1mbitos de actuaci\u00f3n y adoptar h\u00e1bitos de consumo m\u00e1s responsables.<\/li>\n  <li><b>Legislaci\u00f3n ambiental:<\/b> Este cap\u00edtulo proporciona una visi\u00f3n general de la legislaci\u00f3n de la Uni\u00f3n Europea hasta 2022 en materia de protecci\u00f3n ambiental, con un enfoque en la reducci\u00f3n de energ\u00eda, el uso de energ\u00edas verdes, la producci\u00f3n de TIC y la reducci\u00f3n de residuos electr\u00f3nicos.<\/li>\n<\/ol>\n<p>El eBook tambi\u00e9n incluye recomendaciones para tomar acciones sostenibles en la vida diaria, empoderando a los lectores para que se conviertan en defensores de pr\u00e1cticas ecol\u00f3gicas y aumenten la conciencia en sus comunidades.<\/p>\n<p>Para m\u00e1s detalles y descargar el eBook, puedes visitar el sitio oficial del proyecto GreenCo <a href=\"https:\/\/greenco-project.eu\">https:\/\/greenco-project.eu<\/a><\/p>\n\t\t\t\t\t\t<\/div>\n\t\t\t\t<\/div>\n\t\t\t\t\t<\/div>\n\t\t<\/div>\n\t\t\t\t\t\t\t<\/div>\n\t\t<\/section>\n\t\t\t\t<section class=\"elementor-section elementor-top-section elementor-element elementor-element-dcf81bd elementor-section-boxed elementor-section-height-default elementor-section-height-default\" data-id=\"dcf81bd\" data-element_type=\"section\">\n\t\t\t\t\t\t<div class=\"elementor-container elementor-column-gap-default\">\n\t\t\t\t\t<div class=\"elementor-column elementor-col-100 elementor-top-column elementor-element elementor-element-4d70e97\" data-id=\"4d70e97\" data-element_type=\"column\">\n\t\t\t<div class=\"elementor-widget-wrap elementor-element-populated\">\n\t\t\t\t\t\t\t\t<div class=\"elementor-element elementor-element-8104102 elementor-widget elementor-widget-heading\" data-id=\"8104102\" data-element_type=\"widget\" data-widget_type=\"heading.default\">\n\t\t\t\t<div class=\"elementor-widget-container\">\n\t\t\t<h2 class=\"elementor-heading-title elementor-size-default\">APP<\/h2>\t\t<\/div>\n\t\t\t\t<\/div>\n\t\t\t\t<div class=\"elementor-element elementor-element-10febdb elementor-widget elementor-widget-text-editor\" data-id=\"10febdb\" data-element_type=\"widget\" data-widget_type=\"text-editor.default\">\n\t\t\t\t<div class=\"elementor-widget-container\">\n\t\t\t\t\t\t\t<p>La aplicaci\u00f3n m\u00f3vil del proyecto GreenCo es una herramienta innovadora dise\u00f1ada para promover el uso responsable de la tecnolog\u00eda y reducir la contaminaci\u00f3n digital. Esta aplicaci\u00f3n, desarrollada en el marco del programa Erasmus+ de la Uni\u00f3n Europea, pretende concienciar a los usuarios sobre el impacto medioambiental del uso excesivo de datos y ofrecer soluciones pr\u00e1cticas para minimizarlo.<\/p>\n<p>El objetivo es desarrollar una aplicaci\u00f3n que ayude a aumentar la concienciaci\u00f3n sobre la inform\u00e1tica verde en usuarios de entre 15 y 29 a\u00f1os. Debido a la edad del p\u00fablico objetivo, la forma m\u00e1s eficaz de atraer su atenci\u00f3n es a\u00f1adir la gamificaci\u00f3n a la presentaci\u00f3n de los contenidos. La ense\u00f1anza y la evaluaci\u00f3n se presentan en modo de juego, animando al usuario a avanzar en los distintos pasos y aspectos del recorrido de aprendizaje e informaci\u00f3n. La aplicaci\u00f3n presenta algunos aspectos innovadores:<\/p>\n<ul>\n  <li><b>Gamificaci\u00f3n:<\/b> la aplicaci\u00f3n mostrar\u00e1 consejos sobre computaci\u00f3n verde que ayudar\u00e1n a aumentar su conocimiento y concienciaci\u00f3n sobre la acci\u00f3n que los simples usuarios de TI pueden aplicar en su uso diario de la tecnolog\u00eda.<\/li>\n  <li><b>Tiempo:<\/b> la aplicaci\u00f3n a\u00f1adir\u00e1 juegos como un scape room donde los usuarios deber\u00e1n interactuar con el entorno resolviendo cuestionarios, que pongan a prueba sus conocimientos sobre computaci\u00f3n verde o tomen decisiones en situaciones y contextos, que podr\u00edan vivir diariamente. Cuando las respuestas o decisiones no sean v\u00e1lidas, el usuario experimentar\u00e1 una penalizaci\u00f3n en el juego mientras que, al mismo tiempo, el juego muestra un consejo sobre el aspecto concreto del tema.<\/li>\n<\/ul>\n<p>La app tambi\u00e9n forma parte de un conjunto de herramientas educativas que incluye un eBook y un curso en l\u00ednea (MOOC), dise\u00f1ados para ofrecer una formaci\u00f3n integral sobre la reducci\u00f3n de la contaminaci\u00f3n digital y la adopci\u00f3n de h\u00e1bitos tecnol\u00f3gicos sostenibles.<\/p>\n<p>Para m\u00e1s informaci\u00f3n y descargar la aplicaci\u00f3n, puedes visitar el sitio oficial del proyecto GreenCo <a href=\"https:\/\/greenco-project.eu\/green-app\/\">https:\/\/greenco-project.eu\/green-app\/<\/a><\/p>\n\t\t\t\t\t\t<\/div>\n\t\t\t\t<\/div>\n\t\t\t\t\t<\/div>\n\t\t<\/div>\n\t\t\t\t\t\t\t<\/div>\n\t\t<\/section>\n\t\t\t\t<section class=\"elementor-section elementor-top-section elementor-element elementor-element-508ad18 elementor-section-boxed elementor-section-height-default elementor-section-height-default\" data-id=\"508ad18\" data-element_type=\"section\">\n\t\t\t\t\t\t<div class=\"elementor-container elementor-column-gap-default\">\n\t\t\t\t\t<div class=\"elementor-column elementor-col-100 elementor-top-column elementor-element elementor-element-940efa8\" data-id=\"940efa8\" data-element_type=\"column\">\n\t\t\t<div class=\"elementor-widget-wrap elementor-element-populated\">\n\t\t\t\t\t\t\t\t<div class=\"elementor-element elementor-element-9cb56ab elementor-widget elementor-widget-heading\" data-id=\"9cb56ab\" data-element_type=\"widget\" data-widget_type=\"heading.default\">\n\t\t\t\t<div class=\"elementor-widget-container\">\n\t\t\t<h2 class=\"elementor-heading-title elementor-size-default\">MOOC<\/h2>\t\t<\/div>\n\t\t\t\t<\/div>\n\t\t\t\t<div class=\"elementor-element elementor-element-a12b6b5 elementor-widget elementor-widget-text-editor\" data-id=\"a12b6b5\" data-element_type=\"widget\" data-widget_type=\"text-editor.default\">\n\t\t\t\t<div class=\"elementor-widget-container\">\n\t\t\t\t\t\t\t<p>El resultado del proyecto es un MOOC, dise\u00f1ado para que cualquier persona interesada pueda aprender sobre los medios disponibles para reducir la generaci\u00f3n de contaminaci\u00f3n digital y hacer un uso responsable de la tecnolog\u00eda. Este resultado del proyecto se desarrollar\u00e1 en dos fases:<\/p>\n    <ol class=\"unit-list\">\n        <li>Primera fase: Se dise\u00f1ar\u00e1 la metodolog\u00eda del MOOC y se definir\u00e1n los elementos que debe contener cada unidad, su duraci\u00f3n, formas de comunicaci\u00f3n, etc.<\/li>\n        <li>Segunda fase: Los socios implicados en esta tarea desarrollar\u00e1n posteriormente los contenidos siguiendo las mismas directrices.<\/li>\n    <\/ol>\n    <p>El MOOC estar\u00e1 compuesto por tres unidades de aprendizaje:<\/p>\n    <ul class=\"unit-list\">\n        <li>Contaminaci\u00f3n digital.<\/li>\n        <li>Consejos para reducir la huella de carbono de los dispositivos electr\u00f3nicos basados en el consumo eficiente de energ\u00eda y el reciclaje de residuos electr\u00f3nicos.<\/li>\n        <li>Funcionamiento de la aplicaci\u00f3n de computaci\u00f3n verde.<\/li>\n    <\/ul>\n    <p>Todos los contenidos se publicar\u00e1n abiertamente en una plataforma Moodle de auto-registro, accesible para cualquier persona interesada en adquirir estos conocimientos, y estar\u00e1n disponibles en cinco idiomas (ingl\u00e9s, espa\u00f1ol, b\u00falgaro, italiano y franc\u00e9s). Los grupos destinatarios son principalmente estudiantes y personal de los socios que trabajan en el proyecto y las diferentes partes interesadas involucradas. Como el MOOC se publicar\u00e1 abiertamente, los usuarios potenciales del MOOC son todos los estudiantes y personal relacionados con la Formaci\u00f3n Profesional en Europa. En cuanto al an\u00e1lisis de necesidades y elementos de innovaci\u00f3n, hay que decir que los MOOC son cursos en l\u00ednea que permiten a los participantes el acceso gratuito y la participaci\u00f3n sin restricciones en cualquier curso de su elecci\u00f3n. Actualmente, estamos en el proceso de elaboraci\u00f3n. Pronto estar\u00e1 disponible.<\/p>\n\t\t\t\t\t\t<\/div>\n\t\t\t\t<\/div>\n\t\t\t\t\t<\/div>\n\t\t<\/div>\n\t\t\t\t\t\t\t<\/div>\n\t\t<\/section>\n\t\t\t\t\t\t\t<\/div>\n\t\t","protected":false},"excerpt":{"rendered":"<p>Resultados Ebook El eBook del proyecto GreenCo, titulado \u00abLa amenaza invisible: residuos electr\u00f3nicos y contaminaci\u00f3n digital\u00bb, se centra en cuatro puntos principales: el consumo de energ\u00eda, el reciclaje de residuos electr\u00f3nicos, las iniciativas para un consumo responsable y la legislaci\u00f3n ambiental. Veamos en qu\u00e9 consisten brevemente los cuatro cap\u00edtulos: Consumo de energ\u00eda: Este cap\u00edtulo analiza &#8230; <a title=\"Resultados\" class=\"read-more\" href=\"https:\/\/greenco-project.eu\/es\/resultados\/\" aria-label=\"M\u00e1s en Resultados\">Read More<\/a><\/p>\n","protected":false},"author":1,"featured_media":0,"parent":0,"menu_order":0,"comment_status":"closed","ping_status":"closed","template":"elementor_header_footer","meta":{"footnotes":""},"class_list":["post-6806","page","type-page","status-publish"],"yoast_head":"<!-- This site is optimized with the Yoast SEO plugin v19.13 - https:\/\/yoast.com\/wordpress\/plugins\/seo\/ -->\n<title>Resultados - GreenCo<\/title>\n<meta name=\"robots\" content=\"index, follow, max-snippet:-1, max-image-preview:large, max-video-preview:-1\" \/>\n<link rel=\"canonical\" href=\"https:\/\/greenco-project.eu\/es\/resultados\/\" \/>\n<meta property=\"og:locale\" content=\"es_ES\" \/>\n<meta property=\"og:type\" content=\"article\" \/>\n<meta property=\"og:title\" content=\"Resultados - GreenCo\" \/>\n<meta property=\"og:description\" content=\"Resultados Ebook El eBook del proyecto GreenCo, titulado \u00abLa amenaza invisible: residuos electr\u00f3nicos y contaminaci\u00f3n digital\u00bb, se centra en cuatro puntos principales: el consumo de energ\u00eda, el reciclaje de residuos electr\u00f3nicos, las iniciativas para un consumo responsable y la legislaci\u00f3n ambiental. Veamos en qu\u00e9 consisten brevemente los cuatro cap\u00edtulos: Consumo de energ\u00eda: Este cap\u00edtulo analiza ... Read More\" \/>\n<meta property=\"og:url\" content=\"https:\/\/greenco-project.eu\/es\/resultados\/\" \/>\n<meta property=\"og:site_name\" content=\"GreenCo\" \/>\n<meta property=\"article:modified_time\" content=\"2024-07-10T10:25:16+00:00\" \/>\n<meta name=\"twitter:card\" content=\"summary_large_image\" \/>\n<meta name=\"twitter:label1\" content=\"Tiempo de lectura\" \/>\n\t<meta name=\"twitter:data1\" content=\"5 minutos\" \/>\n<script type=\"application\/ld+json\" class=\"yoast-schema-graph\">{\"@context\":\"https:\/\/schema.org\",\"@graph\":[{\"@type\":\"WebPage\",\"@id\":\"https:\/\/greenco-project.eu\/es\/resultados\/\",\"url\":\"https:\/\/greenco-project.eu\/es\/resultados\/\",\"name\":\"Resultados - GreenCo\",\"isPartOf\":{\"@id\":\"https:\/\/greenco-project.eu\/es\/#website\"},\"datePublished\":\"2024-07-10T09:24:12+00:00\",\"dateModified\":\"2024-07-10T10:25:16+00:00\",\"breadcrumb\":{\"@id\":\"https:\/\/greenco-project.eu\/es\/resultados\/#breadcrumb\"},\"inLanguage\":\"es\",\"potentialAction\":[{\"@type\":\"ReadAction\",\"target\":[\"https:\/\/greenco-project.eu\/es\/resultados\/\"]}]},{\"@type\":\"BreadcrumbList\",\"@id\":\"https:\/\/greenco-project.eu\/es\/resultados\/#breadcrumb\",\"itemListElement\":[{\"@type\":\"ListItem\",\"position\":1,\"name\":\"Portada\",\"item\":\"https:\/\/greenco-project.eu\/es\/\"},{\"@type\":\"ListItem\",\"position\":2,\"name\":\"Resultados\"}]},{\"@type\":\"WebSite\",\"@id\":\"https:\/\/greenco-project.eu\/es\/#website\",\"url\":\"https:\/\/greenco-project.eu\/es\/\",\"name\":\"GreenCo\",\"description\":\"Just another WordPress site\",\"publisher\":{\"@id\":\"https:\/\/greenco-project.eu\/es\/#organization\"},\"potentialAction\":[{\"@type\":\"SearchAction\",\"target\":{\"@type\":\"EntryPoint\",\"urlTemplate\":\"https:\/\/greenco-project.eu\/es\/?s={search_term_string}\"},\"query-input\":\"required name=search_term_string\"}],\"inLanguage\":\"es\"},{\"@type\":\"Organization\",\"@id\":\"https:\/\/greenco-project.eu\/es\/#organization\",\"name\":\"GreenCo\",\"url\":\"https:\/\/greenco-project.eu\/es\/\",\"logo\":{\"@type\":\"ImageObject\",\"inLanguage\":\"es\",\"@id\":\"https:\/\/greenco-project.eu\/es\/#\/schema\/logo\/image\/\",\"url\":\"https:\/\/greenco-project.eu\/wp-content\/uploads\/2022\/12\/LogosTop.svg\",\"contentUrl\":\"https:\/\/greenco-project.eu\/wp-content\/uploads\/2022\/12\/LogosTop.svg\",\"width\":682,\"height\":86,\"caption\":\"GreenCo\"},\"image\":{\"@id\":\"https:\/\/greenco-project.eu\/es\/#\/schema\/logo\/image\/\"}}]}<\/script>\n<!-- \/ Yoast SEO plugin. -->","yoast_head_json":{"title":"Resultados - GreenCo","robots":{"index":"index","follow":"follow","max-snippet":"max-snippet:-1","max-image-preview":"max-image-preview:large","max-video-preview":"max-video-preview:-1"},"canonical":"https:\/\/greenco-project.eu\/es\/resultados\/","og_locale":"es_ES","og_type":"article","og_title":"Resultados - GreenCo","og_description":"Resultados Ebook El eBook del proyecto GreenCo, titulado \u00abLa amenaza invisible: residuos electr\u00f3nicos y contaminaci\u00f3n digital\u00bb, se centra en cuatro puntos principales: el consumo de energ\u00eda, el reciclaje de residuos electr\u00f3nicos, las iniciativas para un consumo responsable y la legislaci\u00f3n ambiental. Veamos en qu\u00e9 consisten brevemente los cuatro cap\u00edtulos: Consumo de energ\u00eda: Este cap\u00edtulo analiza ... Read More","og_url":"https:\/\/greenco-project.eu\/es\/resultados\/","og_site_name":"GreenCo","article_modified_time":"2024-07-10T10:25:16+00:00","twitter_card":"summary_large_image","twitter_misc":{"Tiempo de lectura":"5 minutos"},"schema":{"@context":"https:\/\/schema.org","@graph":[{"@type":"WebPage","@id":"https:\/\/greenco-project.eu\/es\/resultados\/","url":"https:\/\/greenco-project.eu\/es\/resultados\/","name":"Resultados - GreenCo","isPartOf":{"@id":"https:\/\/greenco-project.eu\/es\/#website"},"datePublished":"2024-07-10T09:24:12+00:00","dateModified":"2024-07-10T10:25:16+00:00","breadcrumb":{"@id":"https:\/\/greenco-project.eu\/es\/resultados\/#breadcrumb"},"inLanguage":"es","potentialAction":[{"@type":"ReadAction","target":["https:\/\/greenco-project.eu\/es\/resultados\/"]}]},{"@type":"BreadcrumbList","@id":"https:\/\/greenco-project.eu\/es\/resultados\/#breadcrumb","itemListElement":[{"@type":"ListItem","position":1,"name":"Portada","item":"https:\/\/greenco-project.eu\/es\/"},{"@type":"ListItem","position":2,"name":"Resultados"}]},{"@type":"WebSite","@id":"https:\/\/greenco-project.eu\/es\/#website","url":"https:\/\/greenco-project.eu\/es\/","name":"GreenCo","description":"Just another WordPress site","publisher":{"@id":"https:\/\/greenco-project.eu\/es\/#organization"},"potentialAction":[{"@type":"SearchAction","target":{"@type":"EntryPoint","urlTemplate":"https:\/\/greenco-project.eu\/es\/?s={search_term_string}"},"query-input":"required name=search_term_string"}],"inLanguage":"es"},{"@type":"Organization","@id":"https:\/\/greenco-project.eu\/es\/#organization","name":"GreenCo","url":"https:\/\/greenco-project.eu\/es\/","logo":{"@type":"ImageObject","inLanguage":"es","@id":"https:\/\/greenco-project.eu\/es\/#\/schema\/logo\/image\/","url":"https:\/\/greenco-project.eu\/wp-content\/uploads\/2022\/12\/LogosTop.svg","contentUrl":"https:\/\/greenco-project.eu\/wp-content\/uploads\/2022\/12\/LogosTop.svg","width":682,"height":86,"caption":"GreenCo"},"image":{"@id":"https:\/\/greenco-project.eu\/es\/#\/schema\/logo\/image\/"}}]}},"_links":{"self":[{"href":"https:\/\/greenco-project.eu\/es\/wp-json\/wp\/v2\/pages\/6806","targetHints":{"allow":["GET"]}}],"collection":[{"href":"https:\/\/greenco-project.eu\/es\/wp-json\/wp\/v2\/pages"}],"about":[{"href":"https:\/\/greenco-project.eu\/es\/wp-json\/wp\/v2\/types\/page"}],"author":[{"embeddable":true,"href":"https:\/\/greenco-project.eu\/es\/wp-json\/wp\/v2\/users\/1"}],"replies":[{"embeddable":true,"href":"https:\/\/greenco-project.eu\/es\/wp-json\/wp\/v2\/comments?post=6806"}],"version-history":[{"count":10,"href":"https:\/\/greenco-project.eu\/es\/wp-json\/wp\/v2\/pages\/6806\/revisions"}],"predecessor-version":[{"id":6919,"href":"https:\/\/greenco-project.eu\/es\/wp-json\/wp\/v2\/pages\/6806\/revisions\/6919"}],"wp:attachment":[{"href":"https:\/\/greenco-project.eu\/es\/wp-json\/wp\/v2\/media?parent=6806"}],"curies":[{"name":"wp","href":"https:\/\/api.w.org\/{rel}","templated":true}]}}