{"id":6734,"date":"2024-07-10T08:05:24","date_gmt":"2024-07-10T08:05:24","guid":{"rendered":"https:\/\/greenco-project.eu\/?page_id=6734"},"modified":"2024-12-20T11:29:07","modified_gmt":"2024-12-20T11:29:07","slug":"evento-multiplicador","status":"publish","type":"page","link":"https:\/\/greenco-project.eu\/es\/evento-multiplicador\/","title":{"rendered":"Evento\u00a0multiplicador"},"content":{"rendered":"\t\t<div data-elementor-type=\"wp-page\" data-elementor-id=\"6734\" class=\"elementor elementor-6734 elementor-6711\">\n\t\t\t\t\t\t\t\t\t<section class=\"elementor-section elementor-top-section elementor-element elementor-element-7655f15 elementor-section-full_width elementor-section-stretched elementor-section-height-default elementor-section-height-default\" data-id=\"7655f15\" data-element_type=\"section\" data-settings=\"{&quot;stretch_section&quot;:&quot;section-stretched&quot;,&quot;background_background&quot;:&quot;classic&quot;}\">\n\t\t\t\t\t\t\t<div class=\"elementor-background-overlay\"><\/div>\n\t\t\t\t\t\t\t<div class=\"elementor-container elementor-column-gap-no\">\n\t\t\t\t\t<div class=\"elementor-column elementor-col-100 elementor-top-column elementor-element elementor-element-423841b\" data-id=\"423841b\" data-element_type=\"column\">\n\t\t\t<div class=\"elementor-widget-wrap elementor-element-populated\">\n\t\t\t\t\t\t\t\t<div class=\"elementor-element elementor-element-fd04579 elementor-widget elementor-widget-heading\" data-id=\"fd04579\" data-element_type=\"widget\" data-widget_type=\"heading.default\">\n\t\t\t\t<div class=\"elementor-widget-container\">\n\t\t\t<style>\/*! elementor - v3.13.3 - 28-05-2023 *\/\n.elementor-heading-title{padding:0;margin:0;line-height:1}.elementor-widget-heading .elementor-heading-title[class*=elementor-size-]>a{color:inherit;font-size:inherit;line-height:inherit}.elementor-widget-heading .elementor-heading-title.elementor-size-small{font-size:15px}.elementor-widget-heading .elementor-heading-title.elementor-size-medium{font-size:19px}.elementor-widget-heading .elementor-heading-title.elementor-size-large{font-size:29px}.elementor-widget-heading .elementor-heading-title.elementor-size-xl{font-size:39px}.elementor-widget-heading .elementor-heading-title.elementor-size-xxl{font-size:59px}<\/style><h1 class=\"elementor-heading-title elementor-size-default\">Evento multiplicador<\/h1>\t\t<\/div>\n\t\t\t\t<\/div>\n\t\t\t\t\t<\/div>\n\t\t<\/div>\n\t\t\t\t\t\t\t<\/div>\n\t\t<\/section>\n\t\t\t\t<section class=\"elementor-section elementor-top-section elementor-element elementor-element-0888fed elementor-section-boxed elementor-section-height-default elementor-section-height-default\" data-id=\"0888fed\" data-element_type=\"section\">\n\t\t\t\t\t\t<div class=\"elementor-container elementor-column-gap-default\">\n\t\t\t\t\t<div class=\"elementor-column elementor-col-100 elementor-top-column elementor-element elementor-element-f9b1540\" data-id=\"f9b1540\" data-element_type=\"column\">\n\t\t\t<div class=\"elementor-widget-wrap elementor-element-populated\">\n\t\t\t\t\t\t\t\t<div class=\"elementor-element elementor-element-3981f27 elementor-widget elementor-widget-heading\" data-id=\"3981f27\" data-element_type=\"widget\" data-widget_type=\"heading.default\">\n\t\t\t\t<div class=\"elementor-widget-container\">\n\t\t\t<h2 class=\"elementor-heading-title elementor-size-default\"><font color=\"#8fc33b\">Un evento multiplicador<\/font>\n<\/h2>\t\t<\/div>\n\t\t\t\t<\/div>\n\t\t\t\t<div class=\"elementor-element elementor-element-314c241 elementor-widget elementor-widget-text-editor\" data-id=\"314c241\" data-element_type=\"widget\" data-widget_type=\"text-editor.default\">\n\t\t\t\t<div class=\"elementor-widget-container\">\n\t\t\t<style>\/*! elementor - v3.13.3 - 28-05-2023 *\/\n.elementor-widget-text-editor.elementor-drop-cap-view-stacked .elementor-drop-cap{background-color:#69727d;color:#fff}.elementor-widget-text-editor.elementor-drop-cap-view-framed .elementor-drop-cap{color:#69727d;border:3px solid;background-color:transparent}.elementor-widget-text-editor:not(.elementor-drop-cap-view-default) .elementor-drop-cap{margin-top:8px}.elementor-widget-text-editor:not(.elementor-drop-cap-view-default) .elementor-drop-cap-letter{width:1em;height:1em}.elementor-widget-text-editor .elementor-drop-cap{float:left;text-align:center;line-height:1;font-size:50px}.elementor-widget-text-editor .elementor-drop-cap-letter{display:inline-block}<\/style>\t\t\t\t<p>Los eventos multiplicadores de Erasmus Plus son actividades esenciales para difundir y maximizar el impacto de los proyectos financiados por el programa. A trav\u00e9s de conferencias, talleres y seminarios, re\u00fanen a participantes de diversas instituciones y sectores, promoviendo el intercambio de experiencias y buenas pr\u00e1cticas. Estos eventos fomentan la colaboraci\u00f3n y la creaci\u00f3n de redes, impulsando la innovaci\u00f3n en educaci\u00f3n y formaci\u00f3n, y garantizan que los resultados de los proyectos alcancen a un p\u00fablico m\u00e1s amplio, extendiendo as\u00ed los beneficios de Erasmus Plus m\u00e1s all\u00e1 de los participantes directos.<\/p>\n\n\n\n<p>Dentro del proyecto Greenco se han llevado a cabo ya 3 de los 4 eventos multiplicadore<\/p>\t\t\t\t\t\t<\/div>\n\t\t\t\t<\/div>\n\t\t\t\t<div class=\"elementor-element elementor-element-845884a elementor-widget elementor-widget-heading\" data-id=\"845884a\" data-element_type=\"widget\" data-widget_type=\"heading.default\">\n\t\t\t\t<div class=\"elementor-widget-container\">\n\t\t\t<h2 class=\"elementor-heading-title elementor-size-default\"><span style=\"color: #8fc33b;\">GreenCo <b style=\"color:#07804b\">en Francia<\/b><\/span><\/h2>\t\t<\/div>\n\t\t\t\t<\/div>\n\t\t\t\t<div class=\"elementor-element elementor-element-0e3c476 elementor-widget elementor-widget-text-editor\" data-id=\"0e3c476\" data-element_type=\"widget\" data-widget_type=\"text-editor.default\">\n\t\t\t\t<div class=\"elementor-widget-container\">\n\t\t\t\t\t\t\t<p style=\"text-align: left;\">El proyecto GreenCo est\u00e1 llegando a su fin. Para celebrar nuestros 3 logros, decidimos organizar 2 eventos en Francia para presentarlos a un gran p\u00fablico.<\/p>\n<p style=\"text-align: left;\">El primero fue la asamblea de socios del Campus des M\u00e9tiers et des Qualifications Informatique et Electronique de Demain. GreenCo se present\u00f3 a unas 54 personas: socios institucionales (Educaci\u00f3n Nacional, institutos&#8230;), empresas (Dracula Technologies&#8230;). Todos los adultos pudieron probar gratuitamente el libro electr\u00f3nico y la aplicaci\u00f3n de cuestionarios. Tambi\u00e9n se hizo una demostraci\u00f3n del Mooc en versi\u00f3n inglesa.<\/p>\t\t\t\t\t\t<\/div>\n\t\t\t\t<\/div>\n\t\t\t\t\t<\/div>\n\t\t<\/div>\n\t\t\t\t\t\t\t<\/div>\n\t\t<\/section>\n\t\t\t\t<section class=\"elementor-section elementor-top-section elementor-element elementor-element-27930f7 elementor-section-boxed elementor-section-height-default elementor-section-height-default\" data-id=\"27930f7\" data-element_type=\"section\">\n\t\t\t\t\t\t<div class=\"elementor-container elementor-column-gap-default\">\n\t\t\t\t\t<div class=\"elementor-column elementor-col-50 elementor-top-column elementor-element elementor-element-e521988\" data-id=\"e521988\" data-element_type=\"column\">\n\t\t\t<div class=\"elementor-widget-wrap elementor-element-populated\">\n\t\t\t\t\t\t\t\t<div class=\"elementor-element elementor-element-82cece8 elementor-widget elementor-widget-image\" data-id=\"82cece8\" data-element_type=\"widget\" data-widget_type=\"image.default\">\n\t\t\t\t<div class=\"elementor-widget-container\">\n\t\t\t<style>\/*! elementor - v3.13.3 - 28-05-2023 *\/\n.elementor-widget-image{text-align:center}.elementor-widget-image a{display:inline-block}.elementor-widget-image a img[src$=\".svg\"]{width:48px}.elementor-widget-image img{vertical-align:middle;display:inline-block}<\/style>\t\t\t\t\t\t\t\t\t\t\t\t<img decoding=\"async\" src=\"https:\/\/greenco-project.eu\/wp-content\/plugins\/elementor\/assets\/images\/placeholder.png\" title=\"\" alt=\"\" loading=\"lazy\" \/>\t\t\t\t\t\t\t\t\t\t\t\t\t\t\t<\/div>\n\t\t\t\t<\/div>\n\t\t\t\t\t<\/div>\n\t\t<\/div>\n\t\t\t\t<div class=\"elementor-column elementor-col-50 elementor-top-column elementor-element elementor-element-81bc23c\" data-id=\"81bc23c\" data-element_type=\"column\">\n\t\t\t<div class=\"elementor-widget-wrap\">\n\t\t\t\t\t\t\t\t\t<\/div>\n\t\t<\/div>\n\t\t\t\t\t\t\t<\/div>\n\t\t<\/section>\n\t\t\t\t<section class=\"elementor-section elementor-top-section elementor-element elementor-element-b0dcd59 elementor-section-boxed elementor-section-height-default elementor-section-height-default\" data-id=\"b0dcd59\" data-element_type=\"section\">\n\t\t\t\t\t\t<div class=\"elementor-container elementor-column-gap-default\">\n\t\t\t\t\t<div class=\"elementor-column elementor-col-100 elementor-top-column elementor-element elementor-element-a80315c\" data-id=\"a80315c\" data-element_type=\"column\">\n\t\t\t<div class=\"elementor-widget-wrap elementor-element-populated\">\n\t\t\t\t\t\t\t\t<div class=\"elementor-element elementor-element-c8a385a elementor-widget elementor-widget-text-editor\" data-id=\"c8a385a\" data-element_type=\"widget\" data-widget_type=\"text-editor.default\">\n\t\t\t\t<div class=\"elementor-widget-container\">\n\t\t\t\t\t\t\t<p style=\"color: #07804b; text-align: left;\"><b>6 de noviembre de 2024<\/b><\/p>\n\n<h5 style=\"text-align: left;\"><b>CENTRO DE REFERENCIA NACIONAL DE INFORMATICA Y COMUNICACIONES Y LA UNIVERSIDAD DE ALCALA DE HENARES<\/b><\/h5>\n<p style=\"text-align: left;\">Un encuentro clave en nuestro <a style=\"text-decoration: underline;\" href=\"https:\/\/www.linkedin.com\/showcase\/crn-en-desarrollo-inform%C3%A1tico-y-comunicaciones\/\" target=\"_blank\" rel=\"noopener\"><b>CRN en Desarrollo Inform\u00e1tico y Comunicaciones<\/b><\/a> de Getafe, donde hablaremos sobre un tema de gran relevancia: \u00abHuella Ambiental de la Tecnolog\u00eda\u00bb. \u00a1Es una oportunidad \u00fanica para conectar con docentes, estudiantes, asociaciones y profesionales del sector! \ud83e\udd1d\ud83c\udf93<\/p>\n<p style=\"text-align: left;\">Los objetivos son claros:<\/p>\n\n<ul>\n \t<li style=\"text-align: left;\">Presentar los resultados obtenidos del proyecto europeo hashtag <a href=\"https:\/\/www.linkedin.com\/feed\/hashtag\/?keywords=greenco&amp;highlightedUpdateUrns=urn%3Ali%3Aactivity%3A7254422122175848450\" target=\"_blank\" rel=\"noopener\">hashtag#GREENCO.<\/a><\/li>\n \t<li style=\"text-align: left;\">Crear una comunidad que promueva el intercambio de conocimientos y fomente la inserci\u00f3n laboral en el sector tecnol\u00f3gico<\/li>\n<\/ul>\t\t\t\t\t\t<\/div>\n\t\t\t\t<\/div>\n\t\t\t\t\t<\/div>\n\t\t<\/div>\n\t\t\t\t\t\t\t<\/div>\n\t\t<\/section>\n\t\t\t\t<section class=\"elementor-section elementor-top-section elementor-element elementor-element-06927b7 elementor-section-boxed elementor-section-height-default elementor-section-height-default\" data-id=\"06927b7\" data-element_type=\"section\">\n\t\t\t\t\t\t<div class=\"elementor-container elementor-column-gap-default\">\n\t\t\t\t\t<div class=\"elementor-column elementor-col-100 elementor-top-column elementor-element elementor-element-e824153\" data-id=\"e824153\" data-element_type=\"column\">\n\t\t\t<div class=\"elementor-widget-wrap elementor-element-populated\">\n\t\t\t\t\t\t\t\t<div class=\"elementor-element elementor-element-e449641 elementor-widget elementor-widget-heading\" data-id=\"e449641\" data-element_type=\"widget\" data-widget_type=\"heading.default\">\n\t\t\t\t<div class=\"elementor-widget-container\">\n\t\t\t<h2 class=\"elementor-heading-title elementor-size-default\"><span style=\"color: #8fc33b;\">GreenCo <b style=\"color:#07804b\">en Italia<\/b><\/span><\/h2>\t\t<\/div>\n\t\t\t\t<\/div>\n\t\t\t\t<div class=\"elementor-element elementor-element-3743e47 elementor-widget elementor-widget-text-editor\" data-id=\"3743e47\" data-element_type=\"widget\" data-widget_type=\"text-editor.default\">\n\t\t\t\t<div class=\"elementor-widget-container\">\n\t\t\t\t\t\t\t<p style=\"color: #07804b; text-align: left;\"><b>7 de noviembre de 2024<\/b><\/p>\n\n<h6><b><a style=\"color: #8fc33b; text-decoration: underline;\" href=\"https:\/\/itsincom.it\/\" target=\"_blank\" rel=\"noopener\">FONDAZIONE ITS PER L&#8217;INFORMAZIONE E LA COMUNICAZIONE -INCOM<\/a><\/b><\/h6>\n<h6><b>EXPERIENCE GREENCO TOOLS<\/b><\/h6>\n<p style=\"text-align: left;\">Tenemos el placer de invitarle el 7 de noviembre de 2024 a las 16:00 en los locales de ITSINCOM Academy c\/o Malpensafiere &#8211; Busto Arsizio al evento &#8216;EXPERIENCE GREENCO TOOLS. Innovaci\u00f3n educativa y sostenibilidad: Digital Tools for a Green Future&#8217;, el momento final del proyecto Erasmus+ GreenCo.<\/p>\n<p style=\"text-align: left;\">El evento ser\u00e1 una oportunidad \u00fanica para explorar el uso de metodolog\u00edas y herramientas did\u00e1cticas innovadoras orientadas a la sostenibilidad. Durante el encuentro se presentar\u00e1n un libro electr\u00f3nico, una app (aplicaci\u00f3n educativa en l\u00ednea application) and a \u2018Massive Open Online Course\u2019 (MOOC) developed within the European GreenCo project will be presented.<\/p>\n\n<p>Estas herramientas, dise\u00f1adas para educar en la reducci\u00f3n de la contaminaci\u00f3n digital y el ahorro de energ\u00eda, son un importante recurso para profesores y alumnos, ya que ofrecen nuevos enfoques para la ense\u00f1anza y la concienciaci\u00f3n sobre el impacto medioambiental de las tecnolog\u00edas.<\/p>\n<p>El proyecto GreenCo, desarrollado durante los dos \u00faltimos a\u00f1os y cofinanciado por la Uni\u00f3n Europea, est\u00e1 dirigido por la Comunidad de Madrid-D.G Formaci\u00f3n (CFTIC) en colaboraci\u00f3n con socios europeos como la Universidad de Alcal\u00e1 de\n\nHenares (UAH), la Fundaci\u00f3n ITS para la Informaci\u00f3n y la Comunicaci\u00f3n (INCOM), el Campus des M\u00e9tiers et des Qualifications (CMQ) y el European Software Institute-Centre Eastern Europe (ESI).<\/p>\n\t\t\t\t\t\t<\/div>\n\t\t\t\t<\/div>\n\t\t\t\t\t<\/div>\n\t\t<\/div>\n\t\t\t\t\t\t\t<\/div>\n\t\t<\/section>\n\t\t\t\t<section class=\"elementor-section elementor-top-section elementor-element elementor-element-e395029 elementor-section-boxed elementor-section-height-default elementor-section-height-default\" data-id=\"e395029\" data-element_type=\"section\">\n\t\t\t\t\t\t<div class=\"elementor-container elementor-column-gap-default\">\n\t\t\t\t\t<div class=\"elementor-column elementor-col-100 elementor-top-column elementor-element elementor-element-aef38c0\" data-id=\"aef38c0\" data-element_type=\"column\">\n\t\t\t<div class=\"elementor-widget-wrap elementor-element-populated\">\n\t\t\t\t\t\t\t\t<div class=\"elementor-element elementor-element-7ebfae6 elementor-widget elementor-widget-heading\" data-id=\"7ebfae6\" data-element_type=\"widget\" data-widget_type=\"heading.default\">\n\t\t\t\t<div class=\"elementor-widget-container\">\n\t\t\t<h2 class=\"elementor-heading-title elementor-size-default\"><span style=\"color: #8fc33b;\">GreenCo <b style=\"color:#07804b\">en Bulgaria<\/b><\/span><\/h2>\t\t<\/div>\n\t\t\t\t<\/div>\n\t\t\t\t<div class=\"elementor-element elementor-element-d9eebc1 elementor-widget elementor-widget-text-editor\" data-id=\"d9eebc1\" data-element_type=\"widget\" data-widget_type=\"text-editor.default\">\n\t\t\t\t<div class=\"elementor-widget-container\">\n\t\t\t\t\t\t\t<p style=\"color: #07804b; text-align: left;\"><b>21 de noviembre de 2024<\/b><\/p><p>El 21 de noviembre, 43 estudiantes de entre 14 y 16 a\u00f1os participaron en un seminario pr\u00e1ctico titulado \u00abComportamiento responsable en el entorno digital\u00bb. El acto tuvo lugar en el vanguardista Laboratorio de Ciberseguridad del Parque Tecnol\u00f3gico de Sof\u00eda (Bulgaria).<\/p><p>Durante el seminario, los estudiantes exploraron herramientas y recursos innovadores desarrollados en el marco del proyecto GreenCo. Los temas principales fueron la reducci\u00f3n de la contaminaci\u00f3n digital, la eficiencia energ\u00e9tica en el entorno digital y el reciclaje de residuos electr\u00f3nicos. Un juego educativo interactivo, basado en el libro electr\u00f3nico de GreenCo \u00abLa amenaza invisible: Residuos digitales y contaminaci\u00f3n digital\u00bb, a\u00f1adi\u00f3 un elemento atractivo al acto. El animado concurso despert\u00f3 el entusiasmo y termin\u00f3 con la entrega de premios a los mejores.<\/p><p>El acto demostr\u00f3 con \u00e9xito c\u00f3mo el aprendizaje interactivo puede inspirar a los j\u00f3venes a adoptar h\u00e1bitos responsables con el medio ambiente en el mundo digital<span style=\"font-size: inherit;\">).<\/span><\/p>\t\t\t\t\t\t<\/div>\n\t\t\t\t<\/div>\n\t\t\t\t\t<\/div>\n\t\t<\/div>\n\t\t\t\t\t\t\t<\/div>\n\t\t<\/section>\n\t\t\t\t\t\t\t<\/div>\n\t\t","protected":false},"excerpt":{"rendered":"<p>Evento multiplicador Un evento multiplicador Los eventos multiplicadores de Erasmus Plus son actividades esenciales para difundir y maximizar el impacto de los proyectos financiados por el programa. A trav\u00e9s de conferencias, talleres y seminarios, re\u00fanen a participantes de diversas instituciones y sectores, promoviendo el intercambio de experiencias y buenas pr\u00e1cticas. Estos eventos fomentan la colaboraci\u00f3n &#8230; <a title=\"Evento\u00a0multiplicador\" class=\"read-more\" href=\"https:\/\/greenco-project.eu\/es\/evento-multiplicador\/\" aria-label=\"M\u00e1s en Evento\u00a0multiplicador\">Read More<\/a><\/p>\n","protected":false},"author":1,"featured_media":0,"parent":0,"menu_order":0,"comment_status":"closed","ping_status":"closed","template":"elementor_header_footer","meta":{"footnotes":""},"class_list":["post-6734","page","type-page","status-publish"],"yoast_head":"<!-- This site is optimized with the Yoast SEO plugin v19.13 - https:\/\/yoast.com\/wordpress\/plugins\/seo\/ -->\n<title>Evento\u00a0multiplicador - GreenCo<\/title>\n<meta name=\"robots\" content=\"index, follow, max-snippet:-1, max-image-preview:large, max-video-preview:-1\" \/>\n<link rel=\"canonical\" href=\"https:\/\/greenco-project.eu\/es\/evento-multiplicador\/\" \/>\n<meta property=\"og:locale\" content=\"es_ES\" \/>\n<meta property=\"og:type\" content=\"article\" \/>\n<meta property=\"og:title\" content=\"Evento\u00a0multiplicador - GreenCo\" \/>\n<meta property=\"og:description\" content=\"Evento multiplicador Un evento multiplicador Los eventos multiplicadores de Erasmus Plus son actividades esenciales para difundir y maximizar el impacto de los proyectos financiados por el programa. A trav\u00e9s de conferencias, talleres y seminarios, re\u00fanen a participantes de diversas instituciones y sectores, promoviendo el intercambio de experiencias y buenas pr\u00e1cticas. Estos eventos fomentan la colaboraci\u00f3n ... Read More\" \/>\n<meta property=\"og:url\" content=\"https:\/\/greenco-project.eu\/es\/evento-multiplicador\/\" \/>\n<meta property=\"og:site_name\" content=\"GreenCo\" \/>\n<meta property=\"article:modified_time\" content=\"2024-12-20T11:29:07+00:00\" \/>\n<meta property=\"og:image\" content=\"https:\/\/greenco-project.eu\/wp-content\/plugins\/elementor\/assets\/images\/placeholder.png\" \/>\n<meta name=\"twitter:card\" content=\"summary_large_image\" \/>\n<meta name=\"twitter:label1\" content=\"Tiempo de lectura\" \/>\n\t<meta name=\"twitter:data1\" content=\"4 minutos\" \/>\n<script type=\"application\/ld+json\" class=\"yoast-schema-graph\">{\"@context\":\"https:\/\/schema.org\",\"@graph\":[{\"@type\":\"WebPage\",\"@id\":\"https:\/\/greenco-project.eu\/es\/evento-multiplicador\/\",\"url\":\"https:\/\/greenco-project.eu\/es\/evento-multiplicador\/\",\"name\":\"Evento\u00a0multiplicador - GreenCo\",\"isPartOf\":{\"@id\":\"https:\/\/greenco-project.eu\/es\/#website\"},\"datePublished\":\"2024-07-10T08:05:24+00:00\",\"dateModified\":\"2024-12-20T11:29:07+00:00\",\"breadcrumb\":{\"@id\":\"https:\/\/greenco-project.eu\/es\/evento-multiplicador\/#breadcrumb\"},\"inLanguage\":\"es\",\"potentialAction\":[{\"@type\":\"ReadAction\",\"target\":[\"https:\/\/greenco-project.eu\/es\/evento-multiplicador\/\"]}]},{\"@type\":\"BreadcrumbList\",\"@id\":\"https:\/\/greenco-project.eu\/es\/evento-multiplicador\/#breadcrumb\",\"itemListElement\":[{\"@type\":\"ListItem\",\"position\":1,\"name\":\"Portada\",\"item\":\"https:\/\/greenco-project.eu\/es\/\"},{\"@type\":\"ListItem\",\"position\":2,\"name\":\"Evento\u00a0multiplicador\"}]},{\"@type\":\"WebSite\",\"@id\":\"https:\/\/greenco-project.eu\/es\/#website\",\"url\":\"https:\/\/greenco-project.eu\/es\/\",\"name\":\"GreenCo\",\"description\":\"Just another WordPress site\",\"publisher\":{\"@id\":\"https:\/\/greenco-project.eu\/es\/#organization\"},\"potentialAction\":[{\"@type\":\"SearchAction\",\"target\":{\"@type\":\"EntryPoint\",\"urlTemplate\":\"https:\/\/greenco-project.eu\/es\/?s={search_term_string}\"},\"query-input\":\"required name=search_term_string\"}],\"inLanguage\":\"es\"},{\"@type\":\"Organization\",\"@id\":\"https:\/\/greenco-project.eu\/es\/#organization\",\"name\":\"GreenCo\",\"url\":\"https:\/\/greenco-project.eu\/es\/\",\"logo\":{\"@type\":\"ImageObject\",\"inLanguage\":\"es\",\"@id\":\"https:\/\/greenco-project.eu\/es\/#\/schema\/logo\/image\/\",\"url\":\"https:\/\/greenco-project.eu\/wp-content\/uploads\/2022\/12\/LogosTop.svg\",\"contentUrl\":\"https:\/\/greenco-project.eu\/wp-content\/uploads\/2022\/12\/LogosTop.svg\",\"width\":682,\"height\":86,\"caption\":\"GreenCo\"},\"image\":{\"@id\":\"https:\/\/greenco-project.eu\/es\/#\/schema\/logo\/image\/\"}}]}<\/script>\n<!-- \/ Yoast SEO plugin. -->","yoast_head_json":{"title":"Evento\u00a0multiplicador - GreenCo","robots":{"index":"index","follow":"follow","max-snippet":"max-snippet:-1","max-image-preview":"max-image-preview:large","max-video-preview":"max-video-preview:-1"},"canonical":"https:\/\/greenco-project.eu\/es\/evento-multiplicador\/","og_locale":"es_ES","og_type":"article","og_title":"Evento\u00a0multiplicador - GreenCo","og_description":"Evento multiplicador Un evento multiplicador Los eventos multiplicadores de Erasmus Plus son actividades esenciales para difundir y maximizar el impacto de los proyectos financiados por el programa. A trav\u00e9s de conferencias, talleres y seminarios, re\u00fanen a participantes de diversas instituciones y sectores, promoviendo el intercambio de experiencias y buenas pr\u00e1cticas. Estos eventos fomentan la colaboraci\u00f3n ... Read More","og_url":"https:\/\/greenco-project.eu\/es\/evento-multiplicador\/","og_site_name":"GreenCo","article_modified_time":"2024-12-20T11:29:07+00:00","og_image":[{"url":"https:\/\/greenco-project.eu\/wp-content\/plugins\/elementor\/assets\/images\/placeholder.png"}],"twitter_card":"summary_large_image","twitter_misc":{"Tiempo de lectura":"4 minutos"},"schema":{"@context":"https:\/\/schema.org","@graph":[{"@type":"WebPage","@id":"https:\/\/greenco-project.eu\/es\/evento-multiplicador\/","url":"https:\/\/greenco-project.eu\/es\/evento-multiplicador\/","name":"Evento\u00a0multiplicador - GreenCo","isPartOf":{"@id":"https:\/\/greenco-project.eu\/es\/#website"},"datePublished":"2024-07-10T08:05:24+00:00","dateModified":"2024-12-20T11:29:07+00:00","breadcrumb":{"@id":"https:\/\/greenco-project.eu\/es\/evento-multiplicador\/#breadcrumb"},"inLanguage":"es","potentialAction":[{"@type":"ReadAction","target":["https:\/\/greenco-project.eu\/es\/evento-multiplicador\/"]}]},{"@type":"BreadcrumbList","@id":"https:\/\/greenco-project.eu\/es\/evento-multiplicador\/#breadcrumb","itemListElement":[{"@type":"ListItem","position":1,"name":"Portada","item":"https:\/\/greenco-project.eu\/es\/"},{"@type":"ListItem","position":2,"name":"Evento\u00a0multiplicador"}]},{"@type":"WebSite","@id":"https:\/\/greenco-project.eu\/es\/#website","url":"https:\/\/greenco-project.eu\/es\/","name":"GreenCo","description":"Just another WordPress site","publisher":{"@id":"https:\/\/greenco-project.eu\/es\/#organization"},"potentialAction":[{"@type":"SearchAction","target":{"@type":"EntryPoint","urlTemplate":"https:\/\/greenco-project.eu\/es\/?s={search_term_string}"},"query-input":"required name=search_term_string"}],"inLanguage":"es"},{"@type":"Organization","@id":"https:\/\/greenco-project.eu\/es\/#organization","name":"GreenCo","url":"https:\/\/greenco-project.eu\/es\/","logo":{"@type":"ImageObject","inLanguage":"es","@id":"https:\/\/greenco-project.eu\/es\/#\/schema\/logo\/image\/","url":"https:\/\/greenco-project.eu\/wp-content\/uploads\/2022\/12\/LogosTop.svg","contentUrl":"https:\/\/greenco-project.eu\/wp-content\/uploads\/2022\/12\/LogosTop.svg","width":682,"height":86,"caption":"GreenCo"},"image":{"@id":"https:\/\/greenco-project.eu\/es\/#\/schema\/logo\/image\/"}}]}},"_links":{"self":[{"href":"https:\/\/greenco-project.eu\/es\/wp-json\/wp\/v2\/pages\/6734","targetHints":{"allow":["GET"]}}],"collection":[{"href":"https:\/\/greenco-project.eu\/es\/wp-json\/wp\/v2\/pages"}],"about":[{"href":"https:\/\/greenco-project.eu\/es\/wp-json\/wp\/v2\/types\/page"}],"author":[{"embeddable":true,"href":"https:\/\/greenco-project.eu\/es\/wp-json\/wp\/v2\/users\/1"}],"replies":[{"embeddable":true,"href":"https:\/\/greenco-project.eu\/es\/wp-json\/wp\/v2\/comments?post=6734"}],"version-history":[{"count":13,"href":"https:\/\/greenco-project.eu\/es\/wp-json\/wp\/v2\/pages\/6734\/revisions"}],"predecessor-version":[{"id":8642,"href":"https:\/\/greenco-project.eu\/es\/wp-json\/wp\/v2\/pages\/6734\/revisions\/8642"}],"wp:attachment":[{"href":"https:\/\/greenco-project.eu\/es\/wp-json\/wp\/v2\/media?parent=6734"}],"curies":[{"name":"wp","href":"https:\/\/api.w.org\/{rel}","templated":true}]}}