{"id":6269,"date":"2024-05-17T08:12:06","date_gmt":"2024-05-17T08:12:06","guid":{"rendered":"https:\/\/greenco-project.eu\/?page_id=6269"},"modified":"2024-07-10T10:19:58","modified_gmt":"2024-07-10T10:19:58","slug":"legislacion","status":"publish","type":"page","link":"https:\/\/greenco-project.eu\/es\/legislacion\/","title":{"rendered":"Legislaci\u00f3n"},"content":{"rendered":"\t\t<div data-elementor-type=\"wp-page\" data-elementor-id=\"6269\" class=\"elementor elementor-6269 elementor-6151\">\n\t\t\t\t\t\t\t\t\t<section class=\"elementor-section elementor-top-section elementor-element elementor-element-8f98a54 elementor-section-full_width elementor-section-stretched elementor-section-height-default elementor-section-height-default\" data-id=\"8f98a54\" data-element_type=\"section\" data-settings=\"{&quot;stretch_section&quot;:&quot;section-stretched&quot;,&quot;background_background&quot;:&quot;classic&quot;}\">\n\t\t\t\t\t\t\t<div class=\"elementor-background-overlay\"><\/div>\n\t\t\t\t\t\t\t<div class=\"elementor-container elementor-column-gap-no\">\n\t\t\t\t\t<div class=\"elementor-column elementor-col-100 elementor-top-column elementor-element elementor-element-0099eee\" data-id=\"0099eee\" data-element_type=\"column\">\n\t\t\t<div class=\"elementor-widget-wrap elementor-element-populated\">\n\t\t\t\t\t\t\t\t<div class=\"elementor-element elementor-element-6b28ebc elementor-widget elementor-widget-heading\" data-id=\"6b28ebc\" data-element_type=\"widget\" data-widget_type=\"heading.default\">\n\t\t\t\t<div class=\"elementor-widget-container\">\n\t\t\t<style>\/*! elementor - v3.13.3 - 28-05-2023 *\/\n.elementor-heading-title{padding:0;margin:0;line-height:1}.elementor-widget-heading .elementor-heading-title[class*=elementor-size-]>a{color:inherit;font-size:inherit;line-height:inherit}.elementor-widget-heading .elementor-heading-title.elementor-size-small{font-size:15px}.elementor-widget-heading .elementor-heading-title.elementor-size-medium{font-size:19px}.elementor-widget-heading .elementor-heading-title.elementor-size-large{font-size:29px}.elementor-widget-heading .elementor-heading-title.elementor-size-xl{font-size:39px}.elementor-widget-heading .elementor-heading-title.elementor-size-xxl{font-size:59px}<\/style><h1 class=\"elementor-heading-title elementor-size-default\">Legislaci\u00f3n<\/h1>\t\t<\/div>\n\t\t\t\t<\/div>\n\t\t\t\t\t<\/div>\n\t\t<\/div>\n\t\t\t\t\t\t\t<\/div>\n\t\t<\/section>\n\t\t\t\t<section class=\"elementor-section elementor-top-section elementor-element elementor-element-fb6726f elementor-section-boxed elementor-section-height-default elementor-section-height-default\" data-id=\"fb6726f\" data-element_type=\"section\">\n\t\t\t\t\t\t<div class=\"elementor-container elementor-column-gap-default\">\n\t\t\t\t\t<div class=\"elementor-column elementor-col-100 elementor-top-column elementor-element elementor-element-9066a21\" data-id=\"9066a21\" data-element_type=\"column\">\n\t\t\t<div class=\"elementor-widget-wrap elementor-element-populated\">\n\t\t\t\t\t\t\t\t<div class=\"elementor-element elementor-element-27618f7 elementor-widget elementor-widget-text-editor\" data-id=\"27618f7\" data-element_type=\"widget\" data-widget_type=\"text-editor.default\">\n\t\t\t\t<div class=\"elementor-widget-container\">\n\t\t\t<style>\/*! elementor - v3.13.3 - 28-05-2023 *\/\n.elementor-widget-text-editor.elementor-drop-cap-view-stacked .elementor-drop-cap{background-color:#69727d;color:#fff}.elementor-widget-text-editor.elementor-drop-cap-view-framed .elementor-drop-cap{color:#69727d;border:3px solid;background-color:transparent}.elementor-widget-text-editor:not(.elementor-drop-cap-view-default) .elementor-drop-cap{margin-top:8px}.elementor-widget-text-editor:not(.elementor-drop-cap-view-default) .elementor-drop-cap-letter{width:1em;height:1em}.elementor-widget-text-editor .elementor-drop-cap{float:left;text-align:center;line-height:1;font-size:50px}.elementor-widget-text-editor .elementor-drop-cap-letter{display:inline-block}<\/style>\t\t\t\t<p>La legislaci\u00f3n ambiental juega un papel crucial en la sostenibilidad global al abordar temas como la eficiencia energ\u00e9tica, la promoci\u00f3n de energ\u00edas renovables y la gesti\u00f3n de residuos electr\u00f3nicos. Aqu\u00ed podemos ver:<\/p>\n<ul style=\"margin-block: 24px;\">\n  <li><b>Eficiencia energ\u00e9tica y energ\u00edas renovables:<\/b> Las leyes y regulaciones buscan reducir el consumo de energ\u00eda en la fabricaci\u00f3n, uso y eliminaci\u00f3n de dispositivos electr\u00f3nicos y sistemas TIC. Esto incluye incentivos para el dise\u00f1o y la implementaci\u00f3n de tecnolog\u00edas m\u00e1s eficientes y el fomento de fuentes renovables como la solar, e\u00f3lica e hidroel\u00e9ctrica para alimentar las infraestructuras digitales.<\/li>\n  <li><b>Impacto ambiental de las TIC:<\/b> La legislaci\u00f3n se enfoca en minimizar los efectos negativos derivados de la extracci\u00f3n de materiales, la fabricaci\u00f3n y el transporte de equipos electr\u00f3nicos. Esto implica promover la reducci\u00f3n de emisiones de gases de efecto invernadero, la gesti\u00f3n sostenible de recursos y la implementaci\u00f3n de est\u00e1ndares ambientales en las cadenas de suministro de las TIC.<\/li>\n  <li><b>Gesti\u00f3n de residuos electr\u00f3nicos:<\/b> Las leyes sobre residuos electr\u00f3nicos abordan la recolecci\u00f3n, reciclaje y disposici\u00f3n adecuada de equipos en desuso. Estas regulaciones buscan reducir la contaminaci\u00f3n por metales pesados y sustancias peligrosas, promoviendo la reutilizaci\u00f3n de componentes y la recuperaci\u00f3n de materiales valiosos.<\/li>\n<\/ul>\n<p>En resumen, estas medidas legislativas promueven pr\u00e1cticas industriales y de consumo responsables para proteger el medio ambiente, conservar los recursos naturales y avanzar hacia una econom\u00eda digital m\u00e1s sostenible y circular.<\/p>\n<p>Puedes consultar m\u00e1s informaci\u00f3n en <a href=\"https:\/\/greenco-project.eu\/ebook\/\">https:\/\/greenco-project.eu\/ebook\/<\/a><\/p>\n\t\t\t\t\t\t<\/div>\n\t\t\t\t<\/div>\n\t\t\t\t\t<\/div>\n\t\t<\/div>\n\t\t\t\t\t\t\t<\/div>\n\t\t<\/section>\n\t\t\t\t\t\t\t<\/div>\n\t\t","protected":false},"excerpt":{"rendered":"<p>Legislaci\u00f3n La legislaci\u00f3n ambiental juega un papel crucial en la sostenibilidad global al abordar temas como la eficiencia energ\u00e9tica, la promoci\u00f3n de energ\u00edas renovables y la gesti\u00f3n de residuos electr\u00f3nicos. Aqu\u00ed podemos ver: Eficiencia energ\u00e9tica y energ\u00edas renovables: Las leyes y regulaciones buscan reducir el consumo de energ\u00eda en la fabricaci\u00f3n, uso y eliminaci\u00f3n de &#8230; <a title=\"Legislaci\u00f3n\" class=\"read-more\" href=\"https:\/\/greenco-project.eu\/es\/legislacion\/\" aria-label=\"M\u00e1s en Legislaci\u00f3n\">Read More<\/a><\/p>\n","protected":false},"author":1,"featured_media":0,"parent":0,"menu_order":0,"comment_status":"closed","ping_status":"closed","template":"elementor_header_footer","meta":{"footnotes":""},"class_list":["post-6269","page","type-page","status-publish"],"yoast_head":"<!-- This site is optimized with the Yoast SEO plugin v19.13 - https:\/\/yoast.com\/wordpress\/plugins\/seo\/ -->\n<title>Legislaci\u00f3n - GreenCo<\/title>\n<meta name=\"robots\" content=\"index, follow, max-snippet:-1, max-image-preview:large, max-video-preview:-1\" \/>\n<link rel=\"canonical\" href=\"https:\/\/greenco-project.eu\/es\/legislacion\/\" \/>\n<meta property=\"og:locale\" content=\"es_ES\" \/>\n<meta property=\"og:type\" content=\"article\" \/>\n<meta property=\"og:title\" content=\"Legislaci\u00f3n - GreenCo\" \/>\n<meta property=\"og:description\" content=\"Legislaci\u00f3n La legislaci\u00f3n ambiental juega un papel crucial en la sostenibilidad global al abordar temas como la eficiencia energ\u00e9tica, la promoci\u00f3n de energ\u00edas renovables y la gesti\u00f3n de residuos electr\u00f3nicos. Aqu\u00ed podemos ver: Eficiencia energ\u00e9tica y energ\u00edas renovables: Las leyes y regulaciones buscan reducir el consumo de energ\u00eda en la fabricaci\u00f3n, uso y eliminaci\u00f3n de ... Read More\" \/>\n<meta property=\"og:url\" content=\"https:\/\/greenco-project.eu\/es\/legislacion\/\" \/>\n<meta property=\"og:site_name\" content=\"GreenCo\" \/>\n<meta property=\"article:modified_time\" content=\"2024-07-10T10:19:58+00:00\" \/>\n<meta name=\"twitter:card\" content=\"summary_large_image\" \/>\n<meta name=\"twitter:label1\" content=\"Tiempo de lectura\" \/>\n\t<meta name=\"twitter:data1\" content=\"1 minuto\" \/>\n<script type=\"application\/ld+json\" class=\"yoast-schema-graph\">{\"@context\":\"https:\/\/schema.org\",\"@graph\":[{\"@type\":\"WebPage\",\"@id\":\"https:\/\/greenco-project.eu\/es\/legislacion\/\",\"url\":\"https:\/\/greenco-project.eu\/es\/legislacion\/\",\"name\":\"Legislaci\u00f3n - GreenCo\",\"isPartOf\":{\"@id\":\"https:\/\/greenco-project.eu\/es\/#website\"},\"datePublished\":\"2024-05-17T08:12:06+00:00\",\"dateModified\":\"2024-07-10T10:19:58+00:00\",\"breadcrumb\":{\"@id\":\"https:\/\/greenco-project.eu\/es\/legislacion\/#breadcrumb\"},\"inLanguage\":\"es\",\"potentialAction\":[{\"@type\":\"ReadAction\",\"target\":[\"https:\/\/greenco-project.eu\/es\/legislacion\/\"]}]},{\"@type\":\"BreadcrumbList\",\"@id\":\"https:\/\/greenco-project.eu\/es\/legislacion\/#breadcrumb\",\"itemListElement\":[{\"@type\":\"ListItem\",\"position\":1,\"name\":\"Portada\",\"item\":\"https:\/\/greenco-project.eu\/es\/\"},{\"@type\":\"ListItem\",\"position\":2,\"name\":\"Legislaci\u00f3n\"}]},{\"@type\":\"WebSite\",\"@id\":\"https:\/\/greenco-project.eu\/es\/#website\",\"url\":\"https:\/\/greenco-project.eu\/es\/\",\"name\":\"GreenCo\",\"description\":\"Just another WordPress site\",\"publisher\":{\"@id\":\"https:\/\/greenco-project.eu\/es\/#organization\"},\"potentialAction\":[{\"@type\":\"SearchAction\",\"target\":{\"@type\":\"EntryPoint\",\"urlTemplate\":\"https:\/\/greenco-project.eu\/es\/?s={search_term_string}\"},\"query-input\":\"required name=search_term_string\"}],\"inLanguage\":\"es\"},{\"@type\":\"Organization\",\"@id\":\"https:\/\/greenco-project.eu\/es\/#organization\",\"name\":\"GreenCo\",\"url\":\"https:\/\/greenco-project.eu\/es\/\",\"logo\":{\"@type\":\"ImageObject\",\"inLanguage\":\"es\",\"@id\":\"https:\/\/greenco-project.eu\/es\/#\/schema\/logo\/image\/\",\"url\":\"https:\/\/greenco-project.eu\/wp-content\/uploads\/2022\/12\/LogosTop.svg\",\"contentUrl\":\"https:\/\/greenco-project.eu\/wp-content\/uploads\/2022\/12\/LogosTop.svg\",\"width\":682,\"height\":86,\"caption\":\"GreenCo\"},\"image\":{\"@id\":\"https:\/\/greenco-project.eu\/es\/#\/schema\/logo\/image\/\"}}]}<\/script>\n<!-- \/ Yoast SEO plugin. -->","yoast_head_json":{"title":"Legislaci\u00f3n - GreenCo","robots":{"index":"index","follow":"follow","max-snippet":"max-snippet:-1","max-image-preview":"max-image-preview:large","max-video-preview":"max-video-preview:-1"},"canonical":"https:\/\/greenco-project.eu\/es\/legislacion\/","og_locale":"es_ES","og_type":"article","og_title":"Legislaci\u00f3n - GreenCo","og_description":"Legislaci\u00f3n La legislaci\u00f3n ambiental juega un papel crucial en la sostenibilidad global al abordar temas como la eficiencia energ\u00e9tica, la promoci\u00f3n de energ\u00edas renovables y la gesti\u00f3n de residuos electr\u00f3nicos. Aqu\u00ed podemos ver: Eficiencia energ\u00e9tica y energ\u00edas renovables: Las leyes y regulaciones buscan reducir el consumo de energ\u00eda en la fabricaci\u00f3n, uso y eliminaci\u00f3n de ... Read More","og_url":"https:\/\/greenco-project.eu\/es\/legislacion\/","og_site_name":"GreenCo","article_modified_time":"2024-07-10T10:19:58+00:00","twitter_card":"summary_large_image","twitter_misc":{"Tiempo de lectura":"1 minuto"},"schema":{"@context":"https:\/\/schema.org","@graph":[{"@type":"WebPage","@id":"https:\/\/greenco-project.eu\/es\/legislacion\/","url":"https:\/\/greenco-project.eu\/es\/legislacion\/","name":"Legislaci\u00f3n - GreenCo","isPartOf":{"@id":"https:\/\/greenco-project.eu\/es\/#website"},"datePublished":"2024-05-17T08:12:06+00:00","dateModified":"2024-07-10T10:19:58+00:00","breadcrumb":{"@id":"https:\/\/greenco-project.eu\/es\/legislacion\/#breadcrumb"},"inLanguage":"es","potentialAction":[{"@type":"ReadAction","target":["https:\/\/greenco-project.eu\/es\/legislacion\/"]}]},{"@type":"BreadcrumbList","@id":"https:\/\/greenco-project.eu\/es\/legislacion\/#breadcrumb","itemListElement":[{"@type":"ListItem","position":1,"name":"Portada","item":"https:\/\/greenco-project.eu\/es\/"},{"@type":"ListItem","position":2,"name":"Legislaci\u00f3n"}]},{"@type":"WebSite","@id":"https:\/\/greenco-project.eu\/es\/#website","url":"https:\/\/greenco-project.eu\/es\/","name":"GreenCo","description":"Just another WordPress site","publisher":{"@id":"https:\/\/greenco-project.eu\/es\/#organization"},"potentialAction":[{"@type":"SearchAction","target":{"@type":"EntryPoint","urlTemplate":"https:\/\/greenco-project.eu\/es\/?s={search_term_string}"},"query-input":"required name=search_term_string"}],"inLanguage":"es"},{"@type":"Organization","@id":"https:\/\/greenco-project.eu\/es\/#organization","name":"GreenCo","url":"https:\/\/greenco-project.eu\/es\/","logo":{"@type":"ImageObject","inLanguage":"es","@id":"https:\/\/greenco-project.eu\/es\/#\/schema\/logo\/image\/","url":"https:\/\/greenco-project.eu\/wp-content\/uploads\/2022\/12\/LogosTop.svg","contentUrl":"https:\/\/greenco-project.eu\/wp-content\/uploads\/2022\/12\/LogosTop.svg","width":682,"height":86,"caption":"GreenCo"},"image":{"@id":"https:\/\/greenco-project.eu\/es\/#\/schema\/logo\/image\/"}}]}},"_links":{"self":[{"href":"https:\/\/greenco-project.eu\/es\/wp-json\/wp\/v2\/pages\/6269","targetHints":{"allow":["GET"]}}],"collection":[{"href":"https:\/\/greenco-project.eu\/es\/wp-json\/wp\/v2\/pages"}],"about":[{"href":"https:\/\/greenco-project.eu\/es\/wp-json\/wp\/v2\/types\/page"}],"author":[{"embeddable":true,"href":"https:\/\/greenco-project.eu\/es\/wp-json\/wp\/v2\/users\/1"}],"replies":[{"embeddable":true,"href":"https:\/\/greenco-project.eu\/es\/wp-json\/wp\/v2\/comments?post=6269"}],"version-history":[{"count":7,"href":"https:\/\/greenco-project.eu\/es\/wp-json\/wp\/v2\/pages\/6269\/revisions"}],"predecessor-version":[{"id":6903,"href":"https:\/\/greenco-project.eu\/es\/wp-json\/wp\/v2\/pages\/6269\/revisions\/6903"}],"wp:attachment":[{"href":"https:\/\/greenco-project.eu\/es\/wp-json\/wp\/v2\/media?parent=6269"}],"curies":[{"name":"wp","href":"https:\/\/api.w.org\/{rel}","templated":true}]}}