{"id":6266,"date":"2024-05-17T08:11:39","date_gmt":"2024-05-17T08:11:39","guid":{"rendered":"https:\/\/greenco-project.eu\/?page_id=6266"},"modified":"2024-07-10T09:55:35","modified_gmt":"2024-07-10T09:55:35","slug":"causas","status":"publish","type":"page","link":"https:\/\/greenco-project.eu\/es\/causas\/","title":{"rendered":"Causas"},"content":{"rendered":"\t\t<div data-elementor-type=\"wp-page\" data-elementor-id=\"6266\" class=\"elementor elementor-6266 elementor-6149\">\n\t\t\t\t\t\t\t\t\t<section class=\"elementor-section elementor-top-section elementor-element elementor-element-6256130 elementor-section-full_width elementor-section-stretched elementor-section-height-default elementor-section-height-default\" data-id=\"6256130\" data-element_type=\"section\" data-settings=\"{&quot;stretch_section&quot;:&quot;section-stretched&quot;,&quot;background_background&quot;:&quot;classic&quot;}\">\n\t\t\t\t\t\t\t<div class=\"elementor-background-overlay\"><\/div>\n\t\t\t\t\t\t\t<div class=\"elementor-container elementor-column-gap-no\">\n\t\t\t\t\t<div class=\"elementor-column elementor-col-100 elementor-top-column elementor-element elementor-element-336234f\" data-id=\"336234f\" data-element_type=\"column\">\n\t\t\t<div class=\"elementor-widget-wrap elementor-element-populated\">\n\t\t\t\t\t\t\t\t<div class=\"elementor-element elementor-element-7970c65 elementor-widget elementor-widget-heading\" data-id=\"7970c65\" data-element_type=\"widget\" data-widget_type=\"heading.default\">\n\t\t\t\t<div class=\"elementor-widget-container\">\n\t\t\t<style>\/*! elementor - v3.13.3 - 28-05-2023 *\/\n.elementor-heading-title{padding:0;margin:0;line-height:1}.elementor-widget-heading .elementor-heading-title[class*=elementor-size-]>a{color:inherit;font-size:inherit;line-height:inherit}.elementor-widget-heading .elementor-heading-title.elementor-size-small{font-size:15px}.elementor-widget-heading .elementor-heading-title.elementor-size-medium{font-size:19px}.elementor-widget-heading .elementor-heading-title.elementor-size-large{font-size:29px}.elementor-widget-heading .elementor-heading-title.elementor-size-xl{font-size:39px}.elementor-widget-heading .elementor-heading-title.elementor-size-xxl{font-size:59px}<\/style><h1 class=\"elementor-heading-title elementor-size-default\">Causas<\/h1>\t\t<\/div>\n\t\t\t\t<\/div>\n\t\t\t\t\t<\/div>\n\t\t<\/div>\n\t\t\t\t\t\t\t<\/div>\n\t\t<\/section>\n\t\t\t\t<section class=\"elementor-section elementor-top-section elementor-element elementor-element-18157cd elementor-section-boxed elementor-section-height-default elementor-section-height-default\" data-id=\"18157cd\" data-element_type=\"section\">\n\t\t\t\t\t\t<div class=\"elementor-container elementor-column-gap-default\">\n\t\t\t\t\t<div class=\"elementor-column elementor-col-100 elementor-top-column elementor-element elementor-element-34804c1\" data-id=\"34804c1\" data-element_type=\"column\">\n\t\t\t<div class=\"elementor-widget-wrap elementor-element-populated\">\n\t\t\t\t\t\t\t\t<div class=\"elementor-element elementor-element-d86e245 elementor-widget elementor-widget-text-editor\" data-id=\"d86e245\" data-element_type=\"widget\" data-widget_type=\"text-editor.default\">\n\t\t\t\t<div class=\"elementor-widget-container\">\n\t\t\t<style>\/*! elementor - v3.13.3 - 28-05-2023 *\/\n.elementor-widget-text-editor.elementor-drop-cap-view-stacked .elementor-drop-cap{background-color:#69727d;color:#fff}.elementor-widget-text-editor.elementor-drop-cap-view-framed .elementor-drop-cap{color:#69727d;border:3px solid;background-color:transparent}.elementor-widget-text-editor:not(.elementor-drop-cap-view-default) .elementor-drop-cap{margin-top:8px}.elementor-widget-text-editor:not(.elementor-drop-cap-view-default) .elementor-drop-cap-letter{width:1em;height:1em}.elementor-widget-text-editor .elementor-drop-cap{float:left;text-align:center;line-height:1;font-size:50px}.elementor-widget-text-editor .elementor-drop-cap-letter{display:inline-block}<\/style>\t\t\t\tLa poluci\u00f3n digital es un problema en aumento causado por el uso masivo de tecnolog\u00edas digitales y dispositivos electr\u00f3nicos. Las principales causas de esta contaminaci\u00f3n son:\n<ul style=\"margin-block: 24px;\">\n \t<li><b>Consumo de Energ\u00eda:<\/b> Los dispositivos electr\u00f3nicos y la infraestructura digital, como los centros de datos y las redes de telecomunicaciones, consumen grandes cantidades de energ\u00eda, principalmente de fuentes no renovables, lo que contribuye a las emisiones de gases de efecto invernadero.<\/li>\n \t<li><b>Residuos Electr\u00f3nicos (E-waste):<\/b> La r\u00e1pida obsolescencia de dispositivos electr\u00f3nicos genera una gran cantidad de residuos que contienen materiales t\u00f3xicos, representando un grave riesgo ambiental y para la salud p\u00fablica si no se gestionan adecuadamente.<\/li>\n \t<li><b>Producci\u00f3n y Descarte de Dispositivos:<\/b> La fabricaci\u00f3n de dispositivos electr\u00f3nicos consume recursos naturales y produce emisiones de CO2. Adem\u00e1s, la falta de opciones de reparaci\u00f3n y las actualizaciones frecuentes incrementan el volumen de residuos electr\u00f3nicos.<\/li>\n \t<li><b>Uso Excesivo de Servicios en L\u00ednea:<\/b> El creciente uso de servicios en l\u00ednea, como el streaming y las redes sociales, incrementa el consumo energ\u00e9tico debido a la necesidad de operar numerosos servidores, aumentando as\u00ed la huella de carbono digital.<\/li>\n \t<li><b>Desconocimiento y Falta de Conciencia:<\/b> Muchas personas no son conscientes del impacto ambiental de sus h\u00e1bitos digitales, lo que agrava el problema. La educaci\u00f3n y la concienciaci\u00f3n son esenciales para mitigar esta contaminaci\u00f3n.<\/li>\n<\/ul>\n<b>Conclusi\u00f3n<\/b>\n\nPara abordar la poluci\u00f3n digital, es crucial optimizar el consumo de energ\u00eda, gestionar adecuadamente los residuos electr\u00f3nicos y educar sobre pr\u00e1cticas digitales sostenibles. Proyectos como GreenCo son vitales para estos esfuerzos.\t\t\t\t\t\t<\/div>\n\t\t\t\t<\/div>\n\t\t\t\t\t<\/div>\n\t\t<\/div>\n\t\t\t\t\t\t\t<\/div>\n\t\t<\/section>\n\t\t\t\t\t\t\t<\/div>\n\t\t","protected":false},"excerpt":{"rendered":"<p>Causas La poluci\u00f3n digital es un problema en aumento causado por el uso masivo de tecnolog\u00edas digitales y dispositivos electr\u00f3nicos. Las principales causas de esta contaminaci\u00f3n son: Consumo de Energ\u00eda: Los dispositivos electr\u00f3nicos y la infraestructura digital, como los centros de datos y las redes de telecomunicaciones, consumen grandes cantidades de energ\u00eda, principalmente de fuentes &#8230; <a title=\"Causas\" class=\"read-more\" href=\"https:\/\/greenco-project.eu\/es\/causas\/\" aria-label=\"M\u00e1s en Causas\">Read More<\/a><\/p>\n","protected":false},"author":1,"featured_media":0,"parent":0,"menu_order":0,"comment_status":"closed","ping_status":"closed","template":"elementor_header_footer","meta":{"footnotes":""},"class_list":["post-6266","page","type-page","status-publish"],"yoast_head":"<!-- This site is optimized with the Yoast SEO plugin v19.13 - https:\/\/yoast.com\/wordpress\/plugins\/seo\/ -->\n<title>Causas - GreenCo<\/title>\n<meta name=\"robots\" content=\"index, follow, max-snippet:-1, max-image-preview:large, max-video-preview:-1\" \/>\n<link rel=\"canonical\" href=\"https:\/\/greenco-project.eu\/es\/causas\/\" \/>\n<meta property=\"og:locale\" content=\"es_ES\" \/>\n<meta property=\"og:type\" content=\"article\" \/>\n<meta property=\"og:title\" content=\"Causas - GreenCo\" \/>\n<meta property=\"og:description\" content=\"Causas La poluci\u00f3n digital es un problema en aumento causado por el uso masivo de tecnolog\u00edas digitales y dispositivos electr\u00f3nicos. Las principales causas de esta contaminaci\u00f3n son: Consumo de Energ\u00eda: Los dispositivos electr\u00f3nicos y la infraestructura digital, como los centros de datos y las redes de telecomunicaciones, consumen grandes cantidades de energ\u00eda, principalmente de fuentes ... Read More\" \/>\n<meta property=\"og:url\" content=\"https:\/\/greenco-project.eu\/es\/causas\/\" \/>\n<meta property=\"og:site_name\" content=\"GreenCo\" \/>\n<meta property=\"article:modified_time\" content=\"2024-07-10T09:55:35+00:00\" \/>\n<meta name=\"twitter:card\" content=\"summary_large_image\" \/>\n<meta name=\"twitter:label1\" content=\"Tiempo de lectura\" \/>\n\t<meta name=\"twitter:data1\" content=\"1 minuto\" \/>\n<script type=\"application\/ld+json\" class=\"yoast-schema-graph\">{\"@context\":\"https:\/\/schema.org\",\"@graph\":[{\"@type\":\"WebPage\",\"@id\":\"https:\/\/greenco-project.eu\/es\/causas\/\",\"url\":\"https:\/\/greenco-project.eu\/es\/causas\/\",\"name\":\"Causas - GreenCo\",\"isPartOf\":{\"@id\":\"https:\/\/greenco-project.eu\/es\/#website\"},\"datePublished\":\"2024-05-17T08:11:39+00:00\",\"dateModified\":\"2024-07-10T09:55:35+00:00\",\"breadcrumb\":{\"@id\":\"https:\/\/greenco-project.eu\/es\/causas\/#breadcrumb\"},\"inLanguage\":\"es\",\"potentialAction\":[{\"@type\":\"ReadAction\",\"target\":[\"https:\/\/greenco-project.eu\/es\/causas\/\"]}]},{\"@type\":\"BreadcrumbList\",\"@id\":\"https:\/\/greenco-project.eu\/es\/causas\/#breadcrumb\",\"itemListElement\":[{\"@type\":\"ListItem\",\"position\":1,\"name\":\"Portada\",\"item\":\"https:\/\/greenco-project.eu\/es\/\"},{\"@type\":\"ListItem\",\"position\":2,\"name\":\"Causas\"}]},{\"@type\":\"WebSite\",\"@id\":\"https:\/\/greenco-project.eu\/es\/#website\",\"url\":\"https:\/\/greenco-project.eu\/es\/\",\"name\":\"GreenCo\",\"description\":\"Just another WordPress site\",\"publisher\":{\"@id\":\"https:\/\/greenco-project.eu\/es\/#organization\"},\"potentialAction\":[{\"@type\":\"SearchAction\",\"target\":{\"@type\":\"EntryPoint\",\"urlTemplate\":\"https:\/\/greenco-project.eu\/es\/?s={search_term_string}\"},\"query-input\":\"required name=search_term_string\"}],\"inLanguage\":\"es\"},{\"@type\":\"Organization\",\"@id\":\"https:\/\/greenco-project.eu\/es\/#organization\",\"name\":\"GreenCo\",\"url\":\"https:\/\/greenco-project.eu\/es\/\",\"logo\":{\"@type\":\"ImageObject\",\"inLanguage\":\"es\",\"@id\":\"https:\/\/greenco-project.eu\/es\/#\/schema\/logo\/image\/\",\"url\":\"https:\/\/greenco-project.eu\/wp-content\/uploads\/2022\/12\/LogosTop.svg\",\"contentUrl\":\"https:\/\/greenco-project.eu\/wp-content\/uploads\/2022\/12\/LogosTop.svg\",\"width\":682,\"height\":86,\"caption\":\"GreenCo\"},\"image\":{\"@id\":\"https:\/\/greenco-project.eu\/es\/#\/schema\/logo\/image\/\"}}]}<\/script>\n<!-- \/ Yoast SEO plugin. -->","yoast_head_json":{"title":"Causas - GreenCo","robots":{"index":"index","follow":"follow","max-snippet":"max-snippet:-1","max-image-preview":"max-image-preview:large","max-video-preview":"max-video-preview:-1"},"canonical":"https:\/\/greenco-project.eu\/es\/causas\/","og_locale":"es_ES","og_type":"article","og_title":"Causas - GreenCo","og_description":"Causas La poluci\u00f3n digital es un problema en aumento causado por el uso masivo de tecnolog\u00edas digitales y dispositivos electr\u00f3nicos. Las principales causas de esta contaminaci\u00f3n son: Consumo de Energ\u00eda: Los dispositivos electr\u00f3nicos y la infraestructura digital, como los centros de datos y las redes de telecomunicaciones, consumen grandes cantidades de energ\u00eda, principalmente de fuentes ... Read More","og_url":"https:\/\/greenco-project.eu\/es\/causas\/","og_site_name":"GreenCo","article_modified_time":"2024-07-10T09:55:35+00:00","twitter_card":"summary_large_image","twitter_misc":{"Tiempo de lectura":"1 minuto"},"schema":{"@context":"https:\/\/schema.org","@graph":[{"@type":"WebPage","@id":"https:\/\/greenco-project.eu\/es\/causas\/","url":"https:\/\/greenco-project.eu\/es\/causas\/","name":"Causas - GreenCo","isPartOf":{"@id":"https:\/\/greenco-project.eu\/es\/#website"},"datePublished":"2024-05-17T08:11:39+00:00","dateModified":"2024-07-10T09:55:35+00:00","breadcrumb":{"@id":"https:\/\/greenco-project.eu\/es\/causas\/#breadcrumb"},"inLanguage":"es","potentialAction":[{"@type":"ReadAction","target":["https:\/\/greenco-project.eu\/es\/causas\/"]}]},{"@type":"BreadcrumbList","@id":"https:\/\/greenco-project.eu\/es\/causas\/#breadcrumb","itemListElement":[{"@type":"ListItem","position":1,"name":"Portada","item":"https:\/\/greenco-project.eu\/es\/"},{"@type":"ListItem","position":2,"name":"Causas"}]},{"@type":"WebSite","@id":"https:\/\/greenco-project.eu\/es\/#website","url":"https:\/\/greenco-project.eu\/es\/","name":"GreenCo","description":"Just another WordPress site","publisher":{"@id":"https:\/\/greenco-project.eu\/es\/#organization"},"potentialAction":[{"@type":"SearchAction","target":{"@type":"EntryPoint","urlTemplate":"https:\/\/greenco-project.eu\/es\/?s={search_term_string}"},"query-input":"required name=search_term_string"}],"inLanguage":"es"},{"@type":"Organization","@id":"https:\/\/greenco-project.eu\/es\/#organization","name":"GreenCo","url":"https:\/\/greenco-project.eu\/es\/","logo":{"@type":"ImageObject","inLanguage":"es","@id":"https:\/\/greenco-project.eu\/es\/#\/schema\/logo\/image\/","url":"https:\/\/greenco-project.eu\/wp-content\/uploads\/2022\/12\/LogosTop.svg","contentUrl":"https:\/\/greenco-project.eu\/wp-content\/uploads\/2022\/12\/LogosTop.svg","width":682,"height":86,"caption":"GreenCo"},"image":{"@id":"https:\/\/greenco-project.eu\/es\/#\/schema\/logo\/image\/"}}]}},"_links":{"self":[{"href":"https:\/\/greenco-project.eu\/es\/wp-json\/wp\/v2\/pages\/6266","targetHints":{"allow":["GET"]}}],"collection":[{"href":"https:\/\/greenco-project.eu\/es\/wp-json\/wp\/v2\/pages"}],"about":[{"href":"https:\/\/greenco-project.eu\/es\/wp-json\/wp\/v2\/types\/page"}],"author":[{"embeddable":true,"href":"https:\/\/greenco-project.eu\/es\/wp-json\/wp\/v2\/users\/1"}],"replies":[{"embeddable":true,"href":"https:\/\/greenco-project.eu\/es\/wp-json\/wp\/v2\/comments?post=6266"}],"version-history":[{"count":10,"href":"https:\/\/greenco-project.eu\/es\/wp-json\/wp\/v2\/pages\/6266\/revisions"}],"predecessor-version":[{"id":6867,"href":"https:\/\/greenco-project.eu\/es\/wp-json\/wp\/v2\/pages\/6266\/revisions\/6867"}],"wp:attachment":[{"href":"https:\/\/greenco-project.eu\/es\/wp-json\/wp\/v2\/media?parent=6266"}],"curies":[{"name":"wp","href":"https:\/\/api.w.org\/{rel}","templated":true}]}}