{"id":2982,"date":"2022-10-25T13:40:34","date_gmt":"2022-10-25T13:40:34","guid":{"rendered":"https:\/\/greenco-project.eu\/material-promocional\/"},"modified":"2023-06-27T07:12:45","modified_gmt":"2023-06-27T07:12:45","slug":"material-promocional","status":"publish","type":"page","link":"https:\/\/greenco-project.eu\/es\/material-promocional\/","title":{"rendered":"Material promocional"},"content":{"rendered":"\t\t<div data-elementor-type=\"wp-page\" data-elementor-id=\"2982\" class=\"elementor elementor-2982 elementor-1073\">\n\t\t\t\t\t\t\t\t\t<section class=\"elementor-section elementor-top-section elementor-element elementor-element-50d1f44 elementor-section-full_width elementor-section-stretched elementor-section-height-default elementor-section-height-default\" data-id=\"50d1f44\" data-element_type=\"section\" data-settings=\"{&quot;stretch_section&quot;:&quot;section-stretched&quot;,&quot;background_background&quot;:&quot;classic&quot;}\">\n\t\t\t\t\t\t\t<div class=\"elementor-background-overlay\"><\/div>\n\t\t\t\t\t\t\t<div class=\"elementor-container elementor-column-gap-no\">\n\t\t\t\t\t<div class=\"elementor-column elementor-col-100 elementor-top-column elementor-element elementor-element-53a58c1\" data-id=\"53a58c1\" data-element_type=\"column\">\n\t\t\t<div class=\"elementor-widget-wrap elementor-element-populated\">\n\t\t\t\t\t\t\t\t<div class=\"elementor-element elementor-element-38267be elementor-widget elementor-widget-heading\" data-id=\"38267be\" data-element_type=\"widget\" data-widget_type=\"heading.default\">\n\t\t\t\t<div class=\"elementor-widget-container\">\n\t\t\t<style>\/*! elementor - v3.13.3 - 28-05-2023 *\/\n.elementor-heading-title{padding:0;margin:0;line-height:1}.elementor-widget-heading .elementor-heading-title[class*=elementor-size-]>a{color:inherit;font-size:inherit;line-height:inherit}.elementor-widget-heading .elementor-heading-title.elementor-size-small{font-size:15px}.elementor-widget-heading .elementor-heading-title.elementor-size-medium{font-size:19px}.elementor-widget-heading .elementor-heading-title.elementor-size-large{font-size:29px}.elementor-widget-heading .elementor-heading-title.elementor-size-xl{font-size:39px}.elementor-widget-heading .elementor-heading-title.elementor-size-xxl{font-size:59px}<\/style><h1 class=\"elementor-heading-title elementor-size-default\">Material<br>Promocional<\/h1>\t\t<\/div>\n\t\t\t\t<\/div>\n\t\t\t\t\t<\/div>\n\t\t<\/div>\n\t\t\t\t\t\t\t<\/div>\n\t\t<\/section>\n\t\t\t\t<section class=\"elementor-section elementor-top-section elementor-element elementor-element-38c9913d elementor-section-full_width elementor-section-stretched elementor-section-height-default elementor-section-height-default\" data-id=\"38c9913d\" data-element_type=\"section\" data-settings=\"{&quot;stretch_section&quot;:&quot;section-stretched&quot;,&quot;background_background&quot;:&quot;classic&quot;}\">\n\t\t\t\t\t\t<div class=\"elementor-container elementor-column-gap-no\">\n\t\t\t\t\t<div class=\"elementor-column elementor-col-100 elementor-top-column elementor-element elementor-element-386d8395\" data-id=\"386d8395\" data-element_type=\"column\">\n\t\t\t<div class=\"elementor-widget-wrap elementor-element-populated\">\n\t\t\t\t\t\t\t\t<div class=\"elementor-element elementor-element-7f29c11b elementor-widget elementor-widget-heading\" data-id=\"7f29c11b\" data-element_type=\"widget\" data-widget_type=\"heading.default\">\n\t\t\t\t<div class=\"elementor-widget-container\">\n\t\t\t<h2 class=\"elementor-heading-title elementor-size-default\"><span style=\"color:#07804B;\">Logo<\/span> <span style=\"color:#8CC441;\">Pack<\/span> <\/h2>\t\t<\/div>\n\t\t\t\t<\/div>\n\t\t\t\t<section class=\"elementor-section elementor-inner-section elementor-element elementor-element-5ee77b5 elementor-section-boxed elementor-section-height-default elementor-section-height-default\" data-id=\"5ee77b5\" data-element_type=\"section\">\n\t\t\t\t\t\t<div class=\"elementor-container elementor-column-gap-default\">\n\t\t\t\t\t<div class=\"elementor-column elementor-col-50 elementor-inner-column elementor-element elementor-element-570946e\" data-id=\"570946e\" data-element_type=\"column\">\n\t\t\t<div class=\"elementor-widget-wrap elementor-element-populated\">\n\t\t\t\t\t\t\t\t<div class=\"elementor-element elementor-element-b44242e elementor-widget elementor-widget-image\" data-id=\"b44242e\" data-element_type=\"widget\" data-widget_type=\"image.default\">\n\t\t\t\t<div class=\"elementor-widget-container\">\n\t\t\t<style>\/*! elementor - v3.13.3 - 28-05-2023 *\/\n.elementor-widget-image{text-align:center}.elementor-widget-image a{display:inline-block}.elementor-widget-image a img[src$=\".svg\"]{width:48px}.elementor-widget-image img{vertical-align:middle;display:inline-block}<\/style>\t\t\t\t\t\t\t\t\t\t\t\t<img loading=\"lazy\" decoding=\"async\" width=\"1024\" height=\"683\" src=\"https:\/\/greenco-project.eu\/wp-content\/uploads\/2022\/11\/surface-97UNusNniMc-unsplash-1024x683.webp\" class=\"attachment-large size-large wp-image-2046\" alt=\"Computer\" srcset=\"https:\/\/greenco-project.eu\/wp-content\/uploads\/2022\/11\/surface-97UNusNniMc-unsplash-1024x683.webp 1024w, https:\/\/greenco-project.eu\/wp-content\/uploads\/2022\/11\/surface-97UNusNniMc-unsplash-300x200.webp 300w, https:\/\/greenco-project.eu\/wp-content\/uploads\/2022\/11\/surface-97UNusNniMc-unsplash-768x512.webp 768w, https:\/\/greenco-project.eu\/wp-content\/uploads\/2022\/11\/surface-97UNusNniMc-unsplash-1536x1024.webp 1536w, https:\/\/greenco-project.eu\/wp-content\/uploads\/2022\/11\/surface-97UNusNniMc-unsplash-2048x1365.webp 2048w\" sizes=\"auto, (max-width: 1024px) 100vw, 1024px\" \/>\t\t\t\t\t\t\t\t\t\t\t\t\t\t\t<\/div>\n\t\t\t\t<\/div>\n\t\t\t\t\t<\/div>\n\t\t<\/div>\n\t\t\t\t<div class=\"elementor-column elementor-col-50 elementor-inner-column elementor-element elementor-element-097c637\" data-id=\"097c637\" data-element_type=\"column\">\n\t\t\t<div class=\"elementor-widget-wrap elementor-element-populated\">\n\t\t\t\t\t\t\t\t<div class=\"elementor-element elementor-element-2049da6 elementor-widget elementor-widget-text-editor\" data-id=\"2049da6\" data-element_type=\"widget\" data-widget_type=\"text-editor.default\">\n\t\t\t\t<div class=\"elementor-widget-container\">\n\t\t\t<style>\/*! elementor - v3.13.3 - 28-05-2023 *\/\n.elementor-widget-text-editor.elementor-drop-cap-view-stacked .elementor-drop-cap{background-color:#69727d;color:#fff}.elementor-widget-text-editor.elementor-drop-cap-view-framed .elementor-drop-cap{color:#69727d;border:3px solid;background-color:transparent}.elementor-widget-text-editor:not(.elementor-drop-cap-view-default) .elementor-drop-cap{margin-top:8px}.elementor-widget-text-editor:not(.elementor-drop-cap-view-default) .elementor-drop-cap-letter{width:1em;height:1em}.elementor-widget-text-editor .elementor-drop-cap{float:left;text-align:center;line-height:1;font-size:50px}.elementor-widget-text-editor .elementor-drop-cap-letter{display:inline-block}<\/style>\t\t\t\t\u00bfNecesita material gr\u00e1fico?\n\nDescarga nuestro pack con el logo oficial de GreenCo en diferentes formatos para comunicaci\u00f3n, notas de prensa, etc.\n\nHaga clic en el bot\u00f3n para obtener nuestro paquete.\t\t\t\t\t\t<\/div>\n\t\t\t\t<\/div>\n\t\t\t\t<div class=\"elementor-element elementor-element-7e0319b elementor-align-left elementor-widget elementor-widget-button\" data-id=\"7e0319b\" data-element_type=\"widget\" data-widget_type=\"button.default\">\n\t\t\t\t<div class=\"elementor-widget-container\">\n\t\t\t\t\t<div class=\"elementor-button-wrapper\">\n\t\t\t<a href=\"http:\/\/greenco-project.eu\/wp-content\/uploads\/2022\/12\/LogosTop.zip\" download=\"\" class=\"elementor-button-link elementor-button elementor-size-md\" role=\"button\">\n\t\t\t\t\t\t<span class=\"elementor-button-content-wrapper\">\n\t\t\t\t\t\t\t<span class=\"elementor-button-icon elementor-align-icon-right\">\n\t\t\t\t<i aria-hidden=\"true\" class=\"fas fa-chevron-down\"><\/i>\t\t\t<\/span>\n\t\t\t\t\t\t<span class=\"elementor-button-text\">GREENCO \u00a9<\/span>\n\t\t<\/span>\n\t\t\t\t\t<\/a>\n\t\t<\/div>\n\t\t\t\t<\/div>\n\t\t\t\t<\/div>\n\t\t\t\t\t<\/div>\n\t\t<\/div>\n\t\t\t\t\t\t\t<\/div>\n\t\t<\/section>\n\t\t\t\t\t<\/div>\n\t\t<\/div>\n\t\t\t\t\t\t\t<\/div>\n\t\t<\/section>\n\t\t\t\t\t\t\t<\/div>\n\t\t","protected":false},"excerpt":{"rendered":"<p>MaterialPromocional Logo Pack \u00bfNecesita material gr\u00e1fico? Descarga nuestro pack con el logo oficial de GreenCo en diferentes formatos para comunicaci\u00f3n, notas de prensa, etc. Haga clic en el bot\u00f3n para obtener nuestro paquete. GREENCO \u00a9<\/p>\n","protected":false},"author":1,"featured_media":0,"parent":0,"menu_order":0,"comment_status":"closed","ping_status":"closed","template":"elementor_header_footer","meta":{"footnotes":""},"class_list":["post-2982","page","type-page","status-publish"],"yoast_head":"<!-- This site is optimized with the Yoast SEO plugin v19.13 - https:\/\/yoast.com\/wordpress\/plugins\/seo\/ -->\n<title>Material promocional - GreenCo<\/title>\n<meta name=\"robots\" content=\"index, follow, max-snippet:-1, max-image-preview:large, max-video-preview:-1\" \/>\n<link rel=\"canonical\" href=\"https:\/\/greenco-project.eu\/es\/material-promocional\/\" \/>\n<meta property=\"og:locale\" content=\"es_ES\" \/>\n<meta property=\"og:type\" content=\"article\" \/>\n<meta property=\"og:title\" content=\"Material promocional - GreenCo\" \/>\n<meta property=\"og:description\" content=\"MaterialPromocional Logo Pack \u00bfNecesita material gr\u00e1fico? Descarga nuestro pack con el logo oficial de GreenCo en diferentes formatos para comunicaci\u00f3n, notas de prensa, etc. Haga clic en el bot\u00f3n para obtener nuestro paquete. GREENCO \u00a9\" \/>\n<meta property=\"og:url\" content=\"https:\/\/greenco-project.eu\/es\/material-promocional\/\" \/>\n<meta property=\"og:site_name\" content=\"GreenCo\" \/>\n<meta property=\"article:modified_time\" content=\"2023-06-27T07:12:45+00:00\" \/>\n<meta property=\"og:image\" content=\"http:\/\/greenco-project.eu\/wp-content\/uploads\/2022\/11\/surface-97UNusNniMc-unsplash-1024x683.webp\" \/>\n<meta name=\"twitter:card\" content=\"summary_large_image\" \/>\n<meta name=\"twitter:label1\" content=\"Tiempo de lectura\" \/>\n\t<meta name=\"twitter:data1\" content=\"1 minuto\" \/>\n<script type=\"application\/ld+json\" class=\"yoast-schema-graph\">{\"@context\":\"https:\/\/schema.org\",\"@graph\":[{\"@type\":\"WebPage\",\"@id\":\"https:\/\/greenco-project.eu\/es\/material-promocional\/\",\"url\":\"https:\/\/greenco-project.eu\/es\/material-promocional\/\",\"name\":\"Material promocional - GreenCo\",\"isPartOf\":{\"@id\":\"https:\/\/greenco-project.eu\/es\/#website\"},\"datePublished\":\"2022-10-25T13:40:34+00:00\",\"dateModified\":\"2023-06-27T07:12:45+00:00\",\"breadcrumb\":{\"@id\":\"https:\/\/greenco-project.eu\/es\/material-promocional\/#breadcrumb\"},\"inLanguage\":\"es\",\"potentialAction\":[{\"@type\":\"ReadAction\",\"target\":[\"https:\/\/greenco-project.eu\/es\/material-promocional\/\"]}]},{\"@type\":\"BreadcrumbList\",\"@id\":\"https:\/\/greenco-project.eu\/es\/material-promocional\/#breadcrumb\",\"itemListElement\":[{\"@type\":\"ListItem\",\"position\":1,\"name\":\"Portada\",\"item\":\"https:\/\/greenco-project.eu\/es\/\"},{\"@type\":\"ListItem\",\"position\":2,\"name\":\"Material promocional\"}]},{\"@type\":\"WebSite\",\"@id\":\"https:\/\/greenco-project.eu\/es\/#website\",\"url\":\"https:\/\/greenco-project.eu\/es\/\",\"name\":\"GreenCo\",\"description\":\"Just another WordPress site\",\"publisher\":{\"@id\":\"https:\/\/greenco-project.eu\/es\/#organization\"},\"potentialAction\":[{\"@type\":\"SearchAction\",\"target\":{\"@type\":\"EntryPoint\",\"urlTemplate\":\"https:\/\/greenco-project.eu\/es\/?s={search_term_string}\"},\"query-input\":\"required name=search_term_string\"}],\"inLanguage\":\"es\"},{\"@type\":\"Organization\",\"@id\":\"https:\/\/greenco-project.eu\/es\/#organization\",\"name\":\"GreenCo\",\"url\":\"https:\/\/greenco-project.eu\/es\/\",\"logo\":{\"@type\":\"ImageObject\",\"inLanguage\":\"es\",\"@id\":\"https:\/\/greenco-project.eu\/es\/#\/schema\/logo\/image\/\",\"url\":\"https:\/\/greenco-project.eu\/wp-content\/uploads\/2022\/12\/LogosTop.svg\",\"contentUrl\":\"https:\/\/greenco-project.eu\/wp-content\/uploads\/2022\/12\/LogosTop.svg\",\"width\":682,\"height\":86,\"caption\":\"GreenCo\"},\"image\":{\"@id\":\"https:\/\/greenco-project.eu\/es\/#\/schema\/logo\/image\/\"}}]}<\/script>\n<!-- \/ Yoast SEO plugin. -->","yoast_head_json":{"title":"Material promocional - GreenCo","robots":{"index":"index","follow":"follow","max-snippet":"max-snippet:-1","max-image-preview":"max-image-preview:large","max-video-preview":"max-video-preview:-1"},"canonical":"https:\/\/greenco-project.eu\/es\/material-promocional\/","og_locale":"es_ES","og_type":"article","og_title":"Material promocional - GreenCo","og_description":"MaterialPromocional Logo Pack \u00bfNecesita material gr\u00e1fico? Descarga nuestro pack con el logo oficial de GreenCo en diferentes formatos para comunicaci\u00f3n, notas de prensa, etc. Haga clic en el bot\u00f3n para obtener nuestro paquete. GREENCO \u00a9","og_url":"https:\/\/greenco-project.eu\/es\/material-promocional\/","og_site_name":"GreenCo","article_modified_time":"2023-06-27T07:12:45+00:00","og_image":[{"url":"http:\/\/greenco-project.eu\/wp-content\/uploads\/2022\/11\/surface-97UNusNniMc-unsplash-1024x683.webp"}],"twitter_card":"summary_large_image","twitter_misc":{"Tiempo de lectura":"1 minuto"},"schema":{"@context":"https:\/\/schema.org","@graph":[{"@type":"WebPage","@id":"https:\/\/greenco-project.eu\/es\/material-promocional\/","url":"https:\/\/greenco-project.eu\/es\/material-promocional\/","name":"Material promocional - GreenCo","isPartOf":{"@id":"https:\/\/greenco-project.eu\/es\/#website"},"datePublished":"2022-10-25T13:40:34+00:00","dateModified":"2023-06-27T07:12:45+00:00","breadcrumb":{"@id":"https:\/\/greenco-project.eu\/es\/material-promocional\/#breadcrumb"},"inLanguage":"es","potentialAction":[{"@type":"ReadAction","target":["https:\/\/greenco-project.eu\/es\/material-promocional\/"]}]},{"@type":"BreadcrumbList","@id":"https:\/\/greenco-project.eu\/es\/material-promocional\/#breadcrumb","itemListElement":[{"@type":"ListItem","position":1,"name":"Portada","item":"https:\/\/greenco-project.eu\/es\/"},{"@type":"ListItem","position":2,"name":"Material promocional"}]},{"@type":"WebSite","@id":"https:\/\/greenco-project.eu\/es\/#website","url":"https:\/\/greenco-project.eu\/es\/","name":"GreenCo","description":"Just another WordPress site","publisher":{"@id":"https:\/\/greenco-project.eu\/es\/#organization"},"potentialAction":[{"@type":"SearchAction","target":{"@type":"EntryPoint","urlTemplate":"https:\/\/greenco-project.eu\/es\/?s={search_term_string}"},"query-input":"required name=search_term_string"}],"inLanguage":"es"},{"@type":"Organization","@id":"https:\/\/greenco-project.eu\/es\/#organization","name":"GreenCo","url":"https:\/\/greenco-project.eu\/es\/","logo":{"@type":"ImageObject","inLanguage":"es","@id":"https:\/\/greenco-project.eu\/es\/#\/schema\/logo\/image\/","url":"https:\/\/greenco-project.eu\/wp-content\/uploads\/2022\/12\/LogosTop.svg","contentUrl":"https:\/\/greenco-project.eu\/wp-content\/uploads\/2022\/12\/LogosTop.svg","width":682,"height":86,"caption":"GreenCo"},"image":{"@id":"https:\/\/greenco-project.eu\/es\/#\/schema\/logo\/image\/"}}]}},"_links":{"self":[{"href":"https:\/\/greenco-project.eu\/es\/wp-json\/wp\/v2\/pages\/2982","targetHints":{"allow":["GET"]}}],"collection":[{"href":"https:\/\/greenco-project.eu\/es\/wp-json\/wp\/v2\/pages"}],"about":[{"href":"https:\/\/greenco-project.eu\/es\/wp-json\/wp\/v2\/types\/page"}],"author":[{"embeddable":true,"href":"https:\/\/greenco-project.eu\/es\/wp-json\/wp\/v2\/users\/1"}],"replies":[{"embeddable":true,"href":"https:\/\/greenco-project.eu\/es\/wp-json\/wp\/v2\/comments?post=2982"}],"version-history":[{"count":10,"href":"https:\/\/greenco-project.eu\/es\/wp-json\/wp\/v2\/pages\/2982\/revisions"}],"predecessor-version":[{"id":4790,"href":"https:\/\/greenco-project.eu\/es\/wp-json\/wp\/v2\/pages\/2982\/revisions\/4790"}],"wp:attachment":[{"href":"https:\/\/greenco-project.eu\/es\/wp-json\/wp\/v2\/media?parent=2982"}],"curies":[{"name":"wp","href":"https:\/\/api.w.org\/{rel}","templated":true}]}}